{"id":7659,"date":"2019-06-21T07:33:41","date_gmt":"2019-06-21T05:33:41","guid":{"rendered":"http:\/\/dg3of.de\/?page_id=7659"},"modified":"2019-06-21T07:34:16","modified_gmt":"2019-06-21T05:34:16","slug":"sicherung","status":"publish","type":"page","link":"http:\/\/dg3of.de\/?page_id=7659","title":{"rendered":"Sicherung"},"content":{"rendered":"<h2 class=\"entry-title\">Willkommen<\/h2>\n<div class=\"entry-content\">\n<p><a href=\"http:\/\/bastion-hoffnung.de\/wp-content\/uploads\/2012\/10\/Fotolia_25996526_XS.jpg\"><img loading=\"lazy\" decoding=\"async\" class=\"alignright size-medium wp-image-1583\" src=\"http:\/\/bastion-hoffnung.de\/wp-content\/uploads\/2012\/10\/Fotolia_25996526_XS-300x200.jpg\" alt=\"Man jump\" width=\"300\" height=\"200\" \/><\/a>Die Guttempler-Gemeinschaft Bastion Hoffnung in Nienburg (Weser) ist den Selbsthilfegruppen zuzuordnen und spielt eine wichtige Rolle f\u00fcr die \u00dcberwindung von Problemen, die mit Alkohol oder anderen Suchtmitteln in Verbindung stehen.\u00a0Bei unseren Gemeinschaftsabende k\u00f6nnen sich Betroffene und Angeh\u00f6rige gemeinsam \u00fcber diese Problematiken auseinandersetzen.<\/p>\n<div id=\"txt_55\">\n<p><strong>Gemeinschaftsabend<\/strong><\/p>\n<\/div>\n<div id=\"txt_56\">\n<p>Jeden Mittwoch, von 20:00 Uhr bis 22:00 Uhr<br \/>\nGemeindehaus der St. Michaelkirche,<br \/>\nMartinsheidestra\u00dfe 8, 31582 Nienburg<\/p>\n<p>Telefon: 05021 \u2013 925596 \u00a0 (Gerhard Kulawenski)<br \/>\nTelefon: 04254 \u2013 8462 \u00a0 \u00a0 \u00a0 (Gertrud Schardt) \u00a0 \u00a0 \u00a0 \u00a0 \u00a0 \u00a0 \u00a0 \u00a0 \u00a0 \u00a0 \u00a0 \u00a0 \u00a0 \u00a0 \u00a0 \u00a0 \u00a0 \u00a0 \u00a0 Telefon: 0152-22926604 \u00a0 (Petra Rauer)<br \/>\nTelefon: 0173-4106302 \u00a0 \u00a0 \u00a0(Norbert Siemering)<br \/>\nTelefon: 05021-66765 \u00a0 \u00a0 \u00a0 \u00a0(Joachim Peckart)<\/p>\n<\/div>\n<p><a href=\"http:\/\/bastion-hoffnung.de\/wp-content\/uploads\/2012\/10\/Fotolia_53914090_XS.jpg\"><img loading=\"lazy\" decoding=\"async\" class=\"size-medium wp-image-1588 alignleft\" src=\"http:\/\/bastion-hoffnung.de\/wp-content\/uploads\/2012\/10\/Fotolia_53914090_XS-300x200.jpg\" alt=\"Trusted partnership\" width=\"300\" height=\"200\" \/><\/a>Die Teilnahme an den Gemeinschafts-abenden kann selbstverst\u00e4ndlich auch ohne telefonische Anmeldung erfolgen. Einzel- oder Vorgespr\u00e4che k\u00f6nnen ab 19:30 Uhr statt finden. In der Gruppe finden Sie dann Menschen, die zuh\u00f6ren, antworten und Sie so annehmen, wie Sie sind.\u00a0Hier\u00a0geben sich die Teilnehmer gegenseitige Hilfe, Mut und Anregungen f\u00fcr eine zufriedene Abstinenz.<\/p>\n<p><a href=\"http:\/\/bastion-hoffnung.de\/wp-content\/uploads\/2012\/10\/Fotolia_60439715_XS.jpg\"><img loading=\"lazy\" decoding=\"async\" class=\"alignright size-medium wp-image-1585\" src=\"http:\/\/bastion-hoffnung.de\/wp-content\/uploads\/2012\/10\/Fotolia_60439715_XS-300x200.jpg\" alt=\"Hands Lying On Each Other\" width=\"300\" height=\"200\" \/><\/a>Alle Teilnehmenden k\u00f6nnen alles in die Gespr\u00e4che einbringen, was sie gerade bedr\u00fcckt, wo sie Schwierigkeiten haben oder was sie besonders erfreut.Wir haben keine Rezepte oder Patente gegen die Alkohol-abh\u00e4ngigkeit, aber wir haben gelernt, dass wir durch Zuwendung und Gespr\u00e4che neue Kraft f\u00fcr unser Leben gewinnen.<\/p>\n<p><a href=\"http:\/\/bastion-hoffnung.de\/wp-content\/uploads\/2012\/10\/Fotolia_4665940_XS.jpg\"><img loading=\"lazy\" decoding=\"async\" class=\"alignleft size-medium wp-image-1590\" src=\"http:\/\/bastion-hoffnung.de\/wp-content\/uploads\/2012\/10\/Fotolia_4665940_XS-300x184.jpg\" alt=\"business team work\" width=\"300\" height=\"184\" \/><\/a>Eine zufriedene Abstinenz ist das Ziel aller Teilnehmer. \u00dcber das Gruppengeschehen, die Gespr\u00e4che und den Beteiligten besteht eine \u00a0Schweigepflicht. In einer entspannten Atmosph\u00e4re wird \u00fcber die Bew\u00e4ltigung der Suchterkrankung, die Vermeidung von R\u00fcckf\u00e4llen und die Problematik bei Co-Abh\u00e4ngigem Verhalten gesprochen.<\/p>\n<p>Unsere ehrenamtlichen Angebote sind kostenlos und bestehen aus der Beratung bei Alkoholmissbrauch oder -abh\u00e4ngigkeit sowie die Selbsthilfe und Hilfe zur Selbsthilfe durch Information, Einzel- oder Gruppengespr\u00e4che sowie Freizeit- und Bildungs-veranstaltungen.<\/p>\n<p><a href=\"http:\/\/bastion-hoffnung.de\/wp-content\/uploads\/2012\/10\/Logo-1.gif\"><img loading=\"lazy\" decoding=\"async\" class=\"size-full wp-image-906 alignright\" title=\"Logo 1\" src=\"http:\/\/bastion-hoffnung.de\/wp-content\/uploads\/2012\/10\/Logo-1.gif\" alt=\"\" width=\"162\" height=\"162\" \/><\/a>Der Deutsche Guttempler-Orden (IOGT) geh\u00f6rt zu keiner Konfession oder sonstigen Glaubensgemeinschaft. Einige \u00e4ltere Begriffe, die Sie vielleicht hier lesen oder im Gemeinschaftsabend h\u00f6ren, sind aus dem \u00fcber 160-j\u00e4hrigen Bestehen dieser Abstinenzorganisation erhalten geblieben.<\/p>\n<p>Zum Download:\u00a0<a title=\"Flyer der Guttempler-Gemeinschaft Bastion Hoffnung\" href=\"http:\/\/bastion-hoffnung.de\/wp-content\/uploads\/2015\/08\/Flyer-Bastion-Hofnung.pdf\" target=\"_blank\" rel=\"noopener\">Flyer der Gemeinschaft Bastion Hoffnung<\/a><\/p>\n<p>Zum Video: <a href=\"http:\/\/www.hls-online.org\/fileadmin\/video\/HLS_Selbsthilfegruppe_V08.mp4\" target=\"_blank\" rel=\"noopener\">Suchtselbsthilfe<\/a>\u00a0(Mit freundlicher Genehmigung der Hessischen Landesstelle f\u00fcr Suchtfragen e.V. (HLS)\u00a0\u00a9 Hessische Landesstelle f\u00fcr Suchtfragen e.V. (HLS))<\/p>\n<p>Wir w\u00fcnschen Ihnen viel Spass beim Durchst\u00f6bern der nachfolgenden Informationen.<\/p>\n<p><a href=\"http:\/\/bastion-hoffnung.de\/#\">Nach oben<\/a><\/p>\n<\/div>\n","protected":false},"excerpt":{"rendered":"<p>Willkommen Die Guttempler-Gemeinschaft Bastion Hoffnung in Nienburg (Weser) ist den Selbsthilfegruppen zuzuordnen und spielt eine wichtige Rolle f\u00fcr die \u00dcberwindung von Problemen, die mit Alkohol oder anderen Suchtmitteln in Verbindung stehen.\u00a0Bei unseren Gemeinschaftsabende k\u00f6nnen sich Betroffene und Angeh\u00f6rige gemeinsam \u00fcber &hellip; <a href=\"http:\/\/dg3of.de\/?page_id=7659\">Weiterlesen <span class=\"meta-nav\">&rarr;<\/span><\/a><\/p>\n","protected":false},"author":1,"featured_media":0,"parent":0,"menu_order":9,"comment_status":"closed","ping_status":"closed","template":"","meta":{"footnotes":""},"class_list":["post-7659","page","type-page","status-publish","hentry"],"_links":{"self":[{"href":"http:\/\/dg3of.de\/index.php?rest_route=\/wp\/v2\/pages\/7659","targetHints":{"allow":["GET"]}}],"collection":[{"href":"http:\/\/dg3of.de\/index.php?rest_route=\/wp\/v2\/pages"}],"about":[{"href":"http:\/\/dg3of.de\/index.php?rest_route=\/wp\/v2\/types\/page"}],"author":[{"embeddable":true,"href":"http:\/\/dg3of.de\/index.php?rest_route=\/wp\/v2\/users\/1"}],"replies":[{"embeddable":true,"href":"http:\/\/dg3of.de\/index.php?rest_route=%2Fwp%2Fv2%2Fcomments&post=7659"}],"version-history":[{"count":2,"href":"http:\/\/dg3of.de\/index.php?rest_route=\/wp\/v2\/pages\/7659\/revisions"}],"predecessor-version":[{"id":7661,"href":"http:\/\/dg3of.de\/index.php?rest_route=\/wp\/v2\/pages\/7659\/revisions\/7661"}],"wp:attachment":[{"href":"http:\/\/dg3of.de\/index.php?rest_route=%2Fwp%2Fv2%2Fmedia&parent=7659"}],"curies":[{"name":"wp","href":"https:\/\/api.w.org\/{rel}","templated":true}]}}