{"id":672,"date":"2017-03-29T06:43:59","date_gmt":"2017-03-29T04:43:59","guid":{"rendered":"http:\/\/dg3of.de\/?page_id=672"},"modified":"2017-04-19T08:00:40","modified_gmt":"2017-04-19T06:00:40","slug":"58800-bf-rahden-westf","status":"publish","type":"page","link":"http:\/\/dg3of.de\/?page_id=672","title":{"rendered":"58,800 &#8211; Bf Rahden (Westf)"},"content":{"rendered":"<p><a href=\"http:\/\/dg3of.de\/wp-content\/uploads\/2017\/03\/Rahden.png\"><img loading=\"lazy\" decoding=\"async\" class=\"alignright wp-image-3436 size-full\" src=\"http:\/\/dg3of.de\/wp-content\/uploads\/2017\/03\/Rahden.png\" alt=\"\" width=\"701\" height=\"496\" srcset=\"http:\/\/dg3of.de\/wp-content\/uploads\/2017\/03\/Rahden.png 701w, http:\/\/dg3of.de\/wp-content\/uploads\/2017\/03\/Rahden-300x212.png 300w\" sizes=\"auto, (max-width: 701px) 100vw, 701px\" \/><\/a><\/p>\n<p>Kartenauszug\u00a0<a href=\"http:\/\/www.openrailwaymap.org\/mobile.php?searchquery=&amp;lang=de\" target=\"_blank\">OpenRailwayMap<\/a>\u00a0&#8211;\u00a0\u00dcbersicht <a href=\"http:\/\/dg3of.de\/?page_id=375\">Strecke 1743<\/a><\/p>\n<p><a href=\"http:\/\/dg3of.de\/wp-content\/uploads\/2017\/03\/01-Rahden.jpg\"><img loading=\"lazy\" decoding=\"async\" class=\"alignnone size-full wp-image-1327\" src=\"http:\/\/dg3of.de\/wp-content\/uploads\/2017\/03\/01-Rahden.jpg\" alt=\"\" width=\"1124\" height=\"785\" srcset=\"http:\/\/dg3of.de\/wp-content\/uploads\/2017\/03\/01-Rahden.jpg 1124w, http:\/\/dg3of.de\/wp-content\/uploads\/2017\/03\/01-Rahden-300x210.jpg 300w, http:\/\/dg3of.de\/wp-content\/uploads\/2017\/03\/01-Rahden-768x536.jpg 768w, http:\/\/dg3of.de\/wp-content\/uploads\/2017\/03\/01-Rahden-1024x715.jpg 1024w\" sizes=\"auto, (max-width: 1124px) 100vw, 1124px\" \/><\/a><\/p>\n<p>Kartenauszug TK 1:25000 (Reichsamt f\u00fcr Landesvermessung 1945)<\/p>\n<p><a href=\"http:\/\/dg3of.de\/wp-content\/uploads\/2017\/03\/Rahden-Bf-Lageplan-Bahn.jpg\"><img loading=\"lazy\" decoding=\"async\" class=\"alignleft size-full wp-image-1002\" src=\"http:\/\/dg3of.de\/wp-content\/uploads\/2017\/03\/Rahden-Bf-Lageplan-Bahn.jpg\" alt=\"\" width=\"1280\" height=\"796\" srcset=\"http:\/\/dg3of.de\/wp-content\/uploads\/2017\/03\/Rahden-Bf-Lageplan-Bahn.jpg 1280w, http:\/\/dg3of.de\/wp-content\/uploads\/2017\/03\/Rahden-Bf-Lageplan-Bahn-300x187.jpg 300w, http:\/\/dg3of.de\/wp-content\/uploads\/2017\/03\/Rahden-Bf-Lageplan-Bahn-768x478.jpg 768w, http:\/\/dg3of.de\/wp-content\/uploads\/2017\/03\/Rahden-Bf-Lageplan-Bahn-1024x637.jpg 1024w\" sizes=\"auto, (max-width: 1280px) 100vw, 1280px\" \/><\/a><\/p>\n<p>Lageplan, Zustand 1954<\/p>\n<p><a href=\"http:\/\/dg3of.de\/wp-content\/uploads\/2017\/03\/33000-Bf-Rahden01.jpg\"><img loading=\"lazy\" decoding=\"async\" class=\"alignnone size-full wp-image-1324\" src=\"http:\/\/dg3of.de\/wp-content\/uploads\/2017\/03\/33000-Bf-Rahden01.jpg\" alt=\"\" width=\"1280\" height=\"720\" srcset=\"http:\/\/dg3of.de\/wp-content\/uploads\/2017\/03\/33000-Bf-Rahden01.jpg 1280w, http:\/\/dg3of.de\/wp-content\/uploads\/2017\/03\/33000-Bf-Rahden01-300x169.jpg 300w, http:\/\/dg3of.de\/wp-content\/uploads\/2017\/03\/33000-Bf-Rahden01-768x432.jpg 768w, http:\/\/dg3of.de\/wp-content\/uploads\/2017\/03\/33000-Bf-Rahden01-1024x576.jpg 1024w\" sizes=\"auto, (max-width: 1280px) 100vw, 1280px\" \/><\/a><\/p>\n<p>Bf Rahden &#8211; Stra\u00dfenseite (2013)<\/p>\n<p><a href=\"http:\/\/dg3of.de\/wp-content\/uploads\/2017\/03\/58790-Rahden-Stw-Rmf.jpg\"><img loading=\"lazy\" decoding=\"async\" class=\"alignright wp-image-3441 size-large\" src=\"http:\/\/dg3of.de\/wp-content\/uploads\/2017\/03\/58790-Rahden-Stw-Rmf-1024x667.jpg\" alt=\"\" width=\"640\" height=\"417\" srcset=\"http:\/\/dg3of.de\/wp-content\/uploads\/2017\/03\/58790-Rahden-Stw-Rmf-1024x667.jpg 1024w, http:\/\/dg3of.de\/wp-content\/uploads\/2017\/03\/58790-Rahden-Stw-Rmf-300x195.jpg 300w, http:\/\/dg3of.de\/wp-content\/uploads\/2017\/03\/58790-Rahden-Stw-Rmf-768x500.jpg 768w\" sizes=\"auto, (max-width: 640px) 100vw, 640px\" \/><\/a><\/p>\n<p>Stellwerk Rmf<\/p>\n<ul>\n<li>&lt;&lt;&lt; <a href=\"http:\/\/dg3of.de\/?page_id=670\">54,700 &#8211; Bf Tonnenheide<\/a><\/li>\n<\/ul>\n<p><a href=\"#\">Nach oben<\/a><\/p>\n","protected":false},"excerpt":{"rendered":"<p>Kartenauszug\u00a0OpenRailwayMap\u00a0&#8211;\u00a0\u00dcbersicht Strecke 1743 Kartenauszug TK 1:25000 (Reichsamt f\u00fcr Landesvermessung 1945) Lageplan, Zustand 1954 Bf Rahden &#8211; Stra\u00dfenseite (2013) Stellwerk Rmf &lt;&lt;&lt; 54,700 &#8211; Bf Tonnenheide Nach oben<\/p>\n","protected":false},"author":1,"featured_media":0,"parent":375,"menu_order":0,"comment_status":"closed","ping_status":"closed","template":"","meta":{"footnotes":""},"class_list":["post-672","page","type-page","status-publish","hentry"],"_links":{"self":[{"href":"http:\/\/dg3of.de\/index.php?rest_route=\/wp\/v2\/pages\/672","targetHints":{"allow":["GET"]}}],"collection":[{"href":"http:\/\/dg3of.de\/index.php?rest_route=\/wp\/v2\/pages"}],"about":[{"href":"http:\/\/dg3of.de\/index.php?rest_route=\/wp\/v2\/types\/page"}],"author":[{"embeddable":true,"href":"http:\/\/dg3of.de\/index.php?rest_route=\/wp\/v2\/users\/1"}],"replies":[{"embeddable":true,"href":"http:\/\/dg3of.de\/index.php?rest_route=%2Fwp%2Fv2%2Fcomments&post=672"}],"version-history":[{"count":12,"href":"http:\/\/dg3of.de\/index.php?rest_route=\/wp\/v2\/pages\/672\/revisions"}],"predecessor-version":[{"id":3492,"href":"http:\/\/dg3of.de\/index.php?rest_route=\/wp\/v2\/pages\/672\/revisions\/3492"}],"up":[{"embeddable":true,"href":"http:\/\/dg3of.de\/index.php?rest_route=\/wp\/v2\/pages\/375"}],"wp:attachment":[{"href":"http:\/\/dg3of.de\/index.php?rest_route=%2Fwp%2Fv2%2Fmedia&parent=672"}],"curies":[{"name":"wp","href":"https:\/\/api.w.org\/{rel}","templated":true}]}}