{"id":649,"date":"2017-03-29T06:38:20","date_gmt":"2017-03-29T04:38:20","guid":{"rendered":"http:\/\/dg3of.de\/?page_id=649"},"modified":"2017-10-13T06:59:43","modified_gmt":"2017-10-13T04:59:43","slug":"14800-bf-liebenau-han","status":"publish","type":"page","link":"http:\/\/dg3of.de\/?page_id=649","title":{"rendered":"14,800 &#8211; Bf Liebenau (Han)"},"content":{"rendered":"<p><a href=\"http:\/\/dg3of.de\/wp-content\/uploads\/2017\/03\/Liebenau.png\"><img loading=\"lazy\" decoding=\"async\" class=\"alignright wp-image-3336 size-large\" src=\"http:\/\/dg3of.de\/wp-content\/uploads\/2017\/03\/Liebenau-1024x676.png\" alt=\"\" width=\"640\" height=\"423\" srcset=\"http:\/\/dg3of.de\/wp-content\/uploads\/2017\/03\/Liebenau-1024x676.png 1024w, http:\/\/dg3of.de\/wp-content\/uploads\/2017\/03\/Liebenau-300x198.png 300w, http:\/\/dg3of.de\/wp-content\/uploads\/2017\/03\/Liebenau-768x507.png 768w, http:\/\/dg3of.de\/wp-content\/uploads\/2017\/03\/Liebenau.png 1178w\" sizes=\"auto, (max-width: 640px) 100vw, 640px\" \/><\/a><\/p>\n<p>Kartenauszug\u00a0<a href=\"http:\/\/www.openrailwaymap.org\/mobile.php?searchquery=&amp;lang=de\" target=\"_blank\" rel=\"noopener\">OpenRailwayMap<\/a>\u00a0&#8211;\u00a0\u00dcbersicht <a href=\"http:\/\/dg3of.de\/?page_id=375\">Strecke 1743<\/a><\/p>\n<p><a href=\"http:\/\/dg3of.de\/wp-content\/uploads\/2017\/03\/01-Eckhofer-Heide.jpg\"><img loading=\"lazy\" decoding=\"async\" class=\"alignleft size-full wp-image-1212\" src=\"http:\/\/dg3of.de\/wp-content\/uploads\/2017\/03\/01-Eckhofer-Heide.jpg\" alt=\"\" width=\"751\" height=\"726\" srcset=\"http:\/\/dg3of.de\/wp-content\/uploads\/2017\/03\/01-Eckhofer-Heide.jpg 751w, http:\/\/dg3of.de\/wp-content\/uploads\/2017\/03\/01-Eckhofer-Heide-300x290.jpg 300w\" sizes=\"auto, (max-width: 751px) 100vw, 751px\" \/><\/a><\/p>\n<p>Kartenauszug TK 1:25000 (Reichsamt f\u00fcr Landesvermessung 1945)<\/p>\n<p><a href=\"http:\/\/dg3of.de\/wp-content\/uploads\/2017\/03\/Liebenau-Han-Bf-Lageplan-1954.jpg\"><img loading=\"lazy\" decoding=\"async\" class=\"alignleft size-full wp-image-952\" src=\"http:\/\/dg3of.de\/wp-content\/uploads\/2017\/03\/Liebenau-Han-Bf-Lageplan-1954.jpg\" alt=\"\" width=\"1677\" height=\"714\" srcset=\"http:\/\/dg3of.de\/wp-content\/uploads\/2017\/03\/Liebenau-Han-Bf-Lageplan-1954.jpg 1677w, http:\/\/dg3of.de\/wp-content\/uploads\/2017\/03\/Liebenau-Han-Bf-Lageplan-1954-300x128.jpg 300w, http:\/\/dg3of.de\/wp-content\/uploads\/2017\/03\/Liebenau-Han-Bf-Lageplan-1954-768x327.jpg 768w, http:\/\/dg3of.de\/wp-content\/uploads\/2017\/03\/Liebenau-Han-Bf-Lageplan-1954-1024x436.jpg 1024w\" sizes=\"auto, (max-width: 1677px) 100vw, 1677px\" \/><\/a><\/p>\n<p>Lageplan, Zustand 1954<\/p>\n<p><a href=\"http:\/\/dg3of.de\/wp-content\/uploads\/2017\/03\/Liebenau-Han-Bf-Lageplan-1968.jpg\"><img loading=\"lazy\" decoding=\"async\" class=\"alignleft size-full wp-image-954\" src=\"http:\/\/dg3of.de\/wp-content\/uploads\/2017\/03\/Liebenau-Han-Bf-Lageplan-1968.jpg\" alt=\"\" width=\"1600\" height=\"866\" srcset=\"http:\/\/dg3of.de\/wp-content\/uploads\/2017\/03\/Liebenau-Han-Bf-Lageplan-1968.jpg 1600w, http:\/\/dg3of.de\/wp-content\/uploads\/2017\/03\/Liebenau-Han-Bf-Lageplan-1968-300x162.jpg 300w, http:\/\/dg3of.de\/wp-content\/uploads\/2017\/03\/Liebenau-Han-Bf-Lageplan-1968-768x416.jpg 768w, http:\/\/dg3of.de\/wp-content\/uploads\/2017\/03\/Liebenau-Han-Bf-Lageplan-1968-1024x554.jpg 1024w\" sizes=\"auto, (max-width: 1600px) 100vw, 1600px\" \/><\/a><\/p>\n<p>Lageplan, Zustand 1968<\/p>\n<p><a href=\"http:\/\/dg3of.de\/wp-content\/uploads\/2017\/03\/17750-Bf-Liebenau1930_g.jpg\"><img loading=\"lazy\" decoding=\"async\" class=\"alignnone size-full wp-image-2006\" src=\"http:\/\/dg3of.de\/wp-content\/uploads\/2017\/03\/17750-Bf-Liebenau1930_g.jpg\" alt=\"\" width=\"1100\" height=\"820\" srcset=\"http:\/\/dg3of.de\/wp-content\/uploads\/2017\/03\/17750-Bf-Liebenau1930_g.jpg 1100w, http:\/\/dg3of.de\/wp-content\/uploads\/2017\/03\/17750-Bf-Liebenau1930_g-300x224.jpg 300w, http:\/\/dg3of.de\/wp-content\/uploads\/2017\/03\/17750-Bf-Liebenau1930_g-768x573.jpg 768w, http:\/\/dg3of.de\/wp-content\/uploads\/2017\/03\/17750-Bf-Liebenau1930_g-1024x763.jpg 1024w\" sizes=\"auto, (max-width: 1100px) 100vw, 1100px\" \/><\/a><\/p>\n<p>Bf Liebenau um 1910<\/p>\n<table>\n<tbody>\n<tr>\n<td><a href=\"http:\/\/dg3of.de\/wp-content\/uploads\/2017\/03\/13490-Gleis-Richtung-Lemke.jpg\"><img loading=\"lazy\" decoding=\"async\" class=\"alignleft size-large wp-image-5365\" src=\"http:\/\/dg3of.de\/wp-content\/uploads\/2017\/03\/13490-Gleis-Richtung-Lemke-1024x576.jpg\" alt=\"\" width=\"640\" height=\"360\" srcset=\"http:\/\/dg3of.de\/wp-content\/uploads\/2017\/03\/13490-Gleis-Richtung-Lemke-1024x576.jpg 1024w, http:\/\/dg3of.de\/wp-content\/uploads\/2017\/03\/13490-Gleis-Richtung-Lemke-300x169.jpg 300w, http:\/\/dg3of.de\/wp-content\/uploads\/2017\/03\/13490-Gleis-Richtung-Lemke-768x432.jpg 768w, http:\/\/dg3of.de\/wp-content\/uploads\/2017\/03\/13490-Gleis-Richtung-Lemke.jpg 1280w\" sizes=\"auto, (max-width: 640px) 100vw, 640px\" \/><\/a><\/td>\n<td><a href=\"http:\/\/dg3of.de\/wp-content\/uploads\/2017\/03\/13491-STBR.jpg\"><img loading=\"lazy\" decoding=\"async\" class=\"alignleft size-large wp-image-5366\" src=\"http:\/\/dg3of.de\/wp-content\/uploads\/2017\/03\/13491-STBR-1024x576.jpg\" alt=\"\" width=\"640\" height=\"360\" srcset=\"http:\/\/dg3of.de\/wp-content\/uploads\/2017\/03\/13491-STBR-1024x576.jpg 1024w, http:\/\/dg3of.de\/wp-content\/uploads\/2017\/03\/13491-STBR-300x169.jpg 300w, http:\/\/dg3of.de\/wp-content\/uploads\/2017\/03\/13491-STBR-768x432.jpg 768w, http:\/\/dg3of.de\/wp-content\/uploads\/2017\/03\/13491-STBR.jpg 1280w\" sizes=\"auto, (max-width: 640px) 100vw, 640px\" \/><\/a><\/td>\n<td><a href=\"http:\/\/dg3of.de\/wp-content\/uploads\/2017\/03\/13493-Gleis-Richtung-Liebenau.jpg\"><img loading=\"lazy\" decoding=\"async\" class=\"alignleft size-large wp-image-5367\" src=\"http:\/\/dg3of.de\/wp-content\/uploads\/2017\/03\/13493-Gleis-Richtung-Liebenau-1024x576.jpg\" alt=\"\" width=\"640\" height=\"360\" srcset=\"http:\/\/dg3of.de\/wp-content\/uploads\/2017\/03\/13493-Gleis-Richtung-Liebenau-1024x576.jpg 1024w, http:\/\/dg3of.de\/wp-content\/uploads\/2017\/03\/13493-Gleis-Richtung-Liebenau-300x169.jpg 300w, http:\/\/dg3of.de\/wp-content\/uploads\/2017\/03\/13493-Gleis-Richtung-Liebenau-768x432.jpg 768w, http:\/\/dg3of.de\/wp-content\/uploads\/2017\/03\/13493-Gleis-Richtung-Liebenau.jpg 1280w\" sizes=\"auto, (max-width: 640px) 100vw, 640px\" \/><\/a><\/td>\n<\/tr>\n<\/tbody>\n<\/table>\n<p>13,500 &#8211; STBR Arkenberg<\/p>\n<table>\n<tbody>\n<tr>\n<td><a href=\"http:\/\/dg3of.de\/wp-content\/uploads\/2017\/03\/13944-EBR-W-O.jpg\"><img loading=\"lazy\" decoding=\"async\" class=\"alignleft size-large wp-image-5362\" src=\"http:\/\/dg3of.de\/wp-content\/uploads\/2017\/03\/13944-EBR-W-O-1024x574.jpg\" alt=\"\" width=\"640\" height=\"359\" srcset=\"http:\/\/dg3of.de\/wp-content\/uploads\/2017\/03\/13944-EBR-W-O-1024x574.jpg 1024w, http:\/\/dg3of.de\/wp-content\/uploads\/2017\/03\/13944-EBR-W-O-300x168.jpg 300w, http:\/\/dg3of.de\/wp-content\/uploads\/2017\/03\/13944-EBR-W-O-768x431.jpg 768w, http:\/\/dg3of.de\/wp-content\/uploads\/2017\/03\/13944-EBR-W-O.jpg 1280w\" sizes=\"auto, (max-width: 640px) 100vw, 640px\" \/><\/a><\/td>\n<td><a href=\"http:\/\/dg3of.de\/wp-content\/uploads\/2017\/03\/13944-EBR-O-W.jpg\"><img loading=\"lazy\" decoding=\"async\" class=\"alignleft size-large wp-image-5363\" src=\"http:\/\/dg3of.de\/wp-content\/uploads\/2017\/03\/13944-EBR-O-W-1024x576.jpg\" alt=\"\" width=\"640\" height=\"360\" srcset=\"http:\/\/dg3of.de\/wp-content\/uploads\/2017\/03\/13944-EBR-O-W-1024x576.jpg 1024w, http:\/\/dg3of.de\/wp-content\/uploads\/2017\/03\/13944-EBR-O-W-300x169.jpg 300w, http:\/\/dg3of.de\/wp-content\/uploads\/2017\/03\/13944-EBR-O-W-768x432.jpg 768w, http:\/\/dg3of.de\/wp-content\/uploads\/2017\/03\/13944-EBR-O-W.jpg 1280w\" sizes=\"auto, (max-width: 640px) 100vw, 640px\" \/><\/a><\/td>\n<\/tr>\n<\/tbody>\n<\/table>\n<p>14,000 &#8211; EBR &#8211; Arkenberger Weg<\/p>\n<table>\n<tbody>\n<tr>\n<td><a href=\"http:\/\/dg3of.de\/wp-content\/uploads\/2017\/03\/14500-EBR-Liebenauer-Aue06.jpg\"><img loading=\"lazy\" decoding=\"async\" class=\"alignleft size-large wp-image-5369\" src=\"http:\/\/dg3of.de\/wp-content\/uploads\/2017\/03\/14500-EBR-Liebenauer-Aue06-1024x576.jpg\" alt=\"\" width=\"640\" height=\"360\" srcset=\"http:\/\/dg3of.de\/wp-content\/uploads\/2017\/03\/14500-EBR-Liebenauer-Aue06-1024x576.jpg 1024w, http:\/\/dg3of.de\/wp-content\/uploads\/2017\/03\/14500-EBR-Liebenauer-Aue06-300x169.jpg 300w, http:\/\/dg3of.de\/wp-content\/uploads\/2017\/03\/14500-EBR-Liebenauer-Aue06-768x432.jpg 768w, http:\/\/dg3of.de\/wp-content\/uploads\/2017\/03\/14500-EBR-Liebenauer-Aue06.jpg 1280w\" sizes=\"auto, (max-width: 640px) 100vw, 640px\" \/><\/a><\/td>\n<td><a href=\"http:\/\/dg3of.de\/wp-content\/uploads\/2017\/03\/14500-EBR-Liebenauer-Aue03.jpg\"><img loading=\"lazy\" decoding=\"async\" class=\"alignleft size-large wp-image-5370\" src=\"http:\/\/dg3of.de\/wp-content\/uploads\/2017\/03\/14500-EBR-Liebenauer-Aue03-1024x576.jpg\" alt=\"\" width=\"640\" height=\"360\" srcset=\"http:\/\/dg3of.de\/wp-content\/uploads\/2017\/03\/14500-EBR-Liebenauer-Aue03-1024x576.jpg 1024w, http:\/\/dg3of.de\/wp-content\/uploads\/2017\/03\/14500-EBR-Liebenauer-Aue03-300x169.jpg 300w, http:\/\/dg3of.de\/wp-content\/uploads\/2017\/03\/14500-EBR-Liebenauer-Aue03-768x432.jpg 768w, http:\/\/dg3of.de\/wp-content\/uploads\/2017\/03\/14500-EBR-Liebenauer-Aue03.jpg 1280w\" sizes=\"auto, (max-width: 640px) 100vw, 640px\" \/><\/a><\/td>\n<\/tr>\n<\/tbody>\n<\/table>\n<p>14,500 &#8211; Eisenbahnbr\u00fccke Liebenauer Aue<\/p>\n<table>\n<tbody>\n<tr>\n<td><a href=\"http:\/\/dg3of.de\/wp-content\/uploads\/2017\/03\/14585-Gleis-Ri-Lemke.jpg\"><img loading=\"lazy\" decoding=\"async\" class=\"alignleft size-large wp-image-5383\" src=\"http:\/\/dg3of.de\/wp-content\/uploads\/2017\/03\/14585-Gleis-Ri-Lemke-1024x577.jpg\" alt=\"\" width=\"640\" height=\"361\" srcset=\"http:\/\/dg3of.de\/wp-content\/uploads\/2017\/03\/14585-Gleis-Ri-Lemke-1024x577.jpg 1024w, http:\/\/dg3of.de\/wp-content\/uploads\/2017\/03\/14585-Gleis-Ri-Lemke-300x169.jpg 300w, http:\/\/dg3of.de\/wp-content\/uploads\/2017\/03\/14585-Gleis-Ri-Lemke-768x433.jpg 768w, http:\/\/dg3of.de\/wp-content\/uploads\/2017\/03\/14585-Gleis-Ri-Lemke.jpg 1280w\" sizes=\"auto, (max-width: 640px) 100vw, 640px\" \/><\/a><\/td>\n<td><a href=\"http:\/\/dg3of.de\/wp-content\/uploads\/2017\/03\/14586-B\u00dc-Bahnhofstra\u00dfe-O-W.jpg\"><img loading=\"lazy\" decoding=\"async\" class=\"alignleft size-large wp-image-5384\" src=\"http:\/\/dg3of.de\/wp-content\/uploads\/2017\/03\/14586-B\u00dc-Bahnhofstra\u00dfe-O-W-1024x576.jpg\" alt=\"\" width=\"640\" height=\"360\" srcset=\"http:\/\/dg3of.de\/wp-content\/uploads\/2017\/03\/14586-B\u00dc-Bahnhofstra\u00dfe-O-W-1024x576.jpg 1024w, http:\/\/dg3of.de\/wp-content\/uploads\/2017\/03\/14586-B\u00dc-Bahnhofstra\u00dfe-O-W-300x169.jpg 300w, http:\/\/dg3of.de\/wp-content\/uploads\/2017\/03\/14586-B\u00dc-Bahnhofstra\u00dfe-O-W-768x432.jpg 768w, http:\/\/dg3of.de\/wp-content\/uploads\/2017\/03\/14586-B\u00dc-Bahnhofstra\u00dfe-O-W.jpg 1280w\" sizes=\"auto, (max-width: 640px) 100vw, 640px\" \/><\/a><\/td>\n<\/tr>\n<\/tbody>\n<\/table>\n<p>14.585 &#8211; B\u00dc Bahnhofstra\u00dfe<\/p>\n<p><a href=\"http:\/\/dg3of.de\/wp-content\/uploads\/2017\/03\/14587-Bahnw\u00e4rterhaus-1.jpg\"><img loading=\"lazy\" decoding=\"async\" class=\"alignleft size-large wp-image-5375\" src=\"http:\/\/dg3of.de\/wp-content\/uploads\/2017\/03\/14587-Bahnw\u00e4rterhaus-1-1024x576.jpg\" alt=\"\" width=\"640\" height=\"360\" srcset=\"http:\/\/dg3of.de\/wp-content\/uploads\/2017\/03\/14587-Bahnw\u00e4rterhaus-1-1024x576.jpg 1024w, http:\/\/dg3of.de\/wp-content\/uploads\/2017\/03\/14587-Bahnw\u00e4rterhaus-1-300x169.jpg 300w, http:\/\/dg3of.de\/wp-content\/uploads\/2017\/03\/14587-Bahnw\u00e4rterhaus-1-768x432.jpg 768w, http:\/\/dg3of.de\/wp-content\/uploads\/2017\/03\/14587-Bahnw\u00e4rterhaus-1.jpg 1280w\" sizes=\"auto, (max-width: 640px) 100vw, 640px\" \/><\/a><br \/>\n14,700 &#8211; Bahnw\u00e4rterhaus<\/p>\n<table>\n<tbody>\n<tr>\n<td><a href=\"http:\/\/dg3of.de\/wp-content\/uploads\/2017\/03\/14587-Gleis-Ri-Liebenau.jpg\"><img loading=\"lazy\" decoding=\"async\" class=\"alignleft size-large wp-image-5377\" src=\"http:\/\/dg3of.de\/wp-content\/uploads\/2017\/03\/14587-Gleis-Ri-Liebenau-1024x576.jpg\" alt=\"\" width=\"640\" height=\"360\" srcset=\"http:\/\/dg3of.de\/wp-content\/uploads\/2017\/03\/14587-Gleis-Ri-Liebenau-1024x576.jpg 1024w, http:\/\/dg3of.de\/wp-content\/uploads\/2017\/03\/14587-Gleis-Ri-Liebenau-300x169.jpg 300w, http:\/\/dg3of.de\/wp-content\/uploads\/2017\/03\/14587-Gleis-Ri-Liebenau-768x432.jpg 768w, http:\/\/dg3of.de\/wp-content\/uploads\/2017\/03\/14587-Gleis-Ri-Liebenau.jpg 1280w\" sizes=\"auto, (max-width: 640px) 100vw, 640px\" \/><\/a><\/td>\n<td><a href=\"http:\/\/dg3of.de\/wp-content\/uploads\/2017\/03\/14599-Gleis-Richtung-Lemke.jpg\"><img loading=\"lazy\" decoding=\"async\" class=\"alignleft size-large wp-image-5378\" src=\"http:\/\/dg3of.de\/wp-content\/uploads\/2017\/03\/14599-Gleis-Richtung-Lemke-1024x576.jpg\" alt=\"\" width=\"640\" height=\"360\" srcset=\"http:\/\/dg3of.de\/wp-content\/uploads\/2017\/03\/14599-Gleis-Richtung-Lemke-1024x576.jpg 1024w, http:\/\/dg3of.de\/wp-content\/uploads\/2017\/03\/14599-Gleis-Richtung-Lemke-300x169.jpg 300w, http:\/\/dg3of.de\/wp-content\/uploads\/2017\/03\/14599-Gleis-Richtung-Lemke-768x432.jpg 768w, http:\/\/dg3of.de\/wp-content\/uploads\/2017\/03\/14599-Gleis-Richtung-Lemke.jpg 1280w\" sizes=\"auto, (max-width: 640px) 100vw, 640px\" \/><\/a><\/td>\n<\/tr>\n<\/tbody>\n<\/table>\n<p>14,700<\/p>\n<p><a href=\"http:\/\/dg3of.de\/wp-content\/uploads\/2017\/03\/14590-Bahnsteig-1.jpg\"><img loading=\"lazy\" decoding=\"async\" class=\"alignleft size-large wp-image-5380\" src=\"http:\/\/dg3of.de\/wp-content\/uploads\/2017\/03\/14590-Bahnsteig-1-1024x576.jpg\" alt=\"\" width=\"640\" height=\"360\" srcset=\"http:\/\/dg3of.de\/wp-content\/uploads\/2017\/03\/14590-Bahnsteig-1-1024x576.jpg 1024w, http:\/\/dg3of.de\/wp-content\/uploads\/2017\/03\/14590-Bahnsteig-1-300x169.jpg 300w, http:\/\/dg3of.de\/wp-content\/uploads\/2017\/03\/14590-Bahnsteig-1-768x432.jpg 768w, http:\/\/dg3of.de\/wp-content\/uploads\/2017\/03\/14590-Bahnsteig-1.jpg 1280w\" sizes=\"auto, (max-width: 640px) 100vw, 640px\" \/><\/a><\/p>\n<p>Bahnsteig<\/p>\n<p><a href=\"http:\/\/dg3of.de\/wp-content\/uploads\/2017\/03\/14595-Bf-Liebenau-EG-Gleisseite.jpg\"><img loading=\"lazy\" decoding=\"async\" class=\"alignleft wp-image-5373 size-large\" src=\"http:\/\/dg3of.de\/wp-content\/uploads\/2017\/03\/14595-Bf-Liebenau-EG-Gleisseite-1024x576.jpg\" alt=\"\" width=\"640\" height=\"360\" srcset=\"http:\/\/dg3of.de\/wp-content\/uploads\/2017\/03\/14595-Bf-Liebenau-EG-Gleisseite-1024x576.jpg 1024w, http:\/\/dg3of.de\/wp-content\/uploads\/2017\/03\/14595-Bf-Liebenau-EG-Gleisseite-300x169.jpg 300w, http:\/\/dg3of.de\/wp-content\/uploads\/2017\/03\/14595-Bf-Liebenau-EG-Gleisseite-768x432.jpg 768w, http:\/\/dg3of.de\/wp-content\/uploads\/2017\/03\/14595-Bf-Liebenau-EG-Gleisseite.jpg 1280w\" sizes=\"auto, (max-width: 640px) 100vw, 640px\" \/><\/a><\/p>\n<p>14,800 &#8211; Bf Liebenau (Han)<\/p>\n<p><a href=\"http:\/\/dg3of.de\/wp-content\/uploads\/2017\/03\/14596-Bf-Liebenau-EG-Gleisseite.jpg\"><img loading=\"lazy\" decoding=\"async\" class=\"alignleft size-large wp-image-5372\" src=\"http:\/\/dg3of.de\/wp-content\/uploads\/2017\/03\/14596-Bf-Liebenau-EG-Gleisseite-1024x576.jpg\" alt=\"\" width=\"640\" height=\"360\" srcset=\"http:\/\/dg3of.de\/wp-content\/uploads\/2017\/03\/14596-Bf-Liebenau-EG-Gleisseite-1024x576.jpg 1024w, http:\/\/dg3of.de\/wp-content\/uploads\/2017\/03\/14596-Bf-Liebenau-EG-Gleisseite-300x169.jpg 300w, http:\/\/dg3of.de\/wp-content\/uploads\/2017\/03\/14596-Bf-Liebenau-EG-Gleisseite-768x432.jpg 768w, http:\/\/dg3of.de\/wp-content\/uploads\/2017\/03\/14596-Bf-Liebenau-EG-Gleisseite.jpg 1280w\" sizes=\"auto, (max-width: 640px) 100vw, 640px\" \/><\/a><\/p>\n<p>14,800 &#8211; Bf Liebenau (Han), Stra\u00dfenseite<\/p>\n<p><a href=\"http:\/\/dg3of.de\/wp-content\/uploads\/2017\/03\/14750-Bf-Liebenau-Gleise-S\u00fcd-Nord.jpg\"><img loading=\"lazy\" decoding=\"async\" class=\"alignleft size-large wp-image-5396\" src=\"http:\/\/dg3of.de\/wp-content\/uploads\/2017\/03\/14750-Bf-Liebenau-Gleise-S\u00fcd-Nord-1024x577.jpg\" alt=\"\" width=\"640\" height=\"361\" srcset=\"http:\/\/dg3of.de\/wp-content\/uploads\/2017\/03\/14750-Bf-Liebenau-Gleise-S\u00fcd-Nord-1024x577.jpg 1024w, http:\/\/dg3of.de\/wp-content\/uploads\/2017\/03\/14750-Bf-Liebenau-Gleise-S\u00fcd-Nord-300x169.jpg 300w, http:\/\/dg3of.de\/wp-content\/uploads\/2017\/03\/14750-Bf-Liebenau-Gleise-S\u00fcd-Nord-768x433.jpg 768w, http:\/\/dg3of.de\/wp-content\/uploads\/2017\/03\/14750-Bf-Liebenau-Gleise-S\u00fcd-Nord.jpg 1278w\" sizes=\"auto, (max-width: 640px) 100vw, 640px\" \/><\/a><\/p>\n<p>Gleise aus Richtung Steyerberg<\/p>\n<p><a href=\"http:\/\/dg3of.de\/wp-content\/uploads\/2017\/03\/15301-Gleis-Richtung-Steyerberg-1.jpg\"><img loading=\"lazy\" decoding=\"async\" class=\"alignleft size-large wp-image-5400\" src=\"http:\/\/dg3of.de\/wp-content\/uploads\/2017\/03\/15301-Gleis-Richtung-Steyerberg-1-1024x578.jpg\" alt=\"\" width=\"640\" height=\"361\" srcset=\"http:\/\/dg3of.de\/wp-content\/uploads\/2017\/03\/15301-Gleis-Richtung-Steyerberg-1-1024x578.jpg 1024w, http:\/\/dg3of.de\/wp-content\/uploads\/2017\/03\/15301-Gleis-Richtung-Steyerberg-1-300x169.jpg 300w, http:\/\/dg3of.de\/wp-content\/uploads\/2017\/03\/15301-Gleis-Richtung-Steyerberg-1-768x434.jpg 768w, http:\/\/dg3of.de\/wp-content\/uploads\/2017\/03\/15301-Gleis-Richtung-Steyerberg-1.jpg 1279w\" sizes=\"auto, (max-width: 640px) 100vw, 640px\" \/><\/a><\/p>\n<p>Gleise Richtung Steyerberg<\/p>\n<table>\n<tbody>\n<tr>\n<td><a href=\"http:\/\/dg3of.de\/wp-content\/uploads\/2017\/03\/15400-B\u00dc-Hafenstra\u00dfe-W-O.jpg\"><img loading=\"lazy\" decoding=\"async\" class=\"alignleft size-large wp-image-5387\" src=\"http:\/\/dg3of.de\/wp-content\/uploads\/2017\/03\/15400-B\u00dc-Hafenstra\u00dfe-W-O-1024x576.jpg\" alt=\"\" width=\"640\" height=\"360\" srcset=\"http:\/\/dg3of.de\/wp-content\/uploads\/2017\/03\/15400-B\u00dc-Hafenstra\u00dfe-W-O-1024x576.jpg 1024w, http:\/\/dg3of.de\/wp-content\/uploads\/2017\/03\/15400-B\u00dc-Hafenstra\u00dfe-W-O-300x169.jpg 300w, http:\/\/dg3of.de\/wp-content\/uploads\/2017\/03\/15400-B\u00dc-Hafenstra\u00dfe-W-O-768x432.jpg 768w, http:\/\/dg3of.de\/wp-content\/uploads\/2017\/03\/15400-B\u00dc-Hafenstra\u00dfe-W-O.jpg 1280w\" sizes=\"auto, (max-width: 640px) 100vw, 640px\" \/><\/a><\/td>\n<td><a href=\"http:\/\/dg3of.de\/wp-content\/uploads\/2017\/03\/15400-B\u00dc-Hafenstra\u00dfe-O-W.jpg\"><img loading=\"lazy\" decoding=\"async\" class=\"alignleft size-large wp-image-5388\" src=\"http:\/\/dg3of.de\/wp-content\/uploads\/2017\/03\/15400-B\u00dc-Hafenstra\u00dfe-O-W-1024x576.jpg\" alt=\"\" width=\"640\" height=\"360\" srcset=\"http:\/\/dg3of.de\/wp-content\/uploads\/2017\/03\/15400-B\u00dc-Hafenstra\u00dfe-O-W-1024x576.jpg 1024w, http:\/\/dg3of.de\/wp-content\/uploads\/2017\/03\/15400-B\u00dc-Hafenstra\u00dfe-O-W-300x169.jpg 300w, http:\/\/dg3of.de\/wp-content\/uploads\/2017\/03\/15400-B\u00dc-Hafenstra\u00dfe-O-W-768x432.jpg 768w, http:\/\/dg3of.de\/wp-content\/uploads\/2017\/03\/15400-B\u00dc-Hafenstra\u00dfe-O-W.jpg 1280w\" sizes=\"auto, (max-width: 640px) 100vw, 640px\" \/><\/a><\/td>\n<\/tr>\n<\/tbody>\n<\/table>\n<p>15,400 &#8211; B\u00dc Hafenstra\u00dfe<\/p>\n<table>\n<tbody>\n<tr>\n<td><a href=\"http:\/\/dg3of.de\/wp-content\/uploads\/2017\/03\/15411-EBR-ex-Gleisunterf\u00fchrung-Hafen.jpg\"><img loading=\"lazy\" decoding=\"async\" class=\"alignleft size-large wp-image-5390\" src=\"http:\/\/dg3of.de\/wp-content\/uploads\/2017\/03\/15411-EBR-ex-Gleisunterf\u00fchrung-Hafen-1024x576.jpg\" alt=\"\" width=\"640\" height=\"360\" srcset=\"http:\/\/dg3of.de\/wp-content\/uploads\/2017\/03\/15411-EBR-ex-Gleisunterf\u00fchrung-Hafen-1024x576.jpg 1024w, http:\/\/dg3of.de\/wp-content\/uploads\/2017\/03\/15411-EBR-ex-Gleisunterf\u00fchrung-Hafen-300x169.jpg 300w, http:\/\/dg3of.de\/wp-content\/uploads\/2017\/03\/15411-EBR-ex-Gleisunterf\u00fchrung-Hafen-768x432.jpg 768w, http:\/\/dg3of.de\/wp-content\/uploads\/2017\/03\/15411-EBR-ex-Gleisunterf\u00fchrung-Hafen.jpg 1280w\" sizes=\"auto, (max-width: 640px) 100vw, 640px\" \/><\/a><\/td>\n<td><a href=\"http:\/\/dg3of.de\/wp-content\/uploads\/2017\/03\/15410-EBR-ex-Gleisunterf\u00fchrung-Hafen-1.jpg\"><img loading=\"lazy\" decoding=\"async\" class=\"alignleft wp-image-5391 size-large\" src=\"http:\/\/dg3of.de\/wp-content\/uploads\/2017\/03\/15410-EBR-ex-Gleisunterf\u00fchrung-Hafen-1-1024x576.jpg\" alt=\"\" width=\"640\" height=\"360\" srcset=\"http:\/\/dg3of.de\/wp-content\/uploads\/2017\/03\/15410-EBR-ex-Gleisunterf\u00fchrung-Hafen-1-1024x576.jpg 1024w, http:\/\/dg3of.de\/wp-content\/uploads\/2017\/03\/15410-EBR-ex-Gleisunterf\u00fchrung-Hafen-1-300x169.jpg 300w, http:\/\/dg3of.de\/wp-content\/uploads\/2017\/03\/15410-EBR-ex-Gleisunterf\u00fchrung-Hafen-1-768x432.jpg 768w, http:\/\/dg3of.de\/wp-content\/uploads\/2017\/03\/15410-EBR-ex-Gleisunterf\u00fchrung-Hafen-1.jpg 1280w\" sizes=\"auto, (max-width: 640px) 100vw, 640px\" \/><\/a><\/td>\n<\/tr>\n<\/tbody>\n<\/table>\n<p>15,420 &#8211; EBR Unterf\u00fchrung Munagleis<\/p>\n<table>\n<tbody>\n<tr>\n<td><a href=\"http:\/\/dg3of.de\/wp-content\/uploads\/2017\/03\/15401.jpg\"><img loading=\"lazy\" decoding=\"async\" class=\"alignleft size-large wp-image-5393\" src=\"http:\/\/dg3of.de\/wp-content\/uploads\/2017\/03\/15401-1024x579.jpg\" alt=\"\" width=\"640\" height=\"362\" srcset=\"http:\/\/dg3of.de\/wp-content\/uploads\/2017\/03\/15401-1024x579.jpg 1024w, http:\/\/dg3of.de\/wp-content\/uploads\/2017\/03\/15401-300x170.jpg 300w, http:\/\/dg3of.de\/wp-content\/uploads\/2017\/03\/15401-768x434.jpg 768w, http:\/\/dg3of.de\/wp-content\/uploads\/2017\/03\/15401.jpg 1279w\" sizes=\"auto, (max-width: 640px) 100vw, 640px\" \/><\/a><\/td>\n<td><a href=\"http:\/\/dg3of.de\/wp-content\/uploads\/2017\/03\/15402.jpg\"><img loading=\"lazy\" decoding=\"async\" class=\"alignleft size-large wp-image-5394\" src=\"http:\/\/dg3of.de\/wp-content\/uploads\/2017\/03\/15402-1024x576.jpg\" alt=\"\" width=\"640\" height=\"360\" srcset=\"http:\/\/dg3of.de\/wp-content\/uploads\/2017\/03\/15402-1024x576.jpg 1024w, http:\/\/dg3of.de\/wp-content\/uploads\/2017\/03\/15402-300x169.jpg 300w, http:\/\/dg3of.de\/wp-content\/uploads\/2017\/03\/15402-768x432.jpg 768w, http:\/\/dg3of.de\/wp-content\/uploads\/2017\/03\/15402.jpg 1280w\" sizes=\"auto, (max-width: 640px) 100vw, 640px\" \/><\/a><\/td>\n<\/tr>\n<\/tbody>\n<\/table>\n<p>15,500 &#8211; Streckenende, rechts Agl. ehem. Pulverfabrik<\/p>\n<ul>\n<li>&lt;&lt;&lt; <a href=\"http:\/\/dg3of.de\/?page_id=647\">10,100 &#8211; Bf Binnen-B\u00fchren<\/a><\/li>\n<li>&gt;&gt;&gt;\u00a0<a href=\"http:\/\/dg3of.de\/?page_id=651\">18,700 &#8211; Hpu Wellie<\/a><\/li>\n<\/ul>\n<p><a href=\"#\">Nach oben<\/a><\/p>\n","protected":false},"excerpt":{"rendered":"<p>Kartenauszug\u00a0OpenRailwayMap\u00a0&#8211;\u00a0\u00dcbersicht Strecke 1743 Kartenauszug TK 1:25000 (Reichsamt f\u00fcr Landesvermessung 1945) Lageplan, Zustand 1954 Lageplan, Zustand 1968 Bf Liebenau um 1910 13,500 &#8211; STBR Arkenberg 14,000 &#8211; EBR &#8211; Arkenberger Weg 14,500 &#8211; Eisenbahnbr\u00fccke Liebenauer Aue 14.585 &#8211; B\u00dc Bahnhofstra\u00dfe 14,700 &hellip; <a href=\"http:\/\/dg3of.de\/?page_id=649\">Weiterlesen <span class=\"meta-nav\">&rarr;<\/span><\/a><\/p>\n","protected":false},"author":1,"featured_media":0,"parent":375,"menu_order":0,"comment_status":"closed","ping_status":"closed","template":"","meta":{"footnotes":""},"class_list":["post-649","page","type-page","status-publish","hentry"],"_links":{"self":[{"href":"http:\/\/dg3of.de\/index.php?rest_route=\/wp\/v2\/pages\/649","targetHints":{"allow":["GET"]}}],"collection":[{"href":"http:\/\/dg3of.de\/index.php?rest_route=\/wp\/v2\/pages"}],"about":[{"href":"http:\/\/dg3of.de\/index.php?rest_route=\/wp\/v2\/types\/page"}],"author":[{"embeddable":true,"href":"http:\/\/dg3of.de\/index.php?rest_route=\/wp\/v2\/users\/1"}],"replies":[{"embeddable":true,"href":"http:\/\/dg3of.de\/index.php?rest_route=%2Fwp%2Fv2%2Fcomments&post=649"}],"version-history":[{"count":33,"href":"http:\/\/dg3of.de\/index.php?rest_route=\/wp\/v2\/pages\/649\/revisions"}],"predecessor-version":[{"id":5402,"href":"http:\/\/dg3of.de\/index.php?rest_route=\/wp\/v2\/pages\/649\/revisions\/5402"}],"up":[{"embeddable":true,"href":"http:\/\/dg3of.de\/index.php?rest_route=\/wp\/v2\/pages\/375"}],"wp:attachment":[{"href":"http:\/\/dg3of.de\/index.php?rest_route=%2Fwp%2Fv2%2Fmedia&parent=649"}],"curies":[{"name":"wp","href":"https:\/\/api.w.org\/{rel}","templated":true}]}}