{"id":645,"date":"2017-03-29T06:37:32","date_gmt":"2017-03-29T04:37:32","guid":{"rendered":"http:\/\/dg3of.de\/?page_id=645"},"modified":"2017-10-13T04:49:40","modified_gmt":"2017-10-13T02:49:40","slug":"08700-hpu-oyle","status":"publish","type":"page","link":"http:\/\/dg3of.de\/?page_id=645","title":{"rendered":"08,700 &#8211; Hpu Oyle"},"content":{"rendered":"<p><img loading=\"lazy\" decoding=\"async\" class=\"alignright size-full wp-image-3331\" src=\"http:\/\/dg3of.de\/wp-content\/uploads\/2017\/03\/Oyle.png\" alt=\"\" width=\"729\" height=\"542\" srcset=\"http:\/\/dg3of.de\/wp-content\/uploads\/2017\/03\/Oyle.png 729w, http:\/\/dg3of.de\/wp-content\/uploads\/2017\/03\/Oyle-300x223.png 300w\" sizes=\"auto, (max-width: 729px) 100vw, 729px\" \/><\/p>\n<p>Kartenauszug\u00a0<a href=\"http:\/\/www.openrailwaymap.org\/mobile.php?searchquery=&amp;lang=de\" target=\"_blank\" rel=\"noopener\">OpenRailwayMap<\/a>\u00a0&#8211;\u00a0\u00dcbersicht <a href=\"http:\/\/dg3of.de\/?page_id=375\">Strecke 1743<\/a><\/p>\n<p><a href=\"http:\/\/dg3of.de\/wp-content\/uploads\/2017\/03\/01-Oyle.jpg\"><img loading=\"lazy\" decoding=\"async\" class=\"alignleft size-full wp-image-1204\" src=\"http:\/\/dg3of.de\/wp-content\/uploads\/2017\/03\/01-Oyle.jpg\" alt=\"\" width=\"730\" height=\"520\" srcset=\"http:\/\/dg3of.de\/wp-content\/uploads\/2017\/03\/01-Oyle.jpg 730w, http:\/\/dg3of.de\/wp-content\/uploads\/2017\/03\/01-Oyle-300x214.jpg 300w\" sizes=\"auto, (max-width: 730px) 100vw, 730px\" \/><\/a><\/p>\n<p>Kartenauszug TK 1:25000 (Reichsamt f\u00fcr Landesvermessung 1945)<\/p>\n<p><a href=\"http:\/\/dg3of.de\/wp-content\/uploads\/2017\/03\/Oyle-Hpu-Lageplan.jpg\"><img loading=\"lazy\" decoding=\"async\" class=\"alignleft size-full wp-image-939\" src=\"http:\/\/dg3of.de\/wp-content\/uploads\/2017\/03\/Oyle-Hpu-Lageplan.jpg\" alt=\"\" width=\"1280\" height=\"652\" srcset=\"http:\/\/dg3of.de\/wp-content\/uploads\/2017\/03\/Oyle-Hpu-Lageplan.jpg 1280w, http:\/\/dg3of.de\/wp-content\/uploads\/2017\/03\/Oyle-Hpu-Lageplan-300x153.jpg 300w, http:\/\/dg3of.de\/wp-content\/uploads\/2017\/03\/Oyle-Hpu-Lageplan-768x391.jpg 768w, http:\/\/dg3of.de\/wp-content\/uploads\/2017\/03\/Oyle-Hpu-Lageplan-1024x522.jpg 1024w\" sizes=\"auto, (max-width: 1280px) 100vw, 1280px\" \/><\/a><\/p>\n<p>Lageplan, Zustand 1954<\/p>\n<p><a href=\"http:\/\/dg3of.de\/wp-content\/uploads\/2017\/03\/08246-Gleis-Richtung-Nienburg.jpg\"><img loading=\"lazy\" decoding=\"async\" class=\"alignleft wp-image-5340 size-large\" src=\"http:\/\/dg3of.de\/wp-content\/uploads\/2017\/03\/08246-Gleis-Richtung-Nienburg-1024x576.jpg\" alt=\"\" width=\"640\" height=\"360\" srcset=\"http:\/\/dg3of.de\/wp-content\/uploads\/2017\/03\/08246-Gleis-Richtung-Nienburg-1024x576.jpg 1024w, http:\/\/dg3of.de\/wp-content\/uploads\/2017\/03\/08246-Gleis-Richtung-Nienburg-300x169.jpg 300w, http:\/\/dg3of.de\/wp-content\/uploads\/2017\/03\/08246-Gleis-Richtung-Nienburg-768x432.jpg 768w, http:\/\/dg3of.de\/wp-content\/uploads\/2017\/03\/08246-Gleis-Richtung-Nienburg.jpg 1279w\" sizes=\"auto, (max-width: 640px) 100vw, 640px\" \/><\/a><\/p>\n<p>o8,200 &#8211; Gleis Richtung Lemke<\/p>\n<table>\n<tbody>\n<tr>\n<td><a href=\"http:\/\/dg3of.de\/wp-content\/uploads\/2017\/03\/08247-B\u00dc-Kroger-Stra\u00dfe-W-O-1.jpg\"><img loading=\"lazy\" decoding=\"async\" class=\"alignleft size-large wp-image-5338\" src=\"http:\/\/dg3of.de\/wp-content\/uploads\/2017\/03\/08247-B\u00dc-Kroger-Stra\u00dfe-W-O-1-1024x576.jpg\" alt=\"\" width=\"640\" height=\"360\" srcset=\"http:\/\/dg3of.de\/wp-content\/uploads\/2017\/03\/08247-B\u00dc-Kroger-Stra\u00dfe-W-O-1-1024x576.jpg 1024w, http:\/\/dg3of.de\/wp-content\/uploads\/2017\/03\/08247-B\u00dc-Kroger-Stra\u00dfe-W-O-1-300x169.jpg 300w, http:\/\/dg3of.de\/wp-content\/uploads\/2017\/03\/08247-B\u00dc-Kroger-Stra\u00dfe-W-O-1-768x432.jpg 768w, http:\/\/dg3of.de\/wp-content\/uploads\/2017\/03\/08247-B\u00dc-Kroger-Stra\u00dfe-W-O-1.jpg 1280w\" sizes=\"auto, (max-width: 640px) 100vw, 640px\" \/><\/a><\/td>\n<td><a href=\"http:\/\/dg3of.de\/wp-content\/uploads\/2017\/03\/08247-B\u00dc-Kroger-Stra\u00dfe-O-W-1.jpg\"><img loading=\"lazy\" decoding=\"async\" class=\"alignleft size-large wp-image-5339\" src=\"http:\/\/dg3of.de\/wp-content\/uploads\/2017\/03\/08247-B\u00dc-Kroger-Stra\u00dfe-O-W-1-1024x576.jpg\" alt=\"\" width=\"640\" height=\"360\" srcset=\"http:\/\/dg3of.de\/wp-content\/uploads\/2017\/03\/08247-B\u00dc-Kroger-Stra\u00dfe-O-W-1-1024x576.jpg 1024w, http:\/\/dg3of.de\/wp-content\/uploads\/2017\/03\/08247-B\u00dc-Kroger-Stra\u00dfe-O-W-1-300x169.jpg 300w, http:\/\/dg3of.de\/wp-content\/uploads\/2017\/03\/08247-B\u00dc-Kroger-Stra\u00dfe-O-W-1-768x432.jpg 768w, http:\/\/dg3of.de\/wp-content\/uploads\/2017\/03\/08247-B\u00dc-Kroger-Stra\u00dfe-O-W-1.jpg 1280w\" sizes=\"auto, (max-width: 640px) 100vw, 640px\" \/><\/a><\/td>\n<\/tr>\n<\/tbody>\n<\/table>\n<p>08,247 &#8211; B\u00dc Kroger Stra\u00dfe<\/p>\n<p><a href=\"http:\/\/dg3of.de\/wp-content\/uploads\/2017\/03\/08248-Gleis-Richtung-Liebenau-1.jpg\"><img loading=\"lazy\" decoding=\"async\" class=\"alignleft size-large wp-image-5342\" src=\"http:\/\/dg3of.de\/wp-content\/uploads\/2017\/03\/08248-Gleis-Richtung-Liebenau-1-1024x576.jpg\" alt=\"\" width=\"640\" height=\"360\" srcset=\"http:\/\/dg3of.de\/wp-content\/uploads\/2017\/03\/08248-Gleis-Richtung-Liebenau-1-1024x576.jpg 1024w, http:\/\/dg3of.de\/wp-content\/uploads\/2017\/03\/08248-Gleis-Richtung-Liebenau-1-300x169.jpg 300w, http:\/\/dg3of.de\/wp-content\/uploads\/2017\/03\/08248-Gleis-Richtung-Liebenau-1-768x432.jpg 768w, http:\/\/dg3of.de\/wp-content\/uploads\/2017\/03\/08248-Gleis-Richtung-Liebenau-1.jpg 1280w\" sizes=\"auto, (max-width: 640px) 100vw, 640px\" \/><\/a><br \/>\n08,260 &#8211; Gleis Richtung Liebenau<\/p>\n<p><a href=\"http:\/\/dg3of.de\/wp-content\/uploads\/2017\/03\/08800-ex-Hpu-Oyle-Gleis-Richtung-Lemke-768x576-1.jpg\"><img loading=\"lazy\" decoding=\"async\" class=\"alignleft size-large wp-image-5345\" src=\"http:\/\/dg3of.de\/wp-content\/uploads\/2017\/03\/08800-ex-Hpu-Oyle-Gleis-Richtung-Lemke-768x576-1-1024x576.jpg\" alt=\"\" width=\"640\" height=\"360\" srcset=\"http:\/\/dg3of.de\/wp-content\/uploads\/2017\/03\/08800-ex-Hpu-Oyle-Gleis-Richtung-Lemke-768x576-1-1024x576.jpg 1024w, http:\/\/dg3of.de\/wp-content\/uploads\/2017\/03\/08800-ex-Hpu-Oyle-Gleis-Richtung-Lemke-768x576-1-300x169.jpg 300w, http:\/\/dg3of.de\/wp-content\/uploads\/2017\/03\/08800-ex-Hpu-Oyle-Gleis-Richtung-Lemke-768x576-1-768x432.jpg 768w, http:\/\/dg3of.de\/wp-content\/uploads\/2017\/03\/08800-ex-Hpu-Oyle-Gleis-Richtung-Lemke-768x576-1.jpg 1280w\" sizes=\"auto, (max-width: 640px) 100vw, 640px\" \/><\/a><\/p>\n<p>&nbsp;<\/p>\n<p>08,600 &#8211; ex Hpu Oyle &#8211; Gleis Richtung Lemke<\/p>\n<table>\n<tbody>\n<tr>\n<td><a href=\"http:\/\/dg3of.de\/wp-content\/uploads\/2017\/03\/08622-B\u00dc-Oyle-W-O-1.jpg\"><img loading=\"lazy\" decoding=\"async\" class=\"alignleft size-large wp-image-5335\" src=\"http:\/\/dg3of.de\/wp-content\/uploads\/2017\/03\/08622-B\u00dc-Oyle-W-O-1-1024x576.jpg\" alt=\"\" width=\"640\" height=\"360\" srcset=\"http:\/\/dg3of.de\/wp-content\/uploads\/2017\/03\/08622-B\u00dc-Oyle-W-O-1-1024x576.jpg 1024w, http:\/\/dg3of.de\/wp-content\/uploads\/2017\/03\/08622-B\u00dc-Oyle-W-O-1-300x169.jpg 300w, http:\/\/dg3of.de\/wp-content\/uploads\/2017\/03\/08622-B\u00dc-Oyle-W-O-1-768x432.jpg 768w, http:\/\/dg3of.de\/wp-content\/uploads\/2017\/03\/08622-B\u00dc-Oyle-W-O-1.jpg 1280w\" sizes=\"auto, (max-width: 640px) 100vw, 640px\" \/><\/a><\/td>\n<td><a href=\"http:\/\/dg3of.de\/wp-content\/uploads\/2017\/03\/08622-B\u00dc-Oyle-O-W-1.jpg\"><img loading=\"lazy\" decoding=\"async\" class=\"alignleft size-large wp-image-5336\" src=\"http:\/\/dg3of.de\/wp-content\/uploads\/2017\/03\/08622-B\u00dc-Oyle-O-W-1-1024x576.jpg\" alt=\"\" width=\"640\" height=\"360\" srcset=\"http:\/\/dg3of.de\/wp-content\/uploads\/2017\/03\/08622-B\u00dc-Oyle-O-W-1-1024x576.jpg 1024w, http:\/\/dg3of.de\/wp-content\/uploads\/2017\/03\/08622-B\u00dc-Oyle-O-W-1-300x169.jpg 300w, http:\/\/dg3of.de\/wp-content\/uploads\/2017\/03\/08622-B\u00dc-Oyle-O-W-1-768x432.jpg 768w, http:\/\/dg3of.de\/wp-content\/uploads\/2017\/03\/08622-B\u00dc-Oyle-O-W-1.jpg 1280w\" sizes=\"auto, (max-width: 640px) 100vw, 640px\" \/><\/a><\/td>\n<\/tr>\n<\/tbody>\n<\/table>\n<p>08,618 &#8211; B\u00dc Am Blanken Ende W-O \/ O-W<\/p>\n<p><a href=\"http:\/\/dg3of.de\/wp-content\/uploads\/2017\/03\/08800-ex-Hpu-Oyle-Gleis-Richtung-Liebenau-1.jpg\"><img loading=\"lazy\" decoding=\"async\" class=\"alignleft size-large wp-image-5346\" src=\"http:\/\/dg3of.de\/wp-content\/uploads\/2017\/03\/08800-ex-Hpu-Oyle-Gleis-Richtung-Liebenau-1-1024x579.jpg\" alt=\"\" width=\"640\" height=\"362\" srcset=\"http:\/\/dg3of.de\/wp-content\/uploads\/2017\/03\/08800-ex-Hpu-Oyle-Gleis-Richtung-Liebenau-1-1024x579.jpg 1024w, http:\/\/dg3of.de\/wp-content\/uploads\/2017\/03\/08800-ex-Hpu-Oyle-Gleis-Richtung-Liebenau-1-300x170.jpg 300w, http:\/\/dg3of.de\/wp-content\/uploads\/2017\/03\/08800-ex-Hpu-Oyle-Gleis-Richtung-Liebenau-1-768x434.jpg 768w, http:\/\/dg3of.de\/wp-content\/uploads\/2017\/03\/08800-ex-Hpu-Oyle-Gleis-Richtung-Liebenau-1.jpg 1274w\" sizes=\"auto, (max-width: 640px) 100vw, 640px\" \/><\/a><\/p>\n<p>&nbsp;<\/p>\n<p>08,700 &#8211; ex Hpu Oyle<\/p>\n<ul>\n<li>&lt;&lt;&lt; <a href=\"http:\/\/dg3of.de\/?page_id=643\">06,750 &#8211; Bf Lemke<\/a><\/li>\n<li>&gt;&gt;&gt; <a href=\"http:\/\/dg3of.de\/?page_id=647\">10,100 &#8211; Bf Binnen-B\u00fchren<\/a><\/li>\n<\/ul>\n<p><a href=\"#\">Nach oben<\/a><\/p>\n","protected":false},"excerpt":{"rendered":"<p>Kartenauszug\u00a0OpenRailwayMap\u00a0&#8211;\u00a0\u00dcbersicht Strecke 1743 Kartenauszug TK 1:25000 (Reichsamt f\u00fcr Landesvermessung 1945) Lageplan, Zustand 1954 o8,200 &#8211; Gleis Richtung Lemke 08,247 &#8211; B\u00dc Kroger Stra\u00dfe 08,260 &#8211; Gleis Richtung Liebenau &nbsp; 08,600 &#8211; ex Hpu Oyle &#8211; Gleis Richtung Lemke 08,618 &#8211; &hellip; <a href=\"http:\/\/dg3of.de\/?page_id=645\">Weiterlesen <span class=\"meta-nav\">&rarr;<\/span><\/a><\/p>\n","protected":false},"author":1,"featured_media":0,"parent":375,"menu_order":0,"comment_status":"closed","ping_status":"closed","template":"","meta":{"footnotes":""},"class_list":["post-645","page","type-page","status-publish","hentry"],"_links":{"self":[{"href":"http:\/\/dg3of.de\/index.php?rest_route=\/wp\/v2\/pages\/645","targetHints":{"allow":["GET"]}}],"collection":[{"href":"http:\/\/dg3of.de\/index.php?rest_route=\/wp\/v2\/pages"}],"about":[{"href":"http:\/\/dg3of.de\/index.php?rest_route=\/wp\/v2\/types\/page"}],"author":[{"embeddable":true,"href":"http:\/\/dg3of.de\/index.php?rest_route=\/wp\/v2\/users\/1"}],"replies":[{"embeddable":true,"href":"http:\/\/dg3of.de\/index.php?rest_route=%2Fwp%2Fv2%2Fcomments&post=645"}],"version-history":[{"count":22,"href":"http:\/\/dg3of.de\/index.php?rest_route=\/wp\/v2\/pages\/645\/revisions"}],"predecessor-version":[{"id":5347,"href":"http:\/\/dg3of.de\/index.php?rest_route=\/wp\/v2\/pages\/645\/revisions\/5347"}],"up":[{"embeddable":true,"href":"http:\/\/dg3of.de\/index.php?rest_route=\/wp\/v2\/pages\/375"}],"wp:attachment":[{"href":"http:\/\/dg3of.de\/index.php?rest_route=%2Fwp%2Fv2%2Fmedia&parent=645"}],"curies":[{"name":"wp","href":"https:\/\/api.w.org\/{rel}","templated":true}]}}