{"id":639,"date":"2017-03-29T06:35:56","date_gmt":"2017-03-29T04:35:56","guid":{"rendered":"http:\/\/dg3of.de\/?page_id=639"},"modified":"2017-04-19T05:50:27","modified_gmt":"2017-04-19T03:50:27","slug":"26960-bf-stadthagen","status":"publish","type":"page","link":"http:\/\/dg3of.de\/?page_id=639","title":{"rendered":"26,960 &#8211; Bf Stadthagen"},"content":{"rendered":"<p><a href=\"http:\/\/dg3of.de\/wp-content\/uploads\/2017\/03\/Stadthagen.png\"><img loading=\"lazy\" decoding=\"async\" class=\"alignright wp-image-3317 size-full\" src=\"http:\/\/dg3of.de\/wp-content\/uploads\/2017\/03\/Stadthagen.png\" alt=\"\" width=\"946\" height=\"660\" srcset=\"http:\/\/dg3of.de\/wp-content\/uploads\/2017\/03\/Stadthagen.png 946w, http:\/\/dg3of.de\/wp-content\/uploads\/2017\/03\/Stadthagen-300x209.png 300w, http:\/\/dg3of.de\/wp-content\/uploads\/2017\/03\/Stadthagen-768x536.png 768w\" sizes=\"auto, (max-width: 946px) 100vw, 946px\" \/><\/a><\/p>\n<p>Kartenauszug\u00a0<a href=\"http:\/\/www.openrailwaymap.org\/mobile.php?searchquery=&amp;lang=de\" target=\"_blank\">OpenRailwayMap<\/a>\u00a0&#8211;\u00a0\u00dcbersicht\u00a0<a href=\"http:\/\/dg3of.de\/?page_id=373\">Strecke 1742<\/a><\/p>\n<p>Kartenauszug TK 1:25000 (Reichsamt f\u00fcr Landesvermessung 1945)<\/p>\n<p>Lageplan, Zustand 1954<\/p>\n<p><a href=\"http:\/\/dg3of.de\/wp-content\/uploads\/2017\/03\/1742_026960-Bf-Stra\u00dfenseite-1.jpg\"><img loading=\"lazy\" decoding=\"async\" class=\"alignright size-full wp-image-2745\" src=\"http:\/\/dg3of.de\/wp-content\/uploads\/2017\/03\/1742_026960-Bf-Stra\u00dfenseite-1.jpg\" alt=\"\" width=\"960\" height=\"540\" srcset=\"http:\/\/dg3of.de\/wp-content\/uploads\/2017\/03\/1742_026960-Bf-Stra\u00dfenseite-1.jpg 960w, http:\/\/dg3of.de\/wp-content\/uploads\/2017\/03\/1742_026960-Bf-Stra\u00dfenseite-1-300x169.jpg 300w, http:\/\/dg3of.de\/wp-content\/uploads\/2017\/03\/1742_026960-Bf-Stra\u00dfenseite-1-768x432.jpg 768w\" sizes=\"auto, (max-width: 960px) 100vw, 960px\" \/><\/a><\/p>\n<p>Bahnhof Stadthagen, Stra\u00dfenseite<\/p>\n<ul>\n<li>&lt;&lt;&lt; <a href=\"http:\/\/dg3of.de\/?page_id=637\">22,020 &#8211; Bf Niedernw\u00f6hren<\/a><\/li>\n<\/ul>\n<p><a href=\"#\">Nach oben<\/a><\/p>\n","protected":false},"excerpt":{"rendered":"<p>Kartenauszug\u00a0OpenRailwayMap\u00a0&#8211;\u00a0\u00dcbersicht\u00a0Strecke 1742 Kartenauszug TK 1:25000 (Reichsamt f\u00fcr Landesvermessung 1945) Lageplan, Zustand 1954 Bahnhof Stadthagen, Stra\u00dfenseite &lt;&lt;&lt; 22,020 &#8211; Bf Niedernw\u00f6hren Nach oben<\/p>\n","protected":false},"author":1,"featured_media":0,"parent":373,"menu_order":0,"comment_status":"closed","ping_status":"closed","template":"","meta":{"footnotes":""},"class_list":["post-639","page","type-page","status-publish","hentry"],"_links":{"self":[{"href":"http:\/\/dg3of.de\/index.php?rest_route=\/wp\/v2\/pages\/639","targetHints":{"allow":["GET"]}}],"collection":[{"href":"http:\/\/dg3of.de\/index.php?rest_route=\/wp\/v2\/pages"}],"about":[{"href":"http:\/\/dg3of.de\/index.php?rest_route=\/wp\/v2\/types\/page"}],"author":[{"embeddable":true,"href":"http:\/\/dg3of.de\/index.php?rest_route=\/wp\/v2\/users\/1"}],"replies":[{"embeddable":true,"href":"http:\/\/dg3of.de\/index.php?rest_route=%2Fwp%2Fv2%2Fcomments&post=639"}],"version-history":[{"count":10,"href":"http:\/\/dg3of.de\/index.php?rest_route=\/wp\/v2\/pages\/639\/revisions"}],"predecessor-version":[{"id":3435,"href":"http:\/\/dg3of.de\/index.php?rest_route=\/wp\/v2\/pages\/639\/revisions\/3435"}],"up":[{"embeddable":true,"href":"http:\/\/dg3of.de\/index.php?rest_route=\/wp\/v2\/pages\/373"}],"wp:attachment":[{"href":"http:\/\/dg3of.de\/index.php?rest_route=%2Fwp%2Fv2%2Fmedia&parent=639"}],"curies":[{"name":"wp","href":"https:\/\/api.w.org\/{rel}","templated":true}]}}