{"id":637,"date":"2017-03-29T06:35:33","date_gmt":"2017-03-29T04:35:33","guid":{"rendered":"http:\/\/dg3of.de\/?page_id=637"},"modified":"2017-04-19T05:49:51","modified_gmt":"2017-04-19T03:49:51","slug":"22020-bf-niedernwoehren","status":"publish","type":"page","link":"http:\/\/dg3of.de\/?page_id=637","title":{"rendered":"22,020 &#8211; Bf Niedernw\u00f6hren"},"content":{"rendered":"<p><a href=\"http:\/\/dg3of.de\/wp-content\/uploads\/2017\/03\/Niedernwoerne.png\"><img loading=\"lazy\" decoding=\"async\" class=\"alignright wp-image-3315 size-full\" src=\"http:\/\/dg3of.de\/wp-content\/uploads\/2017\/03\/Niedernwoerne.png\" alt=\"\" width=\"799\" height=\"574\" srcset=\"http:\/\/dg3of.de\/wp-content\/uploads\/2017\/03\/Niedernwoerne.png 799w, http:\/\/dg3of.de\/wp-content\/uploads\/2017\/03\/Niedernwoerne-300x216.png 300w, http:\/\/dg3of.de\/wp-content\/uploads\/2017\/03\/Niedernwoerne-768x552.png 768w\" sizes=\"auto, (max-width: 799px) 100vw, 799px\" \/><\/a><\/p>\n<p>Kartenauszug\u00a0<a href=\"http:\/\/www.openrailwaymap.org\/mobile.php?searchquery=&amp;lang=de\" target=\"_blank\">OpenRailwayMap<\/a>\u00a0&#8211;\u00a0\u00dcbersicht\u00a0<a href=\"http:\/\/dg3of.de\/?page_id=373\">Strecke 1742<\/a><\/p>\n<p><a href=\"http:\/\/dg3of.de\/wp-content\/uploads\/2017\/03\/01-Niedernw\u00f6hren.jpg\"><img loading=\"lazy\" decoding=\"async\" class=\"alignnone size-full wp-image-1341\" src=\"http:\/\/dg3of.de\/wp-content\/uploads\/2017\/03\/01-Niedernw\u00f6hren.jpg\" alt=\"\" width=\"1169\" height=\"911\" srcset=\"http:\/\/dg3of.de\/wp-content\/uploads\/2017\/03\/01-Niedernw\u00f6hren.jpg 1169w, http:\/\/dg3of.de\/wp-content\/uploads\/2017\/03\/01-Niedernw\u00f6hren-300x234.jpg 300w, http:\/\/dg3of.de\/wp-content\/uploads\/2017\/03\/01-Niedernw\u00f6hren-768x599.jpg 768w, http:\/\/dg3of.de\/wp-content\/uploads\/2017\/03\/01-Niedernw\u00f6hren-1024x798.jpg 1024w\" sizes=\"auto, (max-width: 1169px) 100vw, 1169px\" \/><\/a><\/p>\n<p>Kartenauszug TK 1:25000 (Reichsamt f\u00fcr Landesvermessung 1945)<\/p>\n<p><a href=\"http:\/\/dg3of.de\/wp-content\/uploads\/2017\/03\/Niederw\u00f6hren-Bf-Lageplan-Bahn.jpg\"><img loading=\"lazy\" decoding=\"async\" class=\"alignleft size-full wp-image-883\" src=\"http:\/\/dg3of.de\/wp-content\/uploads\/2017\/03\/Niederw\u00f6hren-Bf-Lageplan-Bahn.jpg\" alt=\"\" width=\"1280\" height=\"905\" srcset=\"http:\/\/dg3of.de\/wp-content\/uploads\/2017\/03\/Niederw\u00f6hren-Bf-Lageplan-Bahn.jpg 1280w, http:\/\/dg3of.de\/wp-content\/uploads\/2017\/03\/Niederw\u00f6hren-Bf-Lageplan-Bahn-300x212.jpg 300w, http:\/\/dg3of.de\/wp-content\/uploads\/2017\/03\/Niederw\u00f6hren-Bf-Lageplan-Bahn-768x543.jpg 768w, http:\/\/dg3of.de\/wp-content\/uploads\/2017\/03\/Niederw\u00f6hren-Bf-Lageplan-Bahn-1024x724.jpg 1024w\" sizes=\"auto, (max-width: 1280px) 100vw, 1280px\" \/><\/a><\/p>\n<p>Lageplan, Zustand 1954<\/p>\n<p><a href=\"http:\/\/dg3of.de\/wp-content\/uploads\/2017\/03\/22021-ehem-EG-Bf-Niedernwoehren.jpg\"><img loading=\"lazy\" decoding=\"async\" class=\"alignnone wp-image-1339 size-full\" src=\"http:\/\/dg3of.de\/wp-content\/uploads\/2017\/03\/22021-ehem-EG-Bf-Niedernwoehren.jpg\" alt=\"\" width=\"1280\" height=\"960\" srcset=\"http:\/\/dg3of.de\/wp-content\/uploads\/2017\/03\/22021-ehem-EG-Bf-Niedernwoehren.jpg 1280w, http:\/\/dg3of.de\/wp-content\/uploads\/2017\/03\/22021-ehem-EG-Bf-Niedernwoehren-300x225.jpg 300w, http:\/\/dg3of.de\/wp-content\/uploads\/2017\/03\/22021-ehem-EG-Bf-Niedernwoehren-768x576.jpg 768w, http:\/\/dg3of.de\/wp-content\/uploads\/2017\/03\/22021-ehem-EG-Bf-Niedernwoehren-1024x768.jpg 1024w\" sizes=\"auto, (max-width: 1280px) 100vw, 1280px\" \/><\/a><\/p>\n<p>22,020 &#8211; Bf Niedernw\u00f6hren, Stra\u00dfenseite<\/p>\n<ul>\n<li>&lt;&lt;&lt; <a href=\"http:\/\/dg3of.de\/?page_id=635\">18,150 &#8211; Bf Wiedensahl<\/a><\/li>\n<li>&gt;&gt;&gt; <a href=\"http:\/\/dg3of.de\/?page_id=639\">26,960 &#8211; Bf Stadthagen<\/a><\/li>\n<\/ul>\n<p><a href=\"#\">Nach oben<\/a><\/p>\n","protected":false},"excerpt":{"rendered":"<p>Kartenauszug\u00a0OpenRailwayMap\u00a0&#8211;\u00a0\u00dcbersicht\u00a0Strecke 1742 Kartenauszug TK 1:25000 (Reichsamt f\u00fcr Landesvermessung 1945) Lageplan, Zustand 1954 22,020 &#8211; Bf Niedernw\u00f6hren, Stra\u00dfenseite &lt;&lt;&lt; 18,150 &#8211; Bf Wiedensahl &gt;&gt;&gt; 26,960 &#8211; Bf Stadthagen Nach oben<\/p>\n","protected":false},"author":1,"featured_media":0,"parent":373,"menu_order":0,"comment_status":"closed","ping_status":"closed","template":"","meta":{"footnotes":""},"class_list":["post-637","page","type-page","status-publish","hentry"],"_links":{"self":[{"href":"http:\/\/dg3of.de\/index.php?rest_route=\/wp\/v2\/pages\/637","targetHints":{"allow":["GET"]}}],"collection":[{"href":"http:\/\/dg3of.de\/index.php?rest_route=\/wp\/v2\/pages"}],"about":[{"href":"http:\/\/dg3of.de\/index.php?rest_route=\/wp\/v2\/types\/page"}],"author":[{"embeddable":true,"href":"http:\/\/dg3of.de\/index.php?rest_route=\/wp\/v2\/users\/1"}],"replies":[{"embeddable":true,"href":"http:\/\/dg3of.de\/index.php?rest_route=%2Fwp%2Fv2%2Fcomments&post=637"}],"version-history":[{"count":11,"href":"http:\/\/dg3of.de\/index.php?rest_route=\/wp\/v2\/pages\/637\/revisions"}],"predecessor-version":[{"id":3434,"href":"http:\/\/dg3of.de\/index.php?rest_route=\/wp\/v2\/pages\/637\/revisions\/3434"}],"up":[{"embeddable":true,"href":"http:\/\/dg3of.de\/index.php?rest_route=\/wp\/v2\/pages\/373"}],"wp:attachment":[{"href":"http:\/\/dg3of.de\/index.php?rest_route=%2Fwp%2Fv2%2Fmedia&parent=637"}],"curies":[{"name":"wp","href":"https:\/\/api.w.org\/{rel}","templated":true}]}}