{"id":617,"date":"2017-03-29T06:29:51","date_gmt":"2017-03-29T04:29:51","guid":{"rendered":"http:\/\/dg3of.de\/?page_id=617"},"modified":"2017-12-06T08:53:22","modified_gmt":"2017-12-06T06:53:22","slug":"33000-bf-doehren-weser","status":"publish","type":"page","link":"http:\/\/dg3of.de\/?page_id=617","title":{"rendered":"33,000 &#8211; Bf D\u00f6hren (Weser)"},"content":{"rendered":"<p><a href=\"http:\/\/dg3of.de\/wp-content\/uploads\/2017\/03\/Doehren.png\"><img loading=\"lazy\" decoding=\"async\" class=\"alignright wp-image-3410 size-full\" src=\"http:\/\/dg3of.de\/wp-content\/uploads\/2017\/03\/Doehren.png\" alt=\"\" width=\"720\" height=\"537\" srcset=\"http:\/\/dg3of.de\/wp-content\/uploads\/2017\/03\/Doehren.png 720w, http:\/\/dg3of.de\/wp-content\/uploads\/2017\/03\/Doehren-300x224.png 300w\" sizes=\"auto, (max-width: 720px) 100vw, 720px\" \/><\/a><\/p>\n<p>Kartenauszug\u00a0<a href=\"http:\/\/www.openrailwaymap.org\/mobile.php?searchquery=&amp;lang=de\" target=\"_blank\" rel=\"noopener\">OpenRailwayMap<\/a><\/p>\n<p>Kartenauszug TK 1:25000 (Reichsamt f\u00fcr Landesvermessung 1945)<\/p>\n<p><a href=\"http:\/\/dg3of.de\/wp-content\/uploads\/2017\/03\/D\u00f6hren-Bf-Lageplan-Bahn.jpg\"><img loading=\"lazy\" decoding=\"async\" class=\"alignleft size-full wp-image-1081\" src=\"http:\/\/dg3of.de\/wp-content\/uploads\/2017\/03\/D\u00f6hren-Bf-Lageplan-Bahn.jpg\" alt=\"\" width=\"1854\" height=\"834\" srcset=\"http:\/\/dg3of.de\/wp-content\/uploads\/2017\/03\/D\u00f6hren-Bf-Lageplan-Bahn.jpg 1854w, http:\/\/dg3of.de\/wp-content\/uploads\/2017\/03\/D\u00f6hren-Bf-Lageplan-Bahn-300x135.jpg 300w, http:\/\/dg3of.de\/wp-content\/uploads\/2017\/03\/D\u00f6hren-Bf-Lageplan-Bahn-768x345.jpg 768w, http:\/\/dg3of.de\/wp-content\/uploads\/2017\/03\/D\u00f6hren-Bf-Lageplan-Bahn-1024x461.jpg 1024w\" sizes=\"auto, (max-width: 1854px) 100vw, 1854px\" \/><\/a><\/p>\n<p>Lageplan, Zustand 1954<\/p>\n<p>Zum Fahrplanwechsel 1987\/88 wurde der Bahnhof als Tarifstelle f\u00fcr den Personenverkehr aufgel\u00f6st, das Bahnhofsgeb\u00e4ude wurde einige Jahre sp\u00e4ter abgerissen.<\/p>\n<p><a href=\"http:\/\/dg3of.de\/wp-content\/uploads\/2017\/03\/32950-ehem.-Bf-04.jpg\"><img loading=\"lazy\" decoding=\"async\" class=\"alignright size-full wp-image-2502\" src=\"http:\/\/dg3of.de\/wp-content\/uploads\/2017\/03\/32950-ehem.-Bf-04.jpg\" alt=\"\" width=\"1920\" height=\"1080\" srcset=\"http:\/\/dg3of.de\/wp-content\/uploads\/2017\/03\/32950-ehem.-Bf-04.jpg 1920w, http:\/\/dg3of.de\/wp-content\/uploads\/2017\/03\/32950-ehem.-Bf-04-300x169.jpg 300w, http:\/\/dg3of.de\/wp-content\/uploads\/2017\/03\/32950-ehem.-Bf-04-768x432.jpg 768w, http:\/\/dg3of.de\/wp-content\/uploads\/2017\/03\/32950-ehem.-Bf-04-1024x576.jpg 1024w\" sizes=\"auto, (max-width: 1920px) 100vw, 1920px\" \/><\/a><\/p>\n<p>33,000 &#8211; ehem. Bf D\u00f6hren (Weser)<\/p>\n<ul>\n<li>&lt;&lt;&lt; 28,900 &#8211;\u00a0<a href=\"http:\/\/dg3of.de\/?page_id=615\">Bf Heimsen<\/a><\/li>\n<li>&gt;&gt;&gt;\u00a036,300 &#8211;\u00a0<a href=\"http:\/\/dg3of.de\/?page_id=619\">Bf Windheim (Weser)<\/a><\/li>\n<\/ul>\n<p><a href=\"#\">Nach oben<\/a><\/p>\n","protected":false},"excerpt":{"rendered":"<p>Kartenauszug\u00a0OpenRailwayMap Kartenauszug TK 1:25000 (Reichsamt f\u00fcr Landesvermessung 1945) Lageplan, Zustand 1954 Zum Fahrplanwechsel 1987\/88 wurde der Bahnhof als Tarifstelle f\u00fcr den Personenverkehr aufgel\u00f6st, das Bahnhofsgeb\u00e4ude wurde einige Jahre sp\u00e4ter abgerissen. 33,000 &#8211; ehem. Bf D\u00f6hren (Weser) &lt;&lt;&lt; 28,900 &#8211;\u00a0Bf Heimsen &hellip; <a href=\"http:\/\/dg3of.de\/?page_id=617\">Weiterlesen <span class=\"meta-nav\">&rarr;<\/span><\/a><\/p>\n","protected":false},"author":1,"featured_media":0,"parent":371,"menu_order":0,"comment_status":"closed","ping_status":"closed","template":"","meta":{"footnotes":""},"class_list":["post-617","page","type-page","status-publish","hentry"],"_links":{"self":[{"href":"http:\/\/dg3of.de\/index.php?rest_route=\/wp\/v2\/pages\/617","targetHints":{"allow":["GET"]}}],"collection":[{"href":"http:\/\/dg3of.de\/index.php?rest_route=\/wp\/v2\/pages"}],"about":[{"href":"http:\/\/dg3of.de\/index.php?rest_route=\/wp\/v2\/types\/page"}],"author":[{"embeddable":true,"href":"http:\/\/dg3of.de\/index.php?rest_route=\/wp\/v2\/users\/1"}],"replies":[{"embeddable":true,"href":"http:\/\/dg3of.de\/index.php?rest_route=%2Fwp%2Fv2%2Fcomments&post=617"}],"version-history":[{"count":13,"href":"http:\/\/dg3of.de\/index.php?rest_route=\/wp\/v2\/pages\/617\/revisions"}],"predecessor-version":[{"id":5913,"href":"http:\/\/dg3of.de\/index.php?rest_route=\/wp\/v2\/pages\/617\/revisions\/5913"}],"up":[{"embeddable":true,"href":"http:\/\/dg3of.de\/index.php?rest_route=\/wp\/v2\/pages\/371"}],"wp:attachment":[{"href":"http:\/\/dg3of.de\/index.php?rest_route=%2Fwp%2Fv2%2Fmedia&parent=617"}],"curies":[{"name":"wp","href":"https:\/\/api.w.org\/{rel}","templated":true}]}}