{"id":609,"date":"2017-03-29T06:27:47","date_gmt":"2017-03-29T04:27:47","guid":{"rendered":"http:\/\/dg3of.de\/?page_id=609"},"modified":"2017-10-17T05:55:07","modified_gmt":"2017-10-17T03:55:07","slug":"20800-bf-leese-stolzenau","status":"publish","type":"page","link":"http:\/\/dg3of.de\/?page_id=609","title":{"rendered":"20,800 &#8211; Bf Leese-Stolzenau"},"content":{"rendered":"<p><a href=\"http:\/\/dg3of.de\/wp-content\/uploads\/2017\/03\/Leese.png\"><img loading=\"lazy\" decoding=\"async\" class=\"alignleft size-full wp-image-712\" src=\"http:\/\/dg3of.de\/wp-content\/uploads\/2017\/03\/Leese.png\" alt=\"\" width=\"896\" height=\"691\" srcset=\"http:\/\/dg3of.de\/wp-content\/uploads\/2017\/03\/Leese.png 896w, http:\/\/dg3of.de\/wp-content\/uploads\/2017\/03\/Leese-300x231.png 300w, http:\/\/dg3of.de\/wp-content\/uploads\/2017\/03\/Leese-768x592.png 768w\" sizes=\"auto, (max-width: 896px) 100vw, 896px\" \/><\/a><\/p>\n<p>Kartenauszug\u00a0<a href=\"http:\/\/www.openrailwaymap.org\/mobile.php?searchquery=&amp;lang=de\" target=\"_blank\" rel=\"noopener\">OpenRailwayMap<\/a><\/p>\n<p><a href=\"http:\/\/dg3of.de\/wp-content\/uploads\/2017\/03\/01-Leese.jpg\"><img loading=\"lazy\" decoding=\"async\" class=\"alignnone size-full wp-image-1330\" src=\"http:\/\/dg3of.de\/wp-content\/uploads\/2017\/03\/01-Leese.jpg\" alt=\"\" width=\"1048\" height=\"784\" srcset=\"http:\/\/dg3of.de\/wp-content\/uploads\/2017\/03\/01-Leese.jpg 1048w, http:\/\/dg3of.de\/wp-content\/uploads\/2017\/03\/01-Leese-300x224.jpg 300w, http:\/\/dg3of.de\/wp-content\/uploads\/2017\/03\/01-Leese-768x575.jpg 768w, http:\/\/dg3of.de\/wp-content\/uploads\/2017\/03\/01-Leese-1024x766.jpg 1024w\" sizes=\"auto, (max-width: 1048px) 100vw, 1048px\" \/><\/a><\/p>\n<p>Kartenauszug TK 1:25000 (Reichsamt f\u00fcr Landesvermessung 1945)<\/p>\n<p><a href=\"http:\/\/dg3of.de\/wp-content\/uploads\/2017\/03\/Leese-Stolzenau-Bf-Lageplan-Bahn.jpg\"><img loading=\"lazy\" decoding=\"async\" class=\"alignleft size-full wp-image-887\" src=\"http:\/\/dg3of.de\/wp-content\/uploads\/2017\/03\/Leese-Stolzenau-Bf-Lageplan-Bahn.jpg\" alt=\"\" width=\"3000\" height=\"1492\" srcset=\"http:\/\/dg3of.de\/wp-content\/uploads\/2017\/03\/Leese-Stolzenau-Bf-Lageplan-Bahn.jpg 3000w, http:\/\/dg3of.de\/wp-content\/uploads\/2017\/03\/Leese-Stolzenau-Bf-Lageplan-Bahn-300x149.jpg 300w, http:\/\/dg3of.de\/wp-content\/uploads\/2017\/03\/Leese-Stolzenau-Bf-Lageplan-Bahn-768x382.jpg 768w, http:\/\/dg3of.de\/wp-content\/uploads\/2017\/03\/Leese-Stolzenau-Bf-Lageplan-Bahn-1024x509.jpg 1024w\" sizes=\"auto, (max-width: 3000px) 100vw, 3000px\" \/><\/a><\/p>\n<p>Lageplan, Zustand 1954<\/p>\n<p><a href=\"http:\/\/dg3of.de\/wp-content\/uploads\/2017\/03\/Leese-Stolzenau-Bf-1920.jpg\"><img loading=\"lazy\" decoding=\"async\" class=\"alignnone size-full wp-image-1499\" src=\"http:\/\/dg3of.de\/wp-content\/uploads\/2017\/03\/Leese-Stolzenau-Bf-1920.jpg\" alt=\"\" width=\"1000\" height=\"793\" srcset=\"http:\/\/dg3of.de\/wp-content\/uploads\/2017\/03\/Leese-Stolzenau-Bf-1920.jpg 1000w, http:\/\/dg3of.de\/wp-content\/uploads\/2017\/03\/Leese-Stolzenau-Bf-1920-300x238.jpg 300w, http:\/\/dg3of.de\/wp-content\/uploads\/2017\/03\/Leese-Stolzenau-Bf-1920-768x609.jpg 768w\" sizes=\"auto, (max-width: 1000px) 100vw, 1000px\" \/><\/a><\/p>\n<p>Bahnhofsgeb\u00e4ude Gleisseite um 1920<\/p>\n<p><a href=\"http:\/\/dg3of.de\/wp-content\/uploads\/2017\/03\/20600-aus-Richtung-Norden.jpg\"><img loading=\"lazy\" decoding=\"async\" class=\"alignleft size-large wp-image-5553\" src=\"http:\/\/dg3of.de\/wp-content\/uploads\/2017\/03\/20600-aus-Richtung-Norden-1024x576.jpg\" alt=\"\" width=\"640\" height=\"360\" srcset=\"http:\/\/dg3of.de\/wp-content\/uploads\/2017\/03\/20600-aus-Richtung-Norden-1024x576.jpg 1024w, http:\/\/dg3of.de\/wp-content\/uploads\/2017\/03\/20600-aus-Richtung-Norden-300x169.jpg 300w, http:\/\/dg3of.de\/wp-content\/uploads\/2017\/03\/20600-aus-Richtung-Norden-768x432.jpg 768w, http:\/\/dg3of.de\/wp-content\/uploads\/2017\/03\/20600-aus-Richtung-Norden.jpg 1280w\" sizes=\"auto, (max-width: 640px) 100vw, 640px\" \/><\/a><\/p>\n<p>Bf Leese-Stolzenau Gleise Richtung S\u00fcden (27.05.2005)<\/p>\n<p><a href=\"http:\/\/dg3of.de\/wp-content\/uploads\/2017\/03\/20650-Ladestra\u00dfe.jpg\"><img loading=\"lazy\" decoding=\"async\" class=\"alignleft wp-image-5552 size-large\" src=\"http:\/\/dg3of.de\/wp-content\/uploads\/2017\/03\/20650-Ladestra\u00dfe-1024x576.jpg\" alt=\"\" width=\"640\" height=\"360\" srcset=\"http:\/\/dg3of.de\/wp-content\/uploads\/2017\/03\/20650-Ladestra\u00dfe-1024x576.jpg 1024w, http:\/\/dg3of.de\/wp-content\/uploads\/2017\/03\/20650-Ladestra\u00dfe-300x169.jpg 300w, http:\/\/dg3of.de\/wp-content\/uploads\/2017\/03\/20650-Ladestra\u00dfe-768x432.jpg 768w, http:\/\/dg3of.de\/wp-content\/uploads\/2017\/03\/20650-Ladestra\u00dfe.jpg 1280w\" sizes=\"auto, (max-width: 640px) 100vw, 640px\" \/><\/a><\/p>\n<p>Bf Leese-Stolzenau (27.05.2005)<\/p>\n<p><a href=\"http:\/\/dg3of.de\/wp-content\/uploads\/2017\/03\/00002-EG-Glesseite-1.jpg\"><img loading=\"lazy\" decoding=\"async\" class=\"alignleft size-large wp-image-5117\" src=\"http:\/\/dg3of.de\/wp-content\/uploads\/2017\/03\/00002-EG-Glesseite-1-1024x594.jpg\" alt=\"\" width=\"640\" height=\"371\" srcset=\"http:\/\/dg3of.de\/wp-content\/uploads\/2017\/03\/00002-EG-Glesseite-1-1024x594.jpg 1024w, http:\/\/dg3of.de\/wp-content\/uploads\/2017\/03\/00002-EG-Glesseite-1-300x174.jpg 300w, http:\/\/dg3of.de\/wp-content\/uploads\/2017\/03\/00002-EG-Glesseite-1-768x445.jpg 768w, http:\/\/dg3of.de\/wp-content\/uploads\/2017\/03\/00002-EG-Glesseite-1.jpg 1280w\" sizes=\"auto, (max-width: 640px) 100vw, 640px\" \/><\/a><\/p>\n<p>Bf Leese-Stolzenau (27.05.2005)<\/p>\n<p><a href=\"http:\/\/dg3of.de\/wp-content\/uploads\/2017\/03\/00002-Zufahrt-Bahnhof-1.jpg\"><img loading=\"lazy\" decoding=\"async\" class=\"alignleft size-large wp-image-5119\" src=\"http:\/\/dg3of.de\/wp-content\/uploads\/2017\/03\/00002-Zufahrt-Bahnhof-1-1024x576.jpg\" alt=\"\" width=\"640\" height=\"360\" srcset=\"http:\/\/dg3of.de\/wp-content\/uploads\/2017\/03\/00002-Zufahrt-Bahnhof-1-1024x576.jpg 1024w, http:\/\/dg3of.de\/wp-content\/uploads\/2017\/03\/00002-Zufahrt-Bahnhof-1-300x169.jpg 300w, http:\/\/dg3of.de\/wp-content\/uploads\/2017\/03\/00002-Zufahrt-Bahnhof-1-768x432.jpg 768w, http:\/\/dg3of.de\/wp-content\/uploads\/2017\/03\/00002-Zufahrt-Bahnhof-1.jpg 1280w\" sizes=\"auto, (max-width: 640px) 100vw, 640px\" \/><\/a><\/p>\n<p>Bf Leese-Stolzenau, Stra\u00dfenseite (27.05.2005)<\/p>\n<table>\n<tbody>\n<tr>\n<td><a href=\"http:\/\/dg3of.de\/wp-content\/uploads\/2017\/03\/00100-EBR-Stolzenauer-Stra\u00dfe-W-O-1.jpg\"><img loading=\"lazy\" decoding=\"async\" class=\"alignleft size-large wp-image-5113\" src=\"http:\/\/dg3of.de\/wp-content\/uploads\/2017\/03\/00100-EBR-Stolzenauer-Stra\u00dfe-W-O-1-1024x577.jpg\" alt=\"\" width=\"640\" height=\"361\" srcset=\"http:\/\/dg3of.de\/wp-content\/uploads\/2017\/03\/00100-EBR-Stolzenauer-Stra\u00dfe-W-O-1-1024x577.jpg 1024w, http:\/\/dg3of.de\/wp-content\/uploads\/2017\/03\/00100-EBR-Stolzenauer-Stra\u00dfe-W-O-1-300x169.jpg 300w, http:\/\/dg3of.de\/wp-content\/uploads\/2017\/03\/00100-EBR-Stolzenauer-Stra\u00dfe-W-O-1-768x433.jpg 768w, http:\/\/dg3of.de\/wp-content\/uploads\/2017\/03\/00100-EBR-Stolzenauer-Stra\u00dfe-W-O-1.jpg 1278w\" sizes=\"auto, (max-width: 640px) 100vw, 640px\" \/><\/a><\/td>\n<td><a href=\"http:\/\/dg3of.de\/wp-content\/uploads\/2017\/03\/00100-EBR-Stolzenauer-Stra\u00dfe-O-W-1.jpg\"><img loading=\"lazy\" decoding=\"async\" class=\"alignleft size-large wp-image-5114\" src=\"http:\/\/dg3of.de\/wp-content\/uploads\/2017\/03\/00100-EBR-Stolzenauer-Stra\u00dfe-O-W-1-1024x576.jpg\" alt=\"\" width=\"640\" height=\"360\" srcset=\"http:\/\/dg3of.de\/wp-content\/uploads\/2017\/03\/00100-EBR-Stolzenauer-Stra\u00dfe-O-W-1-1024x576.jpg 1024w, http:\/\/dg3of.de\/wp-content\/uploads\/2017\/03\/00100-EBR-Stolzenauer-Stra\u00dfe-O-W-1-300x169.jpg 300w, http:\/\/dg3of.de\/wp-content\/uploads\/2017\/03\/00100-EBR-Stolzenauer-Stra\u00dfe-O-W-1-768x432.jpg 768w, http:\/\/dg3of.de\/wp-content\/uploads\/2017\/03\/00100-EBR-Stolzenauer-Stra\u00dfe-O-W-1.jpg 1280w\" sizes=\"auto, (max-width: 640px) 100vw, 640px\" \/><\/a><\/td>\n<\/tr>\n<\/tbody>\n<\/table>\n<p>20,900 &#8211; EBR Stolzenauer Stra\u00dfe W-O \/ O-W (ehem. Hp Leese Rb der StMB)<\/p>\n<table>\n<tbody>\n<tr>\n<td><a href=\"http:\/\/dg3of.de\/wp-content\/uploads\/2017\/03\/21797-EBR-Schmiedestra\u00dfe-W-O.jpg\"><img loading=\"lazy\" decoding=\"async\" class=\"alignleft size-large wp-image-5548\" src=\"http:\/\/dg3of.de\/wp-content\/uploads\/2017\/03\/21797-EBR-Schmiedestra\u00dfe-W-O-1024x576.jpg\" alt=\"\" width=\"640\" height=\"360\" srcset=\"http:\/\/dg3of.de\/wp-content\/uploads\/2017\/03\/21797-EBR-Schmiedestra\u00dfe-W-O-1024x576.jpg 1024w, http:\/\/dg3of.de\/wp-content\/uploads\/2017\/03\/21797-EBR-Schmiedestra\u00dfe-W-O-300x169.jpg 300w, http:\/\/dg3of.de\/wp-content\/uploads\/2017\/03\/21797-EBR-Schmiedestra\u00dfe-W-O-768x432.jpg 768w, http:\/\/dg3of.de\/wp-content\/uploads\/2017\/03\/21797-EBR-Schmiedestra\u00dfe-W-O.jpg 1280w\" sizes=\"auto, (max-width: 640px) 100vw, 640px\" \/><\/a><\/td>\n<td><a href=\"http:\/\/dg3of.de\/wp-content\/uploads\/2017\/03\/21797-EBR-Schmiedestra\u00dfe-O-W.jpg\"><img loading=\"lazy\" decoding=\"async\" class=\"alignleft size-large wp-image-5549\" src=\"http:\/\/dg3of.de\/wp-content\/uploads\/2017\/03\/21797-EBR-Schmiedestra\u00dfe-O-W-1024x576.jpg\" alt=\"\" width=\"640\" height=\"360\" srcset=\"http:\/\/dg3of.de\/wp-content\/uploads\/2017\/03\/21797-EBR-Schmiedestra\u00dfe-O-W-1024x576.jpg 1024w, http:\/\/dg3of.de\/wp-content\/uploads\/2017\/03\/21797-EBR-Schmiedestra\u00dfe-O-W-300x169.jpg 300w, http:\/\/dg3of.de\/wp-content\/uploads\/2017\/03\/21797-EBR-Schmiedestra\u00dfe-O-W-768x432.jpg 768w, http:\/\/dg3of.de\/wp-content\/uploads\/2017\/03\/21797-EBR-Schmiedestra\u00dfe-O-W.jpg 1280w\" sizes=\"auto, (max-width: 640px) 100vw, 640px\" \/><\/a><\/td>\n<\/tr>\n<\/tbody>\n<\/table>\n<p>21,797 &#8211; EBR Schmiedestra\u00dfe W-O \/<\/p>\n<ul>\n<li>&lt;&lt;&lt; 18,800 &#8211;\u00a0<a href=\"http:\/\/dg3of.de\/?page_id=611\">Anst Leese RWG<\/a><\/li>\n<li>&gt;&gt;&gt; 24,900 &#8211;\u00a0<a href=\"http:\/\/dg3of.de\/?page_id=613\">Bf Schl\u00fcsselburg (Weser)<\/a><\/li>\n<\/ul>\n<p><a href=\"#\">Nach oben<\/a><\/p>\n","protected":false},"excerpt":{"rendered":"<p>Kartenauszug\u00a0OpenRailwayMap Kartenauszug TK 1:25000 (Reichsamt f\u00fcr Landesvermessung 1945) Lageplan, Zustand 1954 Bahnhofsgeb\u00e4ude Gleisseite um 1920 Bf Leese-Stolzenau Gleise Richtung S\u00fcden (27.05.2005) Bf Leese-Stolzenau (27.05.2005) Bf Leese-Stolzenau (27.05.2005) Bf Leese-Stolzenau, Stra\u00dfenseite (27.05.2005) 20,900 &#8211; EBR Stolzenauer Stra\u00dfe W-O \/ O-W (ehem. &hellip; <a href=\"http:\/\/dg3of.de\/?page_id=609\">Weiterlesen <span class=\"meta-nav\">&rarr;<\/span><\/a><\/p>\n","protected":false},"author":1,"featured_media":0,"parent":371,"menu_order":0,"comment_status":"closed","ping_status":"closed","template":"","meta":{"footnotes":""},"class_list":["post-609","page","type-page","status-publish","hentry"],"_links":{"self":[{"href":"http:\/\/dg3of.de\/index.php?rest_route=\/wp\/v2\/pages\/609","targetHints":{"allow":["GET"]}}],"collection":[{"href":"http:\/\/dg3of.de\/index.php?rest_route=\/wp\/v2\/pages"}],"about":[{"href":"http:\/\/dg3of.de\/index.php?rest_route=\/wp\/v2\/types\/page"}],"author":[{"embeddable":true,"href":"http:\/\/dg3of.de\/index.php?rest_route=\/wp\/v2\/users\/1"}],"replies":[{"embeddable":true,"href":"http:\/\/dg3of.de\/index.php?rest_route=%2Fwp%2Fv2%2Fcomments&post=609"}],"version-history":[{"count":17,"href":"http:\/\/dg3of.de\/index.php?rest_route=\/wp\/v2\/pages\/609\/revisions"}],"predecessor-version":[{"id":5554,"href":"http:\/\/dg3of.de\/index.php?rest_route=\/wp\/v2\/pages\/609\/revisions\/5554"}],"up":[{"embeddable":true,"href":"http:\/\/dg3of.de\/index.php?rest_route=\/wp\/v2\/pages\/371"}],"wp:attachment":[{"href":"http:\/\/dg3of.de\/index.php?rest_route=%2Fwp%2Fv2%2Fmedia&parent=609"}],"curies":[{"name":"wp","href":"https:\/\/api.w.org\/{rel}","templated":true}]}}