{"id":607,"date":"2017-03-29T06:27:09","date_gmt":"2017-03-29T04:27:09","guid":{"rendered":"http:\/\/dg3of.de\/?page_id=607"},"modified":"2017-10-17T05:25:14","modified_gmt":"2017-10-17T03:25:14","slug":"14900-bf-landesbergen","status":"publish","type":"page","link":"http:\/\/dg3of.de\/?page_id=607","title":{"rendered":"14,900 &#8211; Bf Landesbergen (Han)"},"content":{"rendered":"<p><a href=\"http:\/\/dg3of.de\/wp-content\/uploads\/2017\/03\/Landesbergen.png\"><img loading=\"lazy\" decoding=\"async\" class=\"alignright wp-image-3399 size-full\" src=\"http:\/\/dg3of.de\/wp-content\/uploads\/2017\/03\/Landesbergen.png\" alt=\"\" width=\"918\" height=\"686\" srcset=\"http:\/\/dg3of.de\/wp-content\/uploads\/2017\/03\/Landesbergen.png 918w, http:\/\/dg3of.de\/wp-content\/uploads\/2017\/03\/Landesbergen-300x224.png 300w, http:\/\/dg3of.de\/wp-content\/uploads\/2017\/03\/Landesbergen-768x574.png 768w\" sizes=\"auto, (max-width: 918px) 100vw, 918px\" \/><\/a><\/p>\n<p>Kartenauszug\u00a0<a href=\"http:\/\/www.openrailwaymap.org\/mobile.php?searchquery=&amp;lang=de\" target=\"_blank\" rel=\"noopener\">OpenRailwayMap<\/a><\/p>\n<p>Kartenauszug TK 1:25000 (Reichsamt f\u00fcr Landesvermessung 1945)<\/p>\n<p><a href=\"http:\/\/dg3of.de\/wp-content\/uploads\/2017\/03\/Landesbergen-Bf-Lageplan-Bahn.jpg\"><img loading=\"lazy\" decoding=\"async\" class=\"alignleft size-full wp-image-1050\" src=\"http:\/\/dg3of.de\/wp-content\/uploads\/2017\/03\/Landesbergen-Bf-Lageplan-Bahn.jpg\" alt=\"\" width=\"1807\" height=\"773\" srcset=\"http:\/\/dg3of.de\/wp-content\/uploads\/2017\/03\/Landesbergen-Bf-Lageplan-Bahn.jpg 1807w, http:\/\/dg3of.de\/wp-content\/uploads\/2017\/03\/Landesbergen-Bf-Lageplan-Bahn-300x128.jpg 300w, http:\/\/dg3of.de\/wp-content\/uploads\/2017\/03\/Landesbergen-Bf-Lageplan-Bahn-768x329.jpg 768w, http:\/\/dg3of.de\/wp-content\/uploads\/2017\/03\/Landesbergen-Bf-Lageplan-Bahn-1024x438.jpg 1024w\" sizes=\"auto, (max-width: 1807px) 100vw, 1807px\" \/><\/a><\/p>\n<p>Lageplan, Zustand 1954<\/p>\n<table>\n<tbody>\n<tr>\n<td><a href=\"http:\/\/dg3of.de\/wp-content\/uploads\/2017\/03\/1741_014780-B\u00dc-Brokeloher-Stra\u00dfe-W-O-2.jpg\"><img loading=\"lazy\" decoding=\"async\" class=\"alignleft size-large wp-image-5538\" src=\"http:\/\/dg3of.de\/wp-content\/uploads\/2017\/03\/1741_014780-B\u00dc-Brokeloher-Stra\u00dfe-W-O-2-1024x576.jpg\" alt=\"\" width=\"640\" height=\"360\" srcset=\"http:\/\/dg3of.de\/wp-content\/uploads\/2017\/03\/1741_014780-B\u00dc-Brokeloher-Stra\u00dfe-W-O-2-1024x576.jpg 1024w, http:\/\/dg3of.de\/wp-content\/uploads\/2017\/03\/1741_014780-B\u00dc-Brokeloher-Stra\u00dfe-W-O-2-300x169.jpg 300w, http:\/\/dg3of.de\/wp-content\/uploads\/2017\/03\/1741_014780-B\u00dc-Brokeloher-Stra\u00dfe-W-O-2-768x432.jpg 768w, http:\/\/dg3of.de\/wp-content\/uploads\/2017\/03\/1741_014780-B\u00dc-Brokeloher-Stra\u00dfe-W-O-2.jpg 1280w\" sizes=\"auto, (max-width: 640px) 100vw, 640px\" \/><\/a><\/td>\n<td><a href=\"http:\/\/dg3of.de\/wp-content\/uploads\/2017\/03\/1741_014780-B\u00dc-Brokeloher-Stra\u00dfe-O-W-1.jpg\"><img loading=\"lazy\" decoding=\"async\" class=\"alignleft size-large wp-image-5539\" src=\"http:\/\/dg3of.de\/wp-content\/uploads\/2017\/03\/1741_014780-B\u00dc-Brokeloher-Stra\u00dfe-O-W-1-1024x578.jpg\" alt=\"\" width=\"640\" height=\"361\" srcset=\"http:\/\/dg3of.de\/wp-content\/uploads\/2017\/03\/1741_014780-B\u00dc-Brokeloher-Stra\u00dfe-O-W-1-1024x578.jpg 1024w, http:\/\/dg3of.de\/wp-content\/uploads\/2017\/03\/1741_014780-B\u00dc-Brokeloher-Stra\u00dfe-O-W-1-300x169.jpg 300w, http:\/\/dg3of.de\/wp-content\/uploads\/2017\/03\/1741_014780-B\u00dc-Brokeloher-Stra\u00dfe-O-W-1-768x433.jpg 768w, http:\/\/dg3of.de\/wp-content\/uploads\/2017\/03\/1741_014780-B\u00dc-Brokeloher-Stra\u00dfe-O-W-1.jpg 1280w\" sizes=\"auto, (max-width: 640px) 100vw, 640px\" \/><\/a><\/td>\n<\/tr>\n<\/tbody>\n<\/table>\n<p>14,780 &#8211; B\u00dc Brokeloher Stra\u00dfe W-O \/ O-W<br \/>\n<a href=\"http:\/\/dg3of.de\/wp-content\/uploads\/2017\/03\/1741_014800-Gleis-Richtung-S\u00fcden-1.jpg\"><img loading=\"lazy\" decoding=\"async\" class=\"alignleft size-large wp-image-5536\" src=\"http:\/\/dg3of.de\/wp-content\/uploads\/2017\/03\/1741_014800-Gleis-Richtung-S\u00fcden-1-1024x576.jpg\" alt=\"\" width=\"640\" height=\"360\" srcset=\"http:\/\/dg3of.de\/wp-content\/uploads\/2017\/03\/1741_014800-Gleis-Richtung-S\u00fcden-1-1024x576.jpg 1024w, http:\/\/dg3of.de\/wp-content\/uploads\/2017\/03\/1741_014800-Gleis-Richtung-S\u00fcden-1-300x169.jpg 300w, http:\/\/dg3of.de\/wp-content\/uploads\/2017\/03\/1741_014800-Gleis-Richtung-S\u00fcden-1-768x432.jpg 768w, http:\/\/dg3of.de\/wp-content\/uploads\/2017\/03\/1741_014800-Gleis-Richtung-S\u00fcden-1.jpg 1280w\" sizes=\"auto, (max-width: 640px) 100vw, 640px\" \/><\/a><\/p>\n<p>14,800 &#8211; Gleis Richtung S\u00fcden<\/p>\n<p><a href=\"http:\/\/dg3of.de\/wp-content\/uploads\/2017\/03\/1741_014920-EG-Gleisseite-1990.jpg\"><img loading=\"lazy\" decoding=\"async\" class=\"alignnone size-full wp-image-2223\" src=\"http:\/\/dg3of.de\/wp-content\/uploads\/2017\/03\/1741_014920-EG-Gleisseite-1990.jpg\" alt=\"\" width=\"2047\" height=\"1574\" srcset=\"http:\/\/dg3of.de\/wp-content\/uploads\/2017\/03\/1741_014920-EG-Gleisseite-1990.jpg 2047w, http:\/\/dg3of.de\/wp-content\/uploads\/2017\/03\/1741_014920-EG-Gleisseite-1990-300x231.jpg 300w, http:\/\/dg3of.de\/wp-content\/uploads\/2017\/03\/1741_014920-EG-Gleisseite-1990-768x591.jpg 768w, http:\/\/dg3of.de\/wp-content\/uploads\/2017\/03\/1741_014920-EG-Gleisseite-1990-1024x787.jpg 1024w\" sizes=\"auto, (max-width: 2047px) 100vw, 2047px\" \/><\/a><\/p>\n<p>14,900 &#8211; Bf Landesbergen (Han), Gleisseite (1990)<\/p>\n<p><a href=\"http:\/\/dg3of.de\/wp-content\/uploads\/2017\/03\/1741_014930-EG-Gleisseite-2013-1.jpg\"><img loading=\"lazy\" decoding=\"async\" class=\"alignnone size-full wp-image-2229\" src=\"http:\/\/dg3of.de\/wp-content\/uploads\/2017\/03\/1741_014930-EG-Gleisseite-2013-1.jpg\" alt=\"\" width=\"1920\" height=\"1080\" srcset=\"http:\/\/dg3of.de\/wp-content\/uploads\/2017\/03\/1741_014930-EG-Gleisseite-2013-1.jpg 1920w, http:\/\/dg3of.de\/wp-content\/uploads\/2017\/03\/1741_014930-EG-Gleisseite-2013-1-300x169.jpg 300w, http:\/\/dg3of.de\/wp-content\/uploads\/2017\/03\/1741_014930-EG-Gleisseite-2013-1-768x432.jpg 768w, http:\/\/dg3of.de\/wp-content\/uploads\/2017\/03\/1741_014930-EG-Gleisseite-2013-1-1024x576.jpg 1024w\" sizes=\"auto, (max-width: 1920px) 100vw, 1920px\" \/><\/a><\/p>\n<p>14,900 &#8211; Bf Landesbergen (Han), Gleisseite (2013)<\/p>\n<p><a href=\"http:\/\/dg3of.de\/wp-content\/uploads\/2017\/03\/1741_014930-EG-Stra\u00dfenseite-2013.jpg\"><img loading=\"lazy\" decoding=\"async\" class=\"alignnone size-full wp-image-2225\" src=\"http:\/\/dg3of.de\/wp-content\/uploads\/2017\/03\/1741_014930-EG-Stra\u00dfenseite-2013.jpg\" alt=\"\" width=\"1920\" height=\"1080\" srcset=\"http:\/\/dg3of.de\/wp-content\/uploads\/2017\/03\/1741_014930-EG-Stra\u00dfenseite-2013.jpg 1920w, http:\/\/dg3of.de\/wp-content\/uploads\/2017\/03\/1741_014930-EG-Stra\u00dfenseite-2013-300x169.jpg 300w, http:\/\/dg3of.de\/wp-content\/uploads\/2017\/03\/1741_014930-EG-Stra\u00dfenseite-2013-768x432.jpg 768w, http:\/\/dg3of.de\/wp-content\/uploads\/2017\/03\/1741_014930-EG-Stra\u00dfenseite-2013-1024x576.jpg 1024w\" sizes=\"auto, (max-width: 1920px) 100vw, 1920px\" \/><\/a><\/p>\n<p>14,900 &#8211; Bf Landesbergen (Han), Stra\u00dfenseite (2013)<\/p>\n<p><a href=\"http:\/\/dg3of.de\/wp-content\/uploads\/2017\/03\/1741_015700-Gleis-Richtung-Norden-1.jpg\"><img loading=\"lazy\" decoding=\"async\" class=\"alignleft size-large wp-image-5537\" src=\"http:\/\/dg3of.de\/wp-content\/uploads\/2017\/03\/1741_015700-Gleis-Richtung-Norden-1-1024x576.jpg\" alt=\"\" width=\"640\" height=\"360\" srcset=\"http:\/\/dg3of.de\/wp-content\/uploads\/2017\/03\/1741_015700-Gleis-Richtung-Norden-1-1024x576.jpg 1024w, http:\/\/dg3of.de\/wp-content\/uploads\/2017\/03\/1741_015700-Gleis-Richtung-Norden-1-300x169.jpg 300w, http:\/\/dg3of.de\/wp-content\/uploads\/2017\/03\/1741_015700-Gleis-Richtung-Norden-1-768x432.jpg 768w, http:\/\/dg3of.de\/wp-content\/uploads\/2017\/03\/1741_015700-Gleis-Richtung-Norden-1.jpg 1280w\" sizes=\"auto, (max-width: 640px) 100vw, 640px\" \/><\/a><\/p>\n<p>15,700 &#8211; Gleis Richtung Norden<\/p>\n<table>\n<tbody>\n<tr>\n<td><a href=\"http:\/\/dg3of.de\/wp-content\/uploads\/2017\/03\/1741_015731-B\u00dc-Heidhausen-W-O-2.jpg\"><img loading=\"lazy\" decoding=\"async\" class=\"alignleft size-large wp-image-5540\" src=\"http:\/\/dg3of.de\/wp-content\/uploads\/2017\/03\/1741_015731-B\u00dc-Heidhausen-W-O-2-1024x576.jpg\" alt=\"\" width=\"640\" height=\"360\" srcset=\"http:\/\/dg3of.de\/wp-content\/uploads\/2017\/03\/1741_015731-B\u00dc-Heidhausen-W-O-2-1024x576.jpg 1024w, http:\/\/dg3of.de\/wp-content\/uploads\/2017\/03\/1741_015731-B\u00dc-Heidhausen-W-O-2-300x169.jpg 300w, http:\/\/dg3of.de\/wp-content\/uploads\/2017\/03\/1741_015731-B\u00dc-Heidhausen-W-O-2-768x432.jpg 768w, http:\/\/dg3of.de\/wp-content\/uploads\/2017\/03\/1741_015731-B\u00dc-Heidhausen-W-O-2.jpg 1280w\" sizes=\"auto, (max-width: 640px) 100vw, 640px\" \/><\/a><\/td>\n<td><a href=\"http:\/\/dg3of.de\/wp-content\/uploads\/2017\/03\/1741_015731-B\u00dc-Heidhausen-O-W-2.jpg\"><img loading=\"lazy\" decoding=\"async\" class=\"alignleft size-large wp-image-5541\" src=\"http:\/\/dg3of.de\/wp-content\/uploads\/2017\/03\/1741_015731-B\u00dc-Heidhausen-O-W-2-1024x576.jpg\" alt=\"\" width=\"640\" height=\"360\" srcset=\"http:\/\/dg3of.de\/wp-content\/uploads\/2017\/03\/1741_015731-B\u00dc-Heidhausen-O-W-2-1024x576.jpg 1024w, http:\/\/dg3of.de\/wp-content\/uploads\/2017\/03\/1741_015731-B\u00dc-Heidhausen-O-W-2-300x169.jpg 300w, http:\/\/dg3of.de\/wp-content\/uploads\/2017\/03\/1741_015731-B\u00dc-Heidhausen-O-W-2-768x432.jpg 768w, http:\/\/dg3of.de\/wp-content\/uploads\/2017\/03\/1741_015731-B\u00dc-Heidhausen-O-W-2.jpg 1280w\" sizes=\"auto, (max-width: 640px) 100vw, 640px\" \/><\/a><\/td>\n<\/tr>\n<\/tbody>\n<\/table>\n<p>15,731 &#8211; B\u00dc Heidhausen W-O \/ O-W<\/p>\n<table>\n<tbody>\n<tr>\n<td><a href=\"http:\/\/dg3of.de\/wp-content\/uploads\/2017\/03\/1741_016980-B\u00dc-Feldweg-W-O.jpg\"><img loading=\"lazy\" decoding=\"async\" class=\"alignleft size-large wp-image-5543\" src=\"http:\/\/dg3of.de\/wp-content\/uploads\/2017\/03\/1741_016980-B\u00dc-Feldweg-W-O-1024x576.jpg\" alt=\"\" width=\"640\" height=\"360\" srcset=\"http:\/\/dg3of.de\/wp-content\/uploads\/2017\/03\/1741_016980-B\u00dc-Feldweg-W-O-1024x576.jpg 1024w, http:\/\/dg3of.de\/wp-content\/uploads\/2017\/03\/1741_016980-B\u00dc-Feldweg-W-O-300x169.jpg 300w, http:\/\/dg3of.de\/wp-content\/uploads\/2017\/03\/1741_016980-B\u00dc-Feldweg-W-O-768x432.jpg 768w, http:\/\/dg3of.de\/wp-content\/uploads\/2017\/03\/1741_016980-B\u00dc-Feldweg-W-O.jpg 1280w\" sizes=\"auto, (max-width: 640px) 100vw, 640px\" \/><\/a><\/td>\n<td><a href=\"http:\/\/dg3of.de\/wp-content\/uploads\/2017\/03\/1741_016980-B\u00dc-Feldweg-O-W.jpg\"><img loading=\"lazy\" decoding=\"async\" class=\"alignleft size-large wp-image-5544\" src=\"http:\/\/dg3of.de\/wp-content\/uploads\/2017\/03\/1741_016980-B\u00dc-Feldweg-O-W-1024x576.jpg\" alt=\"\" width=\"640\" height=\"360\" srcset=\"http:\/\/dg3of.de\/wp-content\/uploads\/2017\/03\/1741_016980-B\u00dc-Feldweg-O-W-1024x576.jpg 1024w, http:\/\/dg3of.de\/wp-content\/uploads\/2017\/03\/1741_016980-B\u00dc-Feldweg-O-W-300x169.jpg 300w, http:\/\/dg3of.de\/wp-content\/uploads\/2017\/03\/1741_016980-B\u00dc-Feldweg-O-W-768x432.jpg 768w, http:\/\/dg3of.de\/wp-content\/uploads\/2017\/03\/1741_016980-B\u00dc-Feldweg-O-W.jpg 1280w\" sizes=\"auto, (max-width: 640px) 100vw, 640px\" \/><\/a><\/td>\n<\/tr>\n<\/tbody>\n<\/table>\n<p>16,980 &#8211; B\u00dc Feldweg W-O \/ O-W<\/p>\n<ul>\n<li>&lt;&lt;&lt; 11,120 &#8211;\u00a0<a href=\"http:\/\/dg3of.de\/?page_id=605\">Bf Estorf (Weser)<\/a><\/li>\n<li>&gt;&gt;&gt; 18,800 &#8211;\u00a0<a href=\"http:\/\/dg3of.de\/?page_id=611\">Anst Leese RWG<\/a><\/li>\n<\/ul>\n<p><a href=\"#\">Nach oben<\/a><\/p>\n","protected":false},"excerpt":{"rendered":"<p>Kartenauszug\u00a0OpenRailwayMap Kartenauszug TK 1:25000 (Reichsamt f\u00fcr Landesvermessung 1945) Lageplan, Zustand 1954 14,780 &#8211; B\u00dc Brokeloher Stra\u00dfe W-O \/ O-W 14,800 &#8211; Gleis Richtung S\u00fcden 14,900 &#8211; Bf Landesbergen (Han), Gleisseite (1990) 14,900 &#8211; Bf Landesbergen (Han), Gleisseite (2013) 14,900 &#8211; &hellip; <a href=\"http:\/\/dg3of.de\/?page_id=607\">Weiterlesen <span class=\"meta-nav\">&rarr;<\/span><\/a><\/p>\n","protected":false},"author":1,"featured_media":0,"parent":371,"menu_order":0,"comment_status":"closed","ping_status":"closed","template":"","meta":{"footnotes":""},"class_list":["post-607","page","type-page","status-publish","hentry"],"_links":{"self":[{"href":"http:\/\/dg3of.de\/index.php?rest_route=\/wp\/v2\/pages\/607","targetHints":{"allow":["GET"]}}],"collection":[{"href":"http:\/\/dg3of.de\/index.php?rest_route=\/wp\/v2\/pages"}],"about":[{"href":"http:\/\/dg3of.de\/index.php?rest_route=\/wp\/v2\/types\/page"}],"author":[{"embeddable":true,"href":"http:\/\/dg3of.de\/index.php?rest_route=\/wp\/v2\/users\/1"}],"replies":[{"embeddable":true,"href":"http:\/\/dg3of.de\/index.php?rest_route=%2Fwp%2Fv2%2Fcomments&post=607"}],"version-history":[{"count":17,"href":"http:\/\/dg3of.de\/index.php?rest_route=\/wp\/v2\/pages\/607\/revisions"}],"predecessor-version":[{"id":5546,"href":"http:\/\/dg3of.de\/index.php?rest_route=\/wp\/v2\/pages\/607\/revisions\/5546"}],"up":[{"embeddable":true,"href":"http:\/\/dg3of.de\/index.php?rest_route=\/wp\/v2\/pages\/371"}],"wp:attachment":[{"href":"http:\/\/dg3of.de\/index.php?rest_route=%2Fwp%2Fv2%2Fmedia&parent=607"}],"curies":[{"name":"wp","href":"https:\/\/api.w.org\/{rel}","templated":true}]}}