{"id":601,"date":"2017-03-29T06:25:33","date_gmt":"2017-03-29T04:25:33","guid":{"rendered":"http:\/\/dg3of.de\/?page_id=601"},"modified":"2017-12-06T08:55:40","modified_gmt":"2017-12-06T06:55:40","slug":"04450-bf-langendamm","status":"publish","type":"page","link":"http:\/\/dg3of.de\/?page_id=601","title":{"rendered":"04,450 &#8211; Bf Langendamm"},"content":{"rendered":"<p><a href=\"http:\/\/dg3of.de\/wp-content\/uploads\/2017\/03\/Langendamm.png\"><img loading=\"lazy\" decoding=\"async\" class=\"alignright wp-image-3386 size-full\" src=\"http:\/\/dg3of.de\/wp-content\/uploads\/2017\/03\/Langendamm.png\" alt=\"\" width=\"695\" height=\"501\" srcset=\"http:\/\/dg3of.de\/wp-content\/uploads\/2017\/03\/Langendamm.png 695w, http:\/\/dg3of.de\/wp-content\/uploads\/2017\/03\/Langendamm-300x216.png 300w\" sizes=\"auto, (max-width: 695px) 100vw, 695px\" \/><\/a><\/p>\n<p>Kartenauszug\u00a0<a href=\"http:\/\/www.openrailwaymap.org\/mobile.php?searchquery=&amp;lang=de\" target=\"_blank\" rel=\"noopener\">OpenRailwayMap<\/a>\u00a0&#8211; \u00dcbersicht <a href=\"http:\/\/dg3of.de\/?page_id=371\">Strecke 1741<\/a><\/p>\n<p><a href=\"http:\/\/dg3of.de\/wp-content\/uploads\/2017\/03\/01-Langendamm.jpg\"><img loading=\"lazy\" decoding=\"async\" class=\"alignnone size-full wp-image-2190\" src=\"http:\/\/dg3of.de\/wp-content\/uploads\/2017\/03\/01-Langendamm.jpg\" alt=\"\" width=\"1058\" height=\"809\" srcset=\"http:\/\/dg3of.de\/wp-content\/uploads\/2017\/03\/01-Langendamm.jpg 1058w, http:\/\/dg3of.de\/wp-content\/uploads\/2017\/03\/01-Langendamm-300x229.jpg 300w, http:\/\/dg3of.de\/wp-content\/uploads\/2017\/03\/01-Langendamm-768x587.jpg 768w, http:\/\/dg3of.de\/wp-content\/uploads\/2017\/03\/01-Langendamm-1024x783.jpg 1024w\" sizes=\"auto, (max-width: 1058px) 100vw, 1058px\" \/><\/a><\/p>\n<p>Kartenauszug TK 1:25000 (Reichsamt f\u00fcr Landesvermessung 1945)<\/p>\n<p><a href=\"http:\/\/dg3of.de\/wp-content\/uploads\/2017\/03\/Langendamm-Bf-Lageplan-Bahn.jpg\"><img loading=\"lazy\" decoding=\"async\" class=\"alignleft size-full wp-image-929\" src=\"http:\/\/dg3of.de\/wp-content\/uploads\/2017\/03\/Langendamm-Bf-Lageplan-Bahn.jpg\" alt=\"\" width=\"3507\" height=\"2480\" srcset=\"http:\/\/dg3of.de\/wp-content\/uploads\/2017\/03\/Langendamm-Bf-Lageplan-Bahn.jpg 3507w, http:\/\/dg3of.de\/wp-content\/uploads\/2017\/03\/Langendamm-Bf-Lageplan-Bahn-300x212.jpg 300w, http:\/\/dg3of.de\/wp-content\/uploads\/2017\/03\/Langendamm-Bf-Lageplan-Bahn-768x543.jpg 768w, http:\/\/dg3of.de\/wp-content\/uploads\/2017\/03\/Langendamm-Bf-Lageplan-Bahn-1024x724.jpg 1024w\" sizes=\"auto, (max-width: 3507px) 100vw, 3507px\" \/><\/a><\/p>\n<p>Lageplan, Zustand 1954<\/p>\n<p>Zum Fahrplanwechsel 1987\/88 wurde der Bahnhof als Tarifstelle f\u00fcr den Personenverkehr aufgel\u00f6st, das Bahnhofsgeb\u00e4ude wurde einige Jahre sp\u00e4ter abgerissen.<\/p>\n<table>\n<tbody>\n<tr>\n<td><a href=\"http:\/\/dg3of.de\/wp-content\/uploads\/2017\/03\/02674-B\u00dc-Zur-Stadtforst-W-O.jpg\"><img loading=\"lazy\" decoding=\"async\" class=\"alignleft size-large wp-image-5434\" src=\"http:\/\/dg3of.de\/wp-content\/uploads\/2017\/03\/02674-B\u00dc-Zur-Stadtforst-W-O-1024x576.jpg\" alt=\"\" width=\"640\" height=\"360\" srcset=\"http:\/\/dg3of.de\/wp-content\/uploads\/2017\/03\/02674-B\u00dc-Zur-Stadtforst-W-O-1024x576.jpg 1024w, http:\/\/dg3of.de\/wp-content\/uploads\/2017\/03\/02674-B\u00dc-Zur-Stadtforst-W-O-300x169.jpg 300w, http:\/\/dg3of.de\/wp-content\/uploads\/2017\/03\/02674-B\u00dc-Zur-Stadtforst-W-O-768x432.jpg 768w, http:\/\/dg3of.de\/wp-content\/uploads\/2017\/03\/02674-B\u00dc-Zur-Stadtforst-W-O.jpg 1280w\" sizes=\"auto, (max-width: 640px) 100vw, 640px\" \/><\/a><\/td>\n<td><a href=\"http:\/\/dg3of.de\/wp-content\/uploads\/2017\/03\/02674-B\u00dc-Zur-Stadtforst-O-W.jpg\"><img loading=\"lazy\" decoding=\"async\" class=\"alignleft size-large wp-image-5435\" src=\"http:\/\/dg3of.de\/wp-content\/uploads\/2017\/03\/02674-B\u00dc-Zur-Stadtforst-O-W-1024x576.jpg\" alt=\"\" width=\"640\" height=\"360\" srcset=\"http:\/\/dg3of.de\/wp-content\/uploads\/2017\/03\/02674-B\u00dc-Zur-Stadtforst-O-W-1024x576.jpg 1024w, http:\/\/dg3of.de\/wp-content\/uploads\/2017\/03\/02674-B\u00dc-Zur-Stadtforst-O-W-300x169.jpg 300w, http:\/\/dg3of.de\/wp-content\/uploads\/2017\/03\/02674-B\u00dc-Zur-Stadtforst-O-W-768x432.jpg 768w, http:\/\/dg3of.de\/wp-content\/uploads\/2017\/03\/02674-B\u00dc-Zur-Stadtforst-O-W.jpg 1280w\" sizes=\"auto, (max-width: 640px) 100vw, 640px\" \/><\/a><\/td>\n<\/tr>\n<\/tbody>\n<\/table>\n<p>02,674 &#8211; B\u00dc Zur Stadtforst W-O \/ O-W<\/p>\n<table>\n<tbody>\n<tr>\n<td><a href=\"http:\/\/dg3of.de\/wp-content\/uploads\/2017\/03\/03978-STBR-Ortsumgehung-B-6-S-N.jpg\"><img loading=\"lazy\" decoding=\"async\" class=\"alignleft size-large wp-image-5438\" src=\"http:\/\/dg3of.de\/wp-content\/uploads\/2017\/03\/03978-STBR-Ortsumgehung-B-6-S-N-1024x576.jpg\" alt=\"\" width=\"640\" height=\"360\" srcset=\"http:\/\/dg3of.de\/wp-content\/uploads\/2017\/03\/03978-STBR-Ortsumgehung-B-6-S-N-1024x576.jpg 1024w, http:\/\/dg3of.de\/wp-content\/uploads\/2017\/03\/03978-STBR-Ortsumgehung-B-6-S-N-300x169.jpg 300w, http:\/\/dg3of.de\/wp-content\/uploads\/2017\/03\/03978-STBR-Ortsumgehung-B-6-S-N-768x432.jpg 768w, http:\/\/dg3of.de\/wp-content\/uploads\/2017\/03\/03978-STBR-Ortsumgehung-B-6-S-N.jpg 1280w\" sizes=\"auto, (max-width: 640px) 100vw, 640px\" \/><\/a><\/td>\n<td><a href=\"http:\/\/dg3of.de\/wp-content\/uploads\/2017\/03\/04292-STBR-Gleise-Richtung-S\u00fcden.jpg\"><img loading=\"lazy\" decoding=\"async\" class=\"alignleft size-large wp-image-5439\" src=\"http:\/\/dg3of.de\/wp-content\/uploads\/2017\/03\/04292-STBR-Gleise-Richtung-S\u00fcden-1024x578.jpg\" alt=\"\" width=\"640\" height=\"361\" srcset=\"http:\/\/dg3of.de\/wp-content\/uploads\/2017\/03\/04292-STBR-Gleise-Richtung-S\u00fcden-1024x578.jpg 1024w, http:\/\/dg3of.de\/wp-content\/uploads\/2017\/03\/04292-STBR-Gleise-Richtung-S\u00fcden-300x169.jpg 300w, http:\/\/dg3of.de\/wp-content\/uploads\/2017\/03\/04292-STBR-Gleise-Richtung-S\u00fcden-768x433.jpg 768w, http:\/\/dg3of.de\/wp-content\/uploads\/2017\/03\/04292-STBR-Gleise-Richtung-S\u00fcden.jpg 1276w\" sizes=\"auto, (max-width: 640px) 100vw, 640px\" \/><\/a><\/td>\n<\/tr>\n<\/tbody>\n<\/table>\n<p>03,500 &#8211; EBR Umgehungsstra\u00dfe B6<\/p>\n<p><a href=\"http:\/\/dg3of.de\/wp-content\/uploads\/2017\/03\/04000-Bf-Langendamm-Posten_g.jpg\"><img loading=\"lazy\" decoding=\"async\" class=\"alignnone size-full wp-image-1981\" src=\"http:\/\/dg3of.de\/wp-content\/uploads\/2017\/03\/04000-Bf-Langendamm-Posten_g.jpg\" alt=\"\" width=\"1000\" height=\"781\" srcset=\"http:\/\/dg3of.de\/wp-content\/uploads\/2017\/03\/04000-Bf-Langendamm-Posten_g.jpg 1000w, http:\/\/dg3of.de\/wp-content\/uploads\/2017\/03\/04000-Bf-Langendamm-Posten_g-300x234.jpg 300w, http:\/\/dg3of.de\/wp-content\/uploads\/2017\/03\/04000-Bf-Langendamm-Posten_g-768x600.jpg 768w\" sizes=\"auto, (max-width: 1000px) 100vw, 1000px\" \/><\/a><\/p>\n<p>04,000 &#8211; Bf Langendamm, Posten A<\/p>\n<table>\n<tbody>\n<tr>\n<td><a href=\"http:\/\/dg3of.de\/wp-content\/uploads\/2017\/03\/04292-STBR-Hannoversche-Stra\u00dfe-B-6-alt-S-N.jpg\"><img loading=\"lazy\" decoding=\"async\" class=\"alignleft size-large wp-image-5446\" src=\"http:\/\/dg3of.de\/wp-content\/uploads\/2017\/03\/04292-STBR-Hannoversche-Stra\u00dfe-B-6-alt-S-N-1024x576.jpg\" alt=\"\" width=\"640\" height=\"360\" srcset=\"http:\/\/dg3of.de\/wp-content\/uploads\/2017\/03\/04292-STBR-Hannoversche-Stra\u00dfe-B-6-alt-S-N-1024x576.jpg 1024w, http:\/\/dg3of.de\/wp-content\/uploads\/2017\/03\/04292-STBR-Hannoversche-Stra\u00dfe-B-6-alt-S-N-300x169.jpg 300w, http:\/\/dg3of.de\/wp-content\/uploads\/2017\/03\/04292-STBR-Hannoversche-Stra\u00dfe-B-6-alt-S-N-768x432.jpg 768w, http:\/\/dg3of.de\/wp-content\/uploads\/2017\/03\/04292-STBR-Hannoversche-Stra\u00dfe-B-6-alt-S-N.jpg 1280w\" sizes=\"auto, (max-width: 640px) 100vw, 640px\" \/><\/a><\/td>\n<td><a href=\"http:\/\/dg3of.de\/wp-content\/uploads\/2017\/03\/04290-STBR-Gleise-Richtung-Norden.jpg\"><img loading=\"lazy\" decoding=\"async\" class=\"alignleft size-large wp-image-5448\" src=\"http:\/\/dg3of.de\/wp-content\/uploads\/2017\/03\/04290-STBR-Gleise-Richtung-Norden-1024x576.jpg\" alt=\"\" width=\"640\" height=\"360\" srcset=\"http:\/\/dg3of.de\/wp-content\/uploads\/2017\/03\/04290-STBR-Gleise-Richtung-Norden-1024x576.jpg 1024w, http:\/\/dg3of.de\/wp-content\/uploads\/2017\/03\/04290-STBR-Gleise-Richtung-Norden-300x169.jpg 300w, http:\/\/dg3of.de\/wp-content\/uploads\/2017\/03\/04290-STBR-Gleise-Richtung-Norden-768x432.jpg 768w, http:\/\/dg3of.de\/wp-content\/uploads\/2017\/03\/04290-STBR-Gleise-Richtung-Norden.jpg 1280w\" sizes=\"auto, (max-width: 640px) 100vw, 640px\" \/><\/a><\/td>\n<\/tr>\n<\/tbody>\n<\/table>\n<p>04,292 &#8211; EBR Hannoversche Stra\u00dfe<\/p>\n<p><a href=\"http:\/\/dg3of.de\/wp-content\/uploads\/2017\/03\/04450-Bf-Langendamm-EG-2.jpg\"><img loading=\"lazy\" decoding=\"async\" class=\"alignnone size-full wp-image-1984\" src=\"http:\/\/dg3of.de\/wp-content\/uploads\/2017\/03\/04450-Bf-Langendamm-EG-2.jpg\" alt=\"\" width=\"1280\" height=\"908\" srcset=\"http:\/\/dg3of.de\/wp-content\/uploads\/2017\/03\/04450-Bf-Langendamm-EG-2.jpg 1280w, http:\/\/dg3of.de\/wp-content\/uploads\/2017\/03\/04450-Bf-Langendamm-EG-2-300x213.jpg 300w, http:\/\/dg3of.de\/wp-content\/uploads\/2017\/03\/04450-Bf-Langendamm-EG-2-768x545.jpg 768w, http:\/\/dg3of.de\/wp-content\/uploads\/2017\/03\/04450-Bf-Langendamm-EG-2-1024x726.jpg 1024w\" sizes=\"auto, (max-width: 1280px) 100vw, 1280px\" \/><\/a><\/p>\n<p>04,450 &#8211; Bf Langendamm, Gleisseite<\/p>\n<p><a href=\"http:\/\/dg3of.de\/wp-content\/uploads\/2017\/03\/04450-Bf-Langendamm-EG-1.jpg\"><img loading=\"lazy\" decoding=\"async\" class=\"alignnone size-full wp-image-1982\" src=\"http:\/\/dg3of.de\/wp-content\/uploads\/2017\/03\/04450-Bf-Langendamm-EG-1.jpg\" alt=\"\" width=\"1280\" height=\"908\" srcset=\"http:\/\/dg3of.de\/wp-content\/uploads\/2017\/03\/04450-Bf-Langendamm-EG-1.jpg 1280w, http:\/\/dg3of.de\/wp-content\/uploads\/2017\/03\/04450-Bf-Langendamm-EG-1-300x213.jpg 300w, http:\/\/dg3of.de\/wp-content\/uploads\/2017\/03\/04450-Bf-Langendamm-EG-1-768x545.jpg 768w, http:\/\/dg3of.de\/wp-content\/uploads\/2017\/03\/04450-Bf-Langendamm-EG-1-1024x726.jpg 1024w\" sizes=\"auto, (max-width: 1280px) 100vw, 1280px\" \/><\/a><\/p>\n<p>04,450 &#8211; Bf Langendamm, Gleisseite<\/p>\n<p><a href=\"http:\/\/dg3of.de\/wp-content\/uploads\/2017\/03\/04450-Bf-Langendamm-EG-3.jpg\"><img loading=\"lazy\" decoding=\"async\" class=\"alignnone size-full wp-image-1983\" src=\"http:\/\/dg3of.de\/wp-content\/uploads\/2017\/03\/04450-Bf-Langendamm-EG-3.jpg\" alt=\"\" width=\"1280\" height=\"908\" srcset=\"http:\/\/dg3of.de\/wp-content\/uploads\/2017\/03\/04450-Bf-Langendamm-EG-3.jpg 1280w, http:\/\/dg3of.de\/wp-content\/uploads\/2017\/03\/04450-Bf-Langendamm-EG-3-300x213.jpg 300w, http:\/\/dg3of.de\/wp-content\/uploads\/2017\/03\/04450-Bf-Langendamm-EG-3-768x545.jpg 768w, http:\/\/dg3of.de\/wp-content\/uploads\/2017\/03\/04450-Bf-Langendamm-EG-3-1024x726.jpg 1024w\" sizes=\"auto, (max-width: 1280px) 100vw, 1280px\" \/><\/a><\/p>\n<p>04,450 &#8211; Bf Langendamm, Stra\u00dfenseite<\/p>\n<p><a href=\"http:\/\/dg3of.de\/wp-content\/uploads\/2017\/03\/04500-Gleise-Richtung-S\u00fcden.jpg\"><img loading=\"lazy\" decoding=\"async\" class=\"alignleft size-large wp-image-5441\" src=\"http:\/\/dg3of.de\/wp-content\/uploads\/2017\/03\/04500-Gleise-Richtung-S\u00fcden-1024x576.jpg\" alt=\"\" width=\"640\" height=\"360\" srcset=\"http:\/\/dg3of.de\/wp-content\/uploads\/2017\/03\/04500-Gleise-Richtung-S\u00fcden-1024x576.jpg 1024w, http:\/\/dg3of.de\/wp-content\/uploads\/2017\/03\/04500-Gleise-Richtung-S\u00fcden-300x169.jpg 300w, http:\/\/dg3of.de\/wp-content\/uploads\/2017\/03\/04500-Gleise-Richtung-S\u00fcden-768x432.jpg 768w, http:\/\/dg3of.de\/wp-content\/uploads\/2017\/03\/04500-Gleise-Richtung-S\u00fcden.jpg 1280w\" sizes=\"auto, (max-width: 640px) 100vw, 640px\" \/><\/a><\/p>\n<p>04,500 &#8211; Gleise Richtung S\u00fcden<\/p>\n<table>\n<tbody>\n<tr>\n<td><a href=\"http:\/\/dg3of.de\/wp-content\/uploads\/2017\/03\/05537-B\u00dc-Nienburger-Bruchweg-W-O.jpg\"><img loading=\"lazy\" decoding=\"async\" class=\"alignleft size-large wp-image-5443\" src=\"http:\/\/dg3of.de\/wp-content\/uploads\/2017\/03\/05537-B\u00dc-Nienburger-Bruchweg-W-O-1024x576.jpg\" alt=\"\" width=\"640\" height=\"360\" srcset=\"http:\/\/dg3of.de\/wp-content\/uploads\/2017\/03\/05537-B\u00dc-Nienburger-Bruchweg-W-O-1024x576.jpg 1024w, http:\/\/dg3of.de\/wp-content\/uploads\/2017\/03\/05537-B\u00dc-Nienburger-Bruchweg-W-O-300x169.jpg 300w, http:\/\/dg3of.de\/wp-content\/uploads\/2017\/03\/05537-B\u00dc-Nienburger-Bruchweg-W-O-768x432.jpg 768w, http:\/\/dg3of.de\/wp-content\/uploads\/2017\/03\/05537-B\u00dc-Nienburger-Bruchweg-W-O.jpg 1280w\" sizes=\"auto, (max-width: 640px) 100vw, 640px\" \/><\/a><\/td>\n<td><a href=\"http:\/\/dg3of.de\/wp-content\/uploads\/2017\/03\/05537-B\u00dc-Nienburger-Bruchweg-O-W.jpg\"><img loading=\"lazy\" decoding=\"async\" class=\"alignleft size-large wp-image-5444\" src=\"http:\/\/dg3of.de\/wp-content\/uploads\/2017\/03\/05537-B\u00dc-Nienburger-Bruchweg-O-W-1024x576.jpg\" alt=\"\" width=\"640\" height=\"360\" srcset=\"http:\/\/dg3of.de\/wp-content\/uploads\/2017\/03\/05537-B\u00dc-Nienburger-Bruchweg-O-W-1024x576.jpg 1024w, http:\/\/dg3of.de\/wp-content\/uploads\/2017\/03\/05537-B\u00dc-Nienburger-Bruchweg-O-W-300x169.jpg 300w, http:\/\/dg3of.de\/wp-content\/uploads\/2017\/03\/05537-B\u00dc-Nienburger-Bruchweg-O-W-768x432.jpg 768w, http:\/\/dg3of.de\/wp-content\/uploads\/2017\/03\/05537-B\u00dc-Nienburger-Bruchweg-O-W.jpg 1280w\" sizes=\"auto, (max-width: 640px) 100vw, 640px\" \/><\/a><\/td>\n<\/tr>\n<\/tbody>\n<\/table>\n<p>05,537 &#8211; B\u00dc Nienburger Bruchweg W-O \/ O-W<\/p>\n<ul>\n<li>&lt;&lt;&lt; <a href=\"http:\/\/dg3of.de\/?page_id=598\">00,000 &#8211; Bf Nienburg (Weser)<\/a><\/li>\n<li>&gt;&gt;&gt; <a href=\"http:\/\/dg3of.de\/?page_id=603\">07,770 &#8211; Bf Sch\u00e4ferhof<\/a><\/li>\n<\/ul>\n<p><a href=\"#\">Nach oben<\/a><\/p>\n","protected":false},"excerpt":{"rendered":"<p>Kartenauszug\u00a0OpenRailwayMap\u00a0&#8211; \u00dcbersicht Strecke 1741 Kartenauszug TK 1:25000 (Reichsamt f\u00fcr Landesvermessung 1945) Lageplan, Zustand 1954 Zum Fahrplanwechsel 1987\/88 wurde der Bahnhof als Tarifstelle f\u00fcr den Personenverkehr aufgel\u00f6st, das Bahnhofsgeb\u00e4ude wurde einige Jahre sp\u00e4ter abgerissen. 02,674 &#8211; B\u00dc Zur Stadtforst W-O \/ &hellip; <a href=\"http:\/\/dg3of.de\/?page_id=601\">Weiterlesen <span class=\"meta-nav\">&rarr;<\/span><\/a><\/p>\n","protected":false},"author":1,"featured_media":0,"parent":371,"menu_order":0,"comment_status":"closed","ping_status":"closed","template":"","meta":{"footnotes":""},"class_list":["post-601","page","type-page","status-publish","hentry"],"_links":{"self":[{"href":"http:\/\/dg3of.de\/index.php?rest_route=\/wp\/v2\/pages\/601","targetHints":{"allow":["GET"]}}],"collection":[{"href":"http:\/\/dg3of.de\/index.php?rest_route=\/wp\/v2\/pages"}],"about":[{"href":"http:\/\/dg3of.de\/index.php?rest_route=\/wp\/v2\/types\/page"}],"author":[{"embeddable":true,"href":"http:\/\/dg3of.de\/index.php?rest_route=\/wp\/v2\/users\/1"}],"replies":[{"embeddable":true,"href":"http:\/\/dg3of.de\/index.php?rest_route=%2Fwp%2Fv2%2Fcomments&post=601"}],"version-history":[{"count":21,"href":"http:\/\/dg3of.de\/index.php?rest_route=\/wp\/v2\/pages\/601\/revisions"}],"predecessor-version":[{"id":5915,"href":"http:\/\/dg3of.de\/index.php?rest_route=\/wp\/v2\/pages\/601\/revisions\/5915"}],"up":[{"embeddable":true,"href":"http:\/\/dg3of.de\/index.php?rest_route=\/wp\/v2\/pages\/371"}],"wp:attachment":[{"href":"http:\/\/dg3of.de\/index.php?rest_route=%2Fwp%2Fv2%2Fmedia&parent=601"}],"curies":[{"name":"wp","href":"https:\/\/api.w.org\/{rel}","templated":true}]}}