{"id":581,"date":"2017-03-28T18:40:03","date_gmt":"2017-03-28T16:40:03","guid":{"rendered":"http:\/\/dg3of.de\/?page_id=581"},"modified":"2017-07-14T07:02:45","modified_gmt":"2017-07-14T05:02:45","slug":"65400-hpu-huelsen-nord","status":"publish","type":"page","link":"http:\/\/dg3of.de\/?page_id=581","title":{"rendered":"65,400 &#8211; Hpu H\u00fclsen Nord"},"content":{"rendered":"<p><a href=\"http:\/\/dg3of.de\/wp-content\/uploads\/2017\/03\/H\u00fclsen.png\"><img loading=\"lazy\" decoding=\"async\" class=\"alignright wp-image-3362 size-full\" src=\"http:\/\/dg3of.de\/wp-content\/uploads\/2017\/03\/H\u00fclsen.png\" alt=\"\" width=\"839\" height=\"578\" srcset=\"http:\/\/dg3of.de\/wp-content\/uploads\/2017\/03\/H\u00fclsen.png 839w, http:\/\/dg3of.de\/wp-content\/uploads\/2017\/03\/H\u00fclsen-300x207.png 300w, http:\/\/dg3of.de\/wp-content\/uploads\/2017\/03\/H\u00fclsen-768x529.png 768w\" sizes=\"auto, (max-width: 839px) 100vw, 839px\" \/><\/a><\/p>\n<p>Kartenauszug\u00a0<a href=\"http:\/\/www.openrailwaymap.org\/mobile.php?searchquery=&amp;lang=de\" target=\"_blank\">OpenRailwayMap<\/a>\u00a0&#8211; \u00dcbersicht <a href=\"http:\/\/dg3of.de\/?page_id=416\">Strecke 1721<\/a><\/p>\n<p><a href=\"http:\/\/dg3of.de\/wp-content\/uploads\/2017\/04\/Huelsen-Anschlussgleis.jpg\"><img loading=\"lazy\" decoding=\"async\" class=\"alignright size-full wp-image-2451\" src=\"http:\/\/dg3of.de\/wp-content\/uploads\/2017\/04\/Huelsen-Anschlussgleis.jpg\" alt=\"\" width=\"640\" height=\"760\" srcset=\"http:\/\/dg3of.de\/wp-content\/uploads\/2017\/04\/Huelsen-Anschlussgleis.jpg 640w, http:\/\/dg3of.de\/wp-content\/uploads\/2017\/04\/Huelsen-Anschlussgleis-253x300.jpg 253w\" sizes=\"auto, (max-width: 640px) 100vw, 640px\" \/><\/a><\/p>\n<p>Kartenauszug TK 1:25000 (Reichsamt f\u00fcr Landesvermessung 1945)<\/p>\n<p>Lageplan, Zustand 1954<\/p>\n<ul>\n<li>&lt;&lt;&lt; <a href=\"http:\/\/dg3of.de\/?page_id=579\">H\u00fclsen<\/a><\/li>\n<li>&gt;&gt;&gt; <a href=\"http:\/\/dg3of.de\/?page_id=583\">Westen<\/a><\/li>\n<\/ul>\n<p><a href=\"#\">Nach oben<\/a><\/p>\n","protected":false},"excerpt":{"rendered":"<p>Kartenauszug\u00a0OpenRailwayMap\u00a0&#8211; \u00dcbersicht Strecke 1721 Kartenauszug TK 1:25000 (Reichsamt f\u00fcr Landesvermessung 1945) Lageplan, Zustand 1954 &lt;&lt;&lt; H\u00fclsen &gt;&gt;&gt; Westen Nach oben<\/p>\n","protected":false},"author":1,"featured_media":0,"parent":416,"menu_order":0,"comment_status":"closed","ping_status":"closed","template":"","meta":{"footnotes":""},"class_list":["post-581","page","type-page","status-publish","hentry"],"_links":{"self":[{"href":"http:\/\/dg3of.de\/index.php?rest_route=\/wp\/v2\/pages\/581","targetHints":{"allow":["GET"]}}],"collection":[{"href":"http:\/\/dg3of.de\/index.php?rest_route=\/wp\/v2\/pages"}],"about":[{"href":"http:\/\/dg3of.de\/index.php?rest_route=\/wp\/v2\/types\/page"}],"author":[{"embeddable":true,"href":"http:\/\/dg3of.de\/index.php?rest_route=\/wp\/v2\/users\/1"}],"replies":[{"embeddable":true,"href":"http:\/\/dg3of.de\/index.php?rest_route=%2Fwp%2Fv2%2Fcomments&post=581"}],"version-history":[{"count":6,"href":"http:\/\/dg3of.de\/index.php?rest_route=\/wp\/v2\/pages\/581\/revisions"}],"predecessor-version":[{"id":4280,"href":"http:\/\/dg3of.de\/index.php?rest_route=\/wp\/v2\/pages\/581\/revisions\/4280"}],"up":[{"embeddable":true,"href":"http:\/\/dg3of.de\/index.php?rest_route=\/wp\/v2\/pages\/416"}],"wp:attachment":[{"href":"http:\/\/dg3of.de\/index.php?rest_route=%2Fwp%2Fv2%2Fmedia&parent=581"}],"curies":[{"name":"wp","href":"https:\/\/api.w.org\/{rel}","templated":true}]}}