{"id":569,"date":"2017-03-28T18:37:53","date_gmt":"2017-03-28T16:37:53","guid":{"rendered":"http:\/\/dg3of.de\/?page_id=569"},"modified":"2017-07-14T07:00:15","modified_gmt":"2017-07-14T05:00:15","slug":"50800-bf-eilte","status":"publish","type":"page","link":"http:\/\/dg3of.de\/?page_id=569","title":{"rendered":"50,800 &#8211; Bf Eilte"},"content":{"rendered":"<p><a href=\"http:\/\/dg3of.de\/wp-content\/uploads\/2017\/03\/Ahlden.png\"><img loading=\"lazy\" decoding=\"async\" class=\"alignright wp-image-3351 size-large\" src=\"http:\/\/dg3of.de\/wp-content\/uploads\/2017\/03\/Ahlden-1024x695.png\" alt=\"\" width=\"640\" height=\"434\" srcset=\"http:\/\/dg3of.de\/wp-content\/uploads\/2017\/03\/Ahlden-1024x695.png 1024w, http:\/\/dg3of.de\/wp-content\/uploads\/2017\/03\/Ahlden-300x204.png 300w, http:\/\/dg3of.de\/wp-content\/uploads\/2017\/03\/Ahlden-768x521.png 768w, http:\/\/dg3of.de\/wp-content\/uploads\/2017\/03\/Ahlden.png 1110w\" sizes=\"auto, (max-width: 640px) 100vw, 640px\" \/><\/a><\/p>\n<p>Kartenauszug\u00a0<a href=\"http:\/\/www.openrailwaymap.org\/mobile.php?searchquery=&amp;lang=de\" target=\"_blank\">OpenRailwayMap<\/a>\u00a0&#8211; \u00dcbersicht <a href=\"http:\/\/dg3of.de\/?page_id=416\">Strecke 1721<\/a><\/p>\n<p><a href=\"http:\/\/dg3of.de\/wp-content\/uploads\/2017\/03\/00-Bosse-Eilte-Ausschnitt.jpg\"><img loading=\"lazy\" decoding=\"async\" class=\"alignright size-full wp-image-2597\" src=\"http:\/\/dg3of.de\/wp-content\/uploads\/2017\/03\/00-Bosse-Eilte-Ausschnitt.jpg\" alt=\"\" width=\"1280\" height=\"807\" srcset=\"http:\/\/dg3of.de\/wp-content\/uploads\/2017\/03\/00-Bosse-Eilte-Ausschnitt.jpg 1280w, http:\/\/dg3of.de\/wp-content\/uploads\/2017\/03\/00-Bosse-Eilte-Ausschnitt-300x189.jpg 300w, http:\/\/dg3of.de\/wp-content\/uploads\/2017\/03\/00-Bosse-Eilte-Ausschnitt-768x484.jpg 768w, http:\/\/dg3of.de\/wp-content\/uploads\/2017\/03\/00-Bosse-Eilte-Ausschnitt-1024x646.jpg 1024w\" sizes=\"auto, (max-width: 1280px) 100vw, 1280px\" \/><\/a><\/p>\n<p>Kartenauszug TK 1:25000 (Reichsamt f\u00fcr Landesvermessung 1945)<\/p>\n<p>Lageplan, Zustand 1954<\/p>\n<p><a href=\"http:\/\/dg3of.de\/wp-content\/uploads\/2017\/03\/50680-Eilte-1.jpg\"><img loading=\"lazy\" decoding=\"async\" class=\"alignright size-full wp-image-2599\" src=\"http:\/\/dg3of.de\/wp-content\/uploads\/2017\/03\/50680-Eilte-1.jpg\" alt=\"\" width=\"1920\" height=\"1080\" srcset=\"http:\/\/dg3of.de\/wp-content\/uploads\/2017\/03\/50680-Eilte-1.jpg 1920w, http:\/\/dg3of.de\/wp-content\/uploads\/2017\/03\/50680-Eilte-1-300x169.jpg 300w, http:\/\/dg3of.de\/wp-content\/uploads\/2017\/03\/50680-Eilte-1-768x432.jpg 768w, http:\/\/dg3of.de\/wp-content\/uploads\/2017\/03\/50680-Eilte-1-1024x576.jpg 1024w\" sizes=\"auto, (max-width: 1920px) 100vw, 1920px\" \/><\/a><\/p>\n<p>50,800 &#8211; Bf Eilte, ehem. Bahnhofsgeb\u00e4ude<\/p>\n<p><a href=\"http:\/\/dg3of.de\/wp-content\/uploads\/2017\/03\/50680-Eilte-3.jpg\"><img loading=\"lazy\" decoding=\"async\" class=\"alignright size-full wp-image-2600\" src=\"http:\/\/dg3of.de\/wp-content\/uploads\/2017\/03\/50680-Eilte-3.jpg\" alt=\"\" width=\"1920\" height=\"1080\" srcset=\"http:\/\/dg3of.de\/wp-content\/uploads\/2017\/03\/50680-Eilte-3.jpg 1920w, http:\/\/dg3of.de\/wp-content\/uploads\/2017\/03\/50680-Eilte-3-300x169.jpg 300w, http:\/\/dg3of.de\/wp-content\/uploads\/2017\/03\/50680-Eilte-3-768x432.jpg 768w, http:\/\/dg3of.de\/wp-content\/uploads\/2017\/03\/50680-Eilte-3-1024x576.jpg 1024w\" sizes=\"auto, (max-width: 1920px) 100vw, 1920px\" \/><\/a><\/p>\n<p>50,800 &#8211; Bf Eilte, ehem Trasse mit Bahnsteigresten<\/p>\n<ul>\n<li>&lt;&lt;&lt; <a href=\"http:\/\/dg3of.de\/?page_id=567\">Ahlden (Aller)<\/a><\/li>\n<li>&gt;&gt;&gt; <a href=\"http:\/\/dg3of.de\/?page_id=571\">Bosse, Hpu<\/a><\/li>\n<\/ul>\n<p><a href=\"#\">Nach oben<\/a><\/p>\n","protected":false},"excerpt":{"rendered":"<p>Kartenauszug\u00a0OpenRailwayMap\u00a0&#8211; \u00dcbersicht Strecke 1721 Kartenauszug TK 1:25000 (Reichsamt f\u00fcr Landesvermessung 1945) Lageplan, Zustand 1954 50,800 &#8211; Bf Eilte, ehem. Bahnhofsgeb\u00e4ude 50,800 &#8211; Bf Eilte, ehem Trasse mit Bahnsteigresten &lt;&lt;&lt; Ahlden (Aller) &gt;&gt;&gt; Bosse, Hpu Nach oben<\/p>\n","protected":false},"author":1,"featured_media":0,"parent":416,"menu_order":0,"comment_status":"closed","ping_status":"closed","template":"","meta":{"footnotes":""},"class_list":["post-569","page","type-page","status-publish","hentry"],"_links":{"self":[{"href":"http:\/\/dg3of.de\/index.php?rest_route=\/wp\/v2\/pages\/569","targetHints":{"allow":["GET"]}}],"collection":[{"href":"http:\/\/dg3of.de\/index.php?rest_route=\/wp\/v2\/pages"}],"about":[{"href":"http:\/\/dg3of.de\/index.php?rest_route=\/wp\/v2\/types\/page"}],"author":[{"embeddable":true,"href":"http:\/\/dg3of.de\/index.php?rest_route=\/wp\/v2\/users\/1"}],"replies":[{"embeddable":true,"href":"http:\/\/dg3of.de\/index.php?rest_route=%2Fwp%2Fv2%2Fcomments&post=569"}],"version-history":[{"count":9,"href":"http:\/\/dg3of.de\/index.php?rest_route=\/wp\/v2\/pages\/569\/revisions"}],"predecessor-version":[{"id":4276,"href":"http:\/\/dg3of.de\/index.php?rest_route=\/wp\/v2\/pages\/569\/revisions\/4276"}],"up":[{"embeddable":true,"href":"http:\/\/dg3of.de\/index.php?rest_route=\/wp\/v2\/pages\/416"}],"wp:attachment":[{"href":"http:\/\/dg3of.de\/index.php?rest_route=%2Fwp%2Fv2%2Fmedia&parent=569"}],"curies":[{"name":"wp","href":"https:\/\/api.w.org\/{rel}","templated":true}]}}