{"id":550,"date":"2017-03-28T18:34:17","date_gmt":"2017-03-28T16:34:17","guid":{"rendered":"http:\/\/dg3of.de\/?page_id=550"},"modified":"2017-07-14T06:53:20","modified_gmt":"2017-07-14T04:53:20","slug":"25600-bf-jeversen","status":"publish","type":"page","link":"http:\/\/dg3of.de\/?page_id=550","title":{"rendered":"25,600 &#8211; Bf Jeversen"},"content":{"rendered":"<p><a href=\"http:\/\/dg3of.de\/wp-content\/uploads\/2017\/03\/Wietze.png\"><img loading=\"lazy\" decoding=\"async\" class=\"alignright wp-image-3344 size-large\" src=\"http:\/\/dg3of.de\/wp-content\/uploads\/2017\/03\/Wietze-1024x589.png\" alt=\"\" width=\"640\" height=\"368\" srcset=\"http:\/\/dg3of.de\/wp-content\/uploads\/2017\/03\/Wietze-1024x589.png 1024w, http:\/\/dg3of.de\/wp-content\/uploads\/2017\/03\/Wietze-300x173.png 300w, http:\/\/dg3of.de\/wp-content\/uploads\/2017\/03\/Wietze-768x442.png 768w, http:\/\/dg3of.de\/wp-content\/uploads\/2017\/03\/Wietze.png 1212w\" sizes=\"auto, (max-width: 640px) 100vw, 640px\" \/><\/a><\/p>\n<p>Kartenauszug\u00a0<a href=\"http:\/\/www.openrailwaymap.org\/mobile.php?searchquery=&amp;lang=de\" target=\"_blank\">OpenRailwayMap<\/a>\u00a0\u00a0&#8211; \u00dcbersicht <a href=\"http:\/\/dg3of.de\/?page_id=416\">Strecke 1721<\/a><\/p>\n<p><a href=\"http:\/\/dg3of.de\/wp-content\/uploads\/2017\/03\/01-Jeversen.jpg\"><img loading=\"lazy\" decoding=\"async\" class=\"alignright size-full wp-image-2689\" src=\"http:\/\/dg3of.de\/wp-content\/uploads\/2017\/03\/01-Jeversen.jpg\" alt=\"\" width=\"1090\" height=\"797\" srcset=\"http:\/\/dg3of.de\/wp-content\/uploads\/2017\/03\/01-Jeversen.jpg 1090w, http:\/\/dg3of.de\/wp-content\/uploads\/2017\/03\/01-Jeversen-300x219.jpg 300w, http:\/\/dg3of.de\/wp-content\/uploads\/2017\/03\/01-Jeversen-768x562.jpg 768w, http:\/\/dg3of.de\/wp-content\/uploads\/2017\/03\/01-Jeversen-1024x749.jpg 1024w\" sizes=\"auto, (max-width: 1090px) 100vw, 1090px\" \/><\/a><\/p>\n<p>Kartenauszug TK 1:25000 (Reichsamt f\u00fcr Landesvermessung 1945)<\/p>\n<p>Lageplan, Zustand 1954<\/p>\n<ul>\n<li>&lt;&lt;&lt; <a href=\"http:\/\/dg3of.de\/?page_id=549\">Wietze-Steinf\u00f6rde<\/a><\/li>\n<li>&gt;&gt;&gt; <a href=\"http:\/\/dg3of.de\/?page_id=551\">Marklendorf<\/a><\/li>\n<\/ul>\n<p><a href=\"#\">Nach oben<\/a><\/p>\n","protected":false},"excerpt":{"rendered":"<p>Kartenauszug\u00a0OpenRailwayMap\u00a0\u00a0&#8211; \u00dcbersicht Strecke 1721 Kartenauszug TK 1:25000 (Reichsamt f\u00fcr Landesvermessung 1945) Lageplan, Zustand 1954 &lt;&lt;&lt; Wietze-Steinf\u00f6rde &gt;&gt;&gt; Marklendorf Nach oben<\/p>\n","protected":false},"author":1,"featured_media":0,"parent":416,"menu_order":0,"comment_status":"closed","ping_status":"closed","template":"","meta":{"footnotes":""},"class_list":["post-550","page","type-page","status-publish","hentry"],"_links":{"self":[{"href":"http:\/\/dg3of.de\/index.php?rest_route=\/wp\/v2\/pages\/550","targetHints":{"allow":["GET"]}}],"collection":[{"href":"http:\/\/dg3of.de\/index.php?rest_route=\/wp\/v2\/pages"}],"about":[{"href":"http:\/\/dg3of.de\/index.php?rest_route=\/wp\/v2\/types\/page"}],"author":[{"embeddable":true,"href":"http:\/\/dg3of.de\/index.php?rest_route=\/wp\/v2\/users\/1"}],"replies":[{"embeddable":true,"href":"http:\/\/dg3of.de\/index.php?rest_route=%2Fwp%2Fv2%2Fcomments&post=550"}],"version-history":[{"count":8,"href":"http:\/\/dg3of.de\/index.php?rest_route=\/wp\/v2\/pages\/550\/revisions"}],"predecessor-version":[{"id":4265,"href":"http:\/\/dg3of.de\/index.php?rest_route=\/wp\/v2\/pages\/550\/revisions\/4265"}],"up":[{"embeddable":true,"href":"http:\/\/dg3of.de\/index.php?rest_route=\/wp\/v2\/pages\/416"}],"wp:attachment":[{"href":"http:\/\/dg3of.de\/index.php?rest_route=%2Fwp%2Fv2%2Fmedia&parent=550"}],"curies":[{"name":"wp","href":"https:\/\/api.w.org\/{rel}","templated":true}]}}