{"id":545,"date":"2017-03-28T18:31:50","date_gmt":"2017-03-28T16:31:50","guid":{"rendered":"http:\/\/dg3of.de\/?page_id=545"},"modified":"2017-07-14T06:51:50","modified_gmt":"2017-07-14T04:51:50","slug":"12600-bf-oldau","status":"publish","type":"page","link":"http:\/\/dg3of.de\/?page_id=545","title":{"rendered":"12,600 &#8211; Bf Oldau"},"content":{"rendered":"<p><a href=\"http:\/\/dg3of.de\/wp-content\/uploads\/2017\/03\/Winsen.png\"><img loading=\"lazy\" decoding=\"async\" class=\"alignright wp-image-3378 size-large\" src=\"http:\/\/dg3of.de\/wp-content\/uploads\/2017\/03\/Winsen-1024x634.png\" alt=\"\" width=\"640\" height=\"396\" srcset=\"http:\/\/dg3of.de\/wp-content\/uploads\/2017\/03\/Winsen-1024x634.png 1024w, http:\/\/dg3of.de\/wp-content\/uploads\/2017\/03\/Winsen-300x186.png 300w, http:\/\/dg3of.de\/wp-content\/uploads\/2017\/03\/Winsen-768x476.png 768w, http:\/\/dg3of.de\/wp-content\/uploads\/2017\/03\/Winsen.png 1177w\" sizes=\"auto, (max-width: 640px) 100vw, 640px\" \/><\/a><\/p>\n<p>Kartenauszug\u00a0<a href=\"http:\/\/www.openrailwaymap.org\/mobile.php?searchquery=&amp;lang=de\" target=\"_blank\">OpenRailwayMap<\/a>\u00a0\u00a0&#8211; \u00dcbersicht <a href=\"http:\/\/dg3of.de\/?page_id=416\">Strecke 1721<\/a><\/p>\n<p>Kartenauszug TK 1:25000 (Reichsamt f\u00fcr Landesvermessung 1945)<\/p>\n<p><a href=\"http:\/\/dg3of.de\/wp-content\/uploads\/2017\/03\/01-Oldau.jpg\"><img loading=\"lazy\" decoding=\"async\" class=\"alignright size-full wp-image-2683\" src=\"http:\/\/dg3of.de\/wp-content\/uploads\/2017\/03\/01-Oldau.jpg\" alt=\"\" width=\"952\" height=\"731\" srcset=\"http:\/\/dg3of.de\/wp-content\/uploads\/2017\/03\/01-Oldau.jpg 952w, http:\/\/dg3of.de\/wp-content\/uploads\/2017\/03\/01-Oldau-300x230.jpg 300w, http:\/\/dg3of.de\/wp-content\/uploads\/2017\/03\/01-Oldau-768x590.jpg 768w\" sizes=\"auto, (max-width: 952px) 100vw, 952px\" \/><\/a><\/p>\n<p>Lageplan, Zustand 1954<\/p>\n<ul>\n<li>&lt;&lt;&lt; <a href=\"http:\/\/dg3of.de\/?page_id=543\">08,600 &#8211; Bf Hamb\u00fchren<\/a><\/li>\n<li>&gt;&gt;&gt; <a href=\"http:\/\/dg3of.de\/?page_id=547\">15,500 &#8211; Bf Winsen (Aller)<\/a><\/li>\n<\/ul>\n<p><a href=\"#\">Nach oben<\/a><\/p>\n","protected":false},"excerpt":{"rendered":"<p>Kartenauszug\u00a0OpenRailwayMap\u00a0\u00a0&#8211; \u00dcbersicht Strecke 1721 Kartenauszug TK 1:25000 (Reichsamt f\u00fcr Landesvermessung 1945) Lageplan, Zustand 1954 &lt;&lt;&lt; 08,600 &#8211; Bf Hamb\u00fchren &gt;&gt;&gt; 15,500 &#8211; Bf Winsen (Aller) Nach oben<\/p>\n","protected":false},"author":1,"featured_media":0,"parent":416,"menu_order":0,"comment_status":"closed","ping_status":"closed","template":"","meta":{"footnotes":""},"class_list":["post-545","page","type-page","status-publish","hentry"],"_links":{"self":[{"href":"http:\/\/dg3of.de\/index.php?rest_route=\/wp\/v2\/pages\/545","targetHints":{"allow":["GET"]}}],"collection":[{"href":"http:\/\/dg3of.de\/index.php?rest_route=\/wp\/v2\/pages"}],"about":[{"href":"http:\/\/dg3of.de\/index.php?rest_route=\/wp\/v2\/types\/page"}],"author":[{"embeddable":true,"href":"http:\/\/dg3of.de\/index.php?rest_route=\/wp\/v2\/users\/1"}],"replies":[{"embeddable":true,"href":"http:\/\/dg3of.de\/index.php?rest_route=%2Fwp%2Fv2%2Fcomments&post=545"}],"version-history":[{"count":9,"href":"http:\/\/dg3of.de\/index.php?rest_route=\/wp\/v2\/pages\/545\/revisions"}],"predecessor-version":[{"id":4262,"href":"http:\/\/dg3of.de\/index.php?rest_route=\/wp\/v2\/pages\/545\/revisions\/4262"}],"up":[{"embeddable":true,"href":"http:\/\/dg3of.de\/index.php?rest_route=\/wp\/v2\/pages\/416"}],"wp:attachment":[{"href":"http:\/\/dg3of.de\/index.php?rest_route=%2Fwp%2Fv2%2Fmedia&parent=545"}],"curies":[{"name":"wp","href":"https:\/\/api.w.org\/{rel}","templated":true}]}}