{"id":541,"date":"2017-03-28T18:31:02","date_gmt":"2017-03-28T16:31:02","guid":{"rendered":"http:\/\/dg3of.de\/?page_id=541"},"modified":"2017-07-14T06:50:23","modified_gmt":"2017-07-14T04:50:23","slug":"04300-hpu-wietzenbruch","status":"publish","type":"page","link":"http:\/\/dg3of.de\/?page_id=541","title":{"rendered":"04,300 &#8211; Hpu Wietzenbruch"},"content":{"rendered":"<p><a href=\"http:\/\/dg3of.de\/wp-content\/uploads\/2017\/03\/Celle.png\"><img loading=\"lazy\" decoding=\"async\" class=\"alignright wp-image-3372 size-large\" src=\"http:\/\/dg3of.de\/wp-content\/uploads\/2017\/03\/Celle-1024x599.png\" alt=\"\" width=\"640\" height=\"374\" srcset=\"http:\/\/dg3of.de\/wp-content\/uploads\/2017\/03\/Celle-1024x599.png 1024w, http:\/\/dg3of.de\/wp-content\/uploads\/2017\/03\/Celle-300x176.png 300w, http:\/\/dg3of.de\/wp-content\/uploads\/2017\/03\/Celle-768x449.png 768w, http:\/\/dg3of.de\/wp-content\/uploads\/2017\/03\/Celle.png 1241w\" sizes=\"auto, (max-width: 640px) 100vw, 640px\" \/><\/a><\/p>\n<p>Kartenauszug\u00a0<a href=\"http:\/\/www.openrailwaymap.org\/mobile.php?searchquery=&amp;lang=de\" target=\"_blank\">OpenRailwayMap<\/a>\u00a0\u00a0&#8211; \u00dcbersicht <a href=\"http:\/\/dg3of.de\/?page_id=416\">Strecke 1721<\/a><\/p>\n<p><a href=\"http:\/\/dg3of.de\/wp-content\/uploads\/2017\/03\/01-Wietzenbruch.jpg\"><img loading=\"lazy\" decoding=\"async\" class=\"alignright size-full wp-image-2708\" src=\"http:\/\/dg3of.de\/wp-content\/uploads\/2017\/03\/01-Wietzenbruch.jpg\" alt=\"\" width=\"870\" height=\"591\" srcset=\"http:\/\/dg3of.de\/wp-content\/uploads\/2017\/03\/01-Wietzenbruch.jpg 870w, http:\/\/dg3of.de\/wp-content\/uploads\/2017\/03\/01-Wietzenbruch-300x204.jpg 300w, http:\/\/dg3of.de\/wp-content\/uploads\/2017\/03\/01-Wietzenbruch-768x522.jpg 768w\" sizes=\"auto, (max-width: 870px) 100vw, 870px\" \/><\/a><\/p>\n<p>Kartenauszug TK 1:25000 (Reichsamt f\u00fcr Landesvermessung 1945)<\/p>\n<p>Lageplan, Zustand 1954<\/p>\n<ul>\n<li>&lt;&lt;&lt; <a href=\"http:\/\/dg3of.de\/?page_id=539\">Celle<\/a><\/li>\n<li>&gt;&gt;&gt; <a href=\"http:\/\/dg3of.de\/?page_id=543\">Hamb\u00fchren<\/a><\/li>\n<\/ul>\n<p><a href=\"#\">Nach oben<\/a><\/p>\n","protected":false},"excerpt":{"rendered":"<p>Kartenauszug\u00a0OpenRailwayMap\u00a0\u00a0&#8211; \u00dcbersicht Strecke 1721 Kartenauszug TK 1:25000 (Reichsamt f\u00fcr Landesvermessung 1945) Lageplan, Zustand 1954 &lt;&lt;&lt; Celle &gt;&gt;&gt; Hamb\u00fchren Nach oben<\/p>\n","protected":false},"author":1,"featured_media":0,"parent":416,"menu_order":0,"comment_status":"closed","ping_status":"closed","template":"","meta":{"footnotes":""},"class_list":["post-541","page","type-page","status-publish","hentry"],"_links":{"self":[{"href":"http:\/\/dg3of.de\/index.php?rest_route=\/wp\/v2\/pages\/541","targetHints":{"allow":["GET"]}}],"collection":[{"href":"http:\/\/dg3of.de\/index.php?rest_route=\/wp\/v2\/pages"}],"about":[{"href":"http:\/\/dg3of.de\/index.php?rest_route=\/wp\/v2\/types\/page"}],"author":[{"embeddable":true,"href":"http:\/\/dg3of.de\/index.php?rest_route=\/wp\/v2\/users\/1"}],"replies":[{"embeddable":true,"href":"http:\/\/dg3of.de\/index.php?rest_route=%2Fwp%2Fv2%2Fcomments&post=541"}],"version-history":[{"count":9,"href":"http:\/\/dg3of.de\/index.php?rest_route=\/wp\/v2\/pages\/541\/revisions"}],"predecessor-version":[{"id":4260,"href":"http:\/\/dg3of.de\/index.php?rest_route=\/wp\/v2\/pages\/541\/revisions\/4260"}],"up":[{"embeddable":true,"href":"http:\/\/dg3of.de\/index.php?rest_route=\/wp\/v2\/pages\/416"}],"wp:attachment":[{"href":"http:\/\/dg3of.de\/index.php?rest_route=%2Fwp%2Fv2%2Fmedia&parent=541"}],"curies":[{"name":"wp","href":"https:\/\/api.w.org\/{rel}","templated":true}]}}