{"id":539,"date":"2017-03-28T18:30:41","date_gmt":"2017-03-28T16:30:41","guid":{"rendered":"http:\/\/dg3of.de\/?page_id=539"},"modified":"2023-02-12T08:15:24","modified_gmt":"2023-02-12T06:15:24","slug":"00000-bf-celle","status":"publish","type":"page","link":"http:\/\/dg3of.de\/?page_id=539","title":{"rendered":"00,000 &#8211; Bf Celle"},"content":{"rendered":"<p><a href=\"http:\/\/dg3of.de\/wp-content\/uploads\/2017\/03\/Celle.png\"><img loading=\"lazy\" decoding=\"async\" class=\"alignright wp-image-3372 size-large\" src=\"http:\/\/dg3of.de\/wp-content\/uploads\/2017\/03\/Celle-1024x599.png\" alt=\"\" width=\"640\" height=\"374\" srcset=\"http:\/\/dg3of.de\/wp-content\/uploads\/2017\/03\/Celle-1024x599.png 1024w, http:\/\/dg3of.de\/wp-content\/uploads\/2017\/03\/Celle-300x176.png 300w, http:\/\/dg3of.de\/wp-content\/uploads\/2017\/03\/Celle-768x449.png 768w, http:\/\/dg3of.de\/wp-content\/uploads\/2017\/03\/Celle.png 1241w\" sizes=\"auto, (max-width: 640px) 100vw, 640px\" \/><\/a><\/p>\n<p>Kartenauszug\u00a0<a href=\"http:\/\/www.openrailwaymap.org\/mobile.php?searchquery=&amp;lang=de\" target=\"_blank\" rel=\"noopener\">OpenRailwayMap<\/a>\u00a0&#8211; \u00dcbersicht <a href=\"http:\/\/dg3of.de\/?page_id=416\">Strecke 1721<\/a><\/p>\n<p><a href=\"http:\/\/dg3of.de\/wp-content\/uploads\/2017\/03\/01-Celle.jpg\"><img loading=\"lazy\" decoding=\"async\" class=\"alignright size-full wp-image-2706\" src=\"http:\/\/dg3of.de\/wp-content\/uploads\/2017\/03\/01-Celle.jpg\" alt=\"\" width=\"1444\" height=\"922\" srcset=\"http:\/\/dg3of.de\/wp-content\/uploads\/2017\/03\/01-Celle.jpg 1444w, http:\/\/dg3of.de\/wp-content\/uploads\/2017\/03\/01-Celle-300x192.jpg 300w, http:\/\/dg3of.de\/wp-content\/uploads\/2017\/03\/01-Celle-768x490.jpg 768w, http:\/\/dg3of.de\/wp-content\/uploads\/2017\/03\/01-Celle-1024x654.jpg 1024w\" sizes=\"auto, (max-width: 1444px) 100vw, 1444px\" \/><\/a><\/p>\n<p>Kartenauszug TK 1:25000 (Reichsamt f\u00fcr Landesvermessung 1945)<\/p>\n<p>Tr\u00f6ger: <a href=\"https:\/\/www.kdtroeger.de\/bfce03.htm\" target=\"_blank\" rel=\"noopener\">Bahnhof Celle<\/a><\/p>\n<p>&nbsp;<\/p>\n<p>Lageplan, Zustand 1954<\/p>\n<ul>\n<li>&gt;&gt;&gt; <a href=\"http:\/\/dg3of.de\/?page_id=541\">Wietzenbruch<\/a><\/li>\n<\/ul>\n<p><a href=\"#\">Nach oben<\/a><\/p>\n<p>&nbsp;<\/p>\n","protected":false},"excerpt":{"rendered":"<p>Kartenauszug\u00a0OpenRailwayMap\u00a0&#8211; \u00dcbersicht Strecke 1721 Kartenauszug TK 1:25000 (Reichsamt f\u00fcr Landesvermessung 1945) Tr\u00f6ger: Bahnhof Celle &nbsp; Lageplan, Zustand 1954 &gt;&gt;&gt; Wietzenbruch Nach oben &nbsp;<\/p>\n","protected":false},"author":1,"featured_media":0,"parent":416,"menu_order":0,"comment_status":"closed","ping_status":"closed","template":"","meta":{"footnotes":""},"class_list":["post-539","page","type-page","status-publish","hentry"],"_links":{"self":[{"href":"http:\/\/dg3of.de\/index.php?rest_route=\/wp\/v2\/pages\/539","targetHints":{"allow":["GET"]}}],"collection":[{"href":"http:\/\/dg3of.de\/index.php?rest_route=\/wp\/v2\/pages"}],"about":[{"href":"http:\/\/dg3of.de\/index.php?rest_route=\/wp\/v2\/types\/page"}],"author":[{"embeddable":true,"href":"http:\/\/dg3of.de\/index.php?rest_route=\/wp\/v2\/users\/1"}],"replies":[{"embeddable":true,"href":"http:\/\/dg3of.de\/index.php?rest_route=%2Fwp%2Fv2%2Fcomments&post=539"}],"version-history":[{"count":9,"href":"http:\/\/dg3of.de\/index.php?rest_route=\/wp\/v2\/pages\/539\/revisions"}],"predecessor-version":[{"id":20639,"href":"http:\/\/dg3of.de\/index.php?rest_route=\/wp\/v2\/pages\/539\/revisions\/20639"}],"up":[{"embeddable":true,"href":"http:\/\/dg3of.de\/index.php?rest_route=\/wp\/v2\/pages\/416"}],"wp:attachment":[{"href":"http:\/\/dg3of.de\/index.php?rest_route=%2Fwp%2Fv2%2Fmedia&parent=539"}],"curies":[{"name":"wp","href":"https:\/\/api.w.org\/{rel}","templated":true}]}}