{"id":5071,"date":"2017-10-10T07:09:03","date_gmt":"2017-10-10T05:09:03","guid":{"rendered":"http:\/\/dg3of.de\/?page_id=5071"},"modified":"2017-10-11T17:07:43","modified_gmt":"2017-10-11T15:07:43","slug":"01000-05000-holtorfer-marsch-2","status":"publish","type":"page","link":"http:\/\/dg3of.de\/?page_id=5071","title":{"rendered":"02,000 &#8211; 04,000 Holtorfer Marsch"},"content":{"rendered":"<p><a href=\"http:\/\/dg3of.de\/wp-content\/uploads\/2017\/10\/01-NI-Lohe-OSM.png\"><img loading=\"lazy\" decoding=\"async\" class=\"alignleft size-full wp-image-5256\" src=\"http:\/\/dg3of.de\/wp-content\/uploads\/2017\/10\/01-NI-Lohe-OSM.png\" alt=\"\" width=\"1002\" height=\"695\" srcset=\"http:\/\/dg3of.de\/wp-content\/uploads\/2017\/10\/01-NI-Lohe-OSM.png 1002w, http:\/\/dg3of.de\/wp-content\/uploads\/2017\/10\/01-NI-Lohe-OSM-300x208.png 300w, http:\/\/dg3of.de\/wp-content\/uploads\/2017\/10\/01-NI-Lohe-OSM-768x533.png 768w\" sizes=\"auto, (max-width: 1002px) 100vw, 1002px\" \/><\/a><\/p>\n<p>Kartenauszug\u00a0<a href=\"http:\/\/www.openrailwaymap.org\/mobile.php?searchquery=&amp;lang=de\" target=\"_blank\" rel=\"noopener\">OpenRailwayMap<\/a>\u00a0\u2013\u00a0\u00dcbersicht <a href=\"http:\/\/dg3of.de\/?page_id=375\">Strecke 1743<\/a><\/p>\n<p><a href=\"http:\/\/dg3of.de\/wp-content\/uploads\/2017\/10\/01-Nienburg-Lohe.jpg\"><img loading=\"lazy\" decoding=\"async\" class=\"alignleft size-large wp-image-5257\" src=\"http:\/\/dg3of.de\/wp-content\/uploads\/2017\/10\/01-Nienburg-Lohe-1024x696.jpg\" alt=\"\" width=\"640\" height=\"435\" srcset=\"http:\/\/dg3of.de\/wp-content\/uploads\/2017\/10\/01-Nienburg-Lohe-1024x696.jpg 1024w, http:\/\/dg3of.de\/wp-content\/uploads\/2017\/10\/01-Nienburg-Lohe-300x204.jpg 300w, http:\/\/dg3of.de\/wp-content\/uploads\/2017\/10\/01-Nienburg-Lohe-768x522.jpg 768w, http:\/\/dg3of.de\/wp-content\/uploads\/2017\/10\/01-Nienburg-Lohe.jpg 1588w\" sizes=\"auto, (max-width: 640px) 100vw, 640px\" \/><\/a><\/p>\n<p>Kartenauszug TK 1:25000 (Reichsamt f\u00fcr Landesvermessung 1945)<\/p>\n<p><a href=\"http:\/\/dg3of.de\/wp-content\/uploads\/2017\/04\/Strecke-1743-Nienburg-Weser-Abzw-Lohe-Streckenband.jpg\"><img loading=\"lazy\" decoding=\"async\" class=\"alignleft size-large wp-image-1901\" src=\"http:\/\/dg3of.de\/wp-content\/uploads\/2017\/04\/Strecke-1743-Nienburg-Weser-Abzw-Lohe-Streckenband-1024x734.jpg\" alt=\"\" width=\"640\" height=\"459\" srcset=\"http:\/\/dg3of.de\/wp-content\/uploads\/2017\/04\/Strecke-1743-Nienburg-Weser-Abzw-Lohe-Streckenband-1024x734.jpg 1024w, http:\/\/dg3of.de\/wp-content\/uploads\/2017\/04\/Strecke-1743-Nienburg-Weser-Abzw-Lohe-Streckenband-300x215.jpg 300w, http:\/\/dg3of.de\/wp-content\/uploads\/2017\/04\/Strecke-1743-Nienburg-Weser-Abzw-Lohe-Streckenband-768x551.jpg 768w\" sizes=\"auto, (max-width: 640px) 100vw, 640px\" \/><\/a><\/p>\n<p>Streckenband Nienburg (Weser) &#8211; Abzw Lohe<\/p>\n<p><a href=\"http:\/\/dg3of.de\/wp-content\/uploads\/2017\/10\/1743_000600.jpg-Nienburg-Bf-Nord-Franzosenbergstra\u00dfe.jpg\"><img loading=\"lazy\" decoding=\"async\" class=\"alignleft size-large wp-image-5088\" src=\"http:\/\/dg3of.de\/wp-content\/uploads\/2017\/10\/1743_000600.jpg-Nienburg-Bf-Nord-Franzosenbergstra\u00dfe-1024x571.jpg\" alt=\"\" width=\"640\" height=\"357\" srcset=\"http:\/\/dg3of.de\/wp-content\/uploads\/2017\/10\/1743_000600.jpg-Nienburg-Bf-Nord-Franzosenbergstra\u00dfe-1024x571.jpg 1024w, http:\/\/dg3of.de\/wp-content\/uploads\/2017\/10\/1743_000600.jpg-Nienburg-Bf-Nord-Franzosenbergstra\u00dfe-300x167.jpg 300w, http:\/\/dg3of.de\/wp-content\/uploads\/2017\/10\/1743_000600.jpg-Nienburg-Bf-Nord-Franzosenbergstra\u00dfe-768x428.jpg 768w, http:\/\/dg3of.de\/wp-content\/uploads\/2017\/10\/1743_000600.jpg-Nienburg-Bf-Nord-Franzosenbergstra\u00dfe.jpg 1100w\" sizes=\"auto, (max-width: 640px) 100vw, 640px\" \/><\/a><\/p>\n<p>Industriegebiet Nienburg<\/p>\n<table>\n<tbody>\n<tr>\n<td><a href=\"http:\/\/dg3of.de\/wp-content\/uploads\/2017\/10\/1743_000200-EBR-B-215-Verdener-Landstra\u00dfe-N-S.jpg\"><img loading=\"lazy\" decoding=\"async\" class=\"alignleft size-large wp-image-5081\" src=\"http:\/\/dg3of.de\/wp-content\/uploads\/2017\/10\/1743_000200-EBR-B-215-Verdener-Landstra\u00dfe-N-S-1024x576.jpg\" alt=\"\" width=\"640\" height=\"360\" srcset=\"http:\/\/dg3of.de\/wp-content\/uploads\/2017\/10\/1743_000200-EBR-B-215-Verdener-Landstra\u00dfe-N-S-1024x576.jpg 1024w, http:\/\/dg3of.de\/wp-content\/uploads\/2017\/10\/1743_000200-EBR-B-215-Verdener-Landstra\u00dfe-N-S-300x169.jpg 300w, http:\/\/dg3of.de\/wp-content\/uploads\/2017\/10\/1743_000200-EBR-B-215-Verdener-Landstra\u00dfe-N-S-768x432.jpg 768w, http:\/\/dg3of.de\/wp-content\/uploads\/2017\/10\/1743_000200-EBR-B-215-Verdener-Landstra\u00dfe-N-S.jpg 1280w\" sizes=\"auto, (max-width: 640px) 100vw, 640px\" \/><\/a><\/td>\n<td><a href=\"http:\/\/dg3of.de\/wp-content\/uploads\/2017\/10\/1743_000200-EBR-B-215-Verdener-Landstra\u00dfe-S-N.jpg\"><img loading=\"lazy\" decoding=\"async\" class=\"alignleft size-large wp-image-5082\" src=\"http:\/\/dg3of.de\/wp-content\/uploads\/2017\/10\/1743_000200-EBR-B-215-Verdener-Landstra\u00dfe-S-N-1024x576.jpg\" alt=\"\" width=\"640\" height=\"360\" srcset=\"http:\/\/dg3of.de\/wp-content\/uploads\/2017\/10\/1743_000200-EBR-B-215-Verdener-Landstra\u00dfe-S-N-1024x576.jpg 1024w, http:\/\/dg3of.de\/wp-content\/uploads\/2017\/10\/1743_000200-EBR-B-215-Verdener-Landstra\u00dfe-S-N-300x169.jpg 300w, http:\/\/dg3of.de\/wp-content\/uploads\/2017\/10\/1743_000200-EBR-B-215-Verdener-Landstra\u00dfe-S-N-768x432.jpg 768w, http:\/\/dg3of.de\/wp-content\/uploads\/2017\/10\/1743_000200-EBR-B-215-Verdener-Landstra\u00dfe-S-N.jpg 1280w\" sizes=\"auto, (max-width: 640px) 100vw, 640px\" \/><\/a><\/td>\n<\/tr>\n<\/tbody>\n<\/table>\n<p>00,200 &#8211; EBR Verdener Landstra\u00dfe N-S \/ S-N<\/p>\n<p><a href=\"http:\/\/dg3of.de\/wp-content\/uploads\/2017\/10\/1743_000300.jpg\"><img loading=\"lazy\" decoding=\"async\" class=\"alignleft size-large wp-image-5090\" src=\"http:\/\/dg3of.de\/wp-content\/uploads\/2017\/10\/1743_000300-1024x576.jpg\" alt=\"\" width=\"640\" height=\"360\" srcset=\"http:\/\/dg3of.de\/wp-content\/uploads\/2017\/10\/1743_000300-1024x576.jpg 1024w, http:\/\/dg3of.de\/wp-content\/uploads\/2017\/10\/1743_000300-300x169.jpg 300w, http:\/\/dg3of.de\/wp-content\/uploads\/2017\/10\/1743_000300-768x432.jpg 768w, http:\/\/dg3of.de\/wp-content\/uploads\/2017\/10\/1743_000300.jpg 1280w\" sizes=\"auto, (max-width: 640px) 100vw, 640px\" \/><\/a><\/p>\n<p>00,300 &#8211; Stellwerk Nf, Bahnhof Nienburg (Weser)<\/p>\n<table>\n<tbody>\n<tr>\n<td><a href=\"http:\/\/dg3of.de\/wp-content\/uploads\/2017\/10\/1743_000300-EBR-K\u00f6nigsstra\u00dfe-O-W.jpg\"><img loading=\"lazy\" decoding=\"async\" class=\"alignleft size-large wp-image-5083\" src=\"http:\/\/dg3of.de\/wp-content\/uploads\/2017\/10\/1743_000300-EBR-K\u00f6nigsstra\u00dfe-O-W-1024x576.jpg\" alt=\"\" width=\"640\" height=\"360\" srcset=\"http:\/\/dg3of.de\/wp-content\/uploads\/2017\/10\/1743_000300-EBR-K\u00f6nigsstra\u00dfe-O-W-1024x576.jpg 1024w, http:\/\/dg3of.de\/wp-content\/uploads\/2017\/10\/1743_000300-EBR-K\u00f6nigsstra\u00dfe-O-W-300x169.jpg 300w, http:\/\/dg3of.de\/wp-content\/uploads\/2017\/10\/1743_000300-EBR-K\u00f6nigsstra\u00dfe-O-W-768x432.jpg 768w, http:\/\/dg3of.de\/wp-content\/uploads\/2017\/10\/1743_000300-EBR-K\u00f6nigsstra\u00dfe-O-W.jpg 1280w\" sizes=\"auto, (max-width: 640px) 100vw, 640px\" \/><\/a><\/td>\n<td><a href=\"http:\/\/dg3of.de\/wp-content\/uploads\/2017\/10\/1743_000300-EBR-K\u00f6nigsstra\u00dfe-W-O.jpg\"><img loading=\"lazy\" decoding=\"async\" class=\"alignleft size-large wp-image-5084\" src=\"http:\/\/dg3of.de\/wp-content\/uploads\/2017\/10\/1743_000300-EBR-K\u00f6nigsstra\u00dfe-W-O-1024x576.jpg\" alt=\"\" width=\"640\" height=\"360\" srcset=\"http:\/\/dg3of.de\/wp-content\/uploads\/2017\/10\/1743_000300-EBR-K\u00f6nigsstra\u00dfe-W-O-1024x576.jpg 1024w, http:\/\/dg3of.de\/wp-content\/uploads\/2017\/10\/1743_000300-EBR-K\u00f6nigsstra\u00dfe-W-O-300x169.jpg 300w, http:\/\/dg3of.de\/wp-content\/uploads\/2017\/10\/1743_000300-EBR-K\u00f6nigsstra\u00dfe-W-O-768x432.jpg 768w, http:\/\/dg3of.de\/wp-content\/uploads\/2017\/10\/1743_000300-EBR-K\u00f6nigsstra\u00dfe-W-O.jpg 1280w\" sizes=\"auto, (max-width: 640px) 100vw, 640px\" \/><\/a><\/td>\n<\/tr>\n<\/tbody>\n<\/table>\n<p>00,300 &#8211; EBR K\u00f6nigsstra\u00dfe O-W \/ W-O<\/p>\n<table>\n<tbody>\n<tr>\n<td><a href=\"http:\/\/dg3of.de\/wp-content\/uploads\/2017\/10\/1743_001600-STBR-Carlotastra\u00dfe-Fu\u00dfg\u00e4ngerbr\u00fccke-Nienburg.jpg\"><img loading=\"lazy\" decoding=\"async\" class=\"alignleft size-large wp-image-5085\" src=\"http:\/\/dg3of.de\/wp-content\/uploads\/2017\/10\/1743_001600-STBR-Carlotastra\u00dfe-Fu\u00dfg\u00e4ngerbr\u00fccke-Nienburg-1024x576.jpg\" alt=\"\" width=\"640\" height=\"360\" srcset=\"http:\/\/dg3of.de\/wp-content\/uploads\/2017\/10\/1743_001600-STBR-Carlotastra\u00dfe-Fu\u00dfg\u00e4ngerbr\u00fccke-Nienburg-1024x576.jpg 1024w, http:\/\/dg3of.de\/wp-content\/uploads\/2017\/10\/1743_001600-STBR-Carlotastra\u00dfe-Fu\u00dfg\u00e4ngerbr\u00fccke-Nienburg-300x169.jpg 300w, http:\/\/dg3of.de\/wp-content\/uploads\/2017\/10\/1743_001600-STBR-Carlotastra\u00dfe-Fu\u00dfg\u00e4ngerbr\u00fccke-Nienburg-768x432.jpg 768w, http:\/\/dg3of.de\/wp-content\/uploads\/2017\/10\/1743_001600-STBR-Carlotastra\u00dfe-Fu\u00dfg\u00e4ngerbr\u00fccke-Nienburg.jpg 1280w\" sizes=\"auto, (max-width: 640px) 100vw, 640px\" \/><\/a><\/td>\n<td><a href=\"http:\/\/dg3of.de\/wp-content\/uploads\/2017\/10\/1743_001610-Glash\u00fctte-Nienburg-Abzw.-nach-Liebenau.jpg\"><img loading=\"lazy\" decoding=\"async\" class=\"alignleft size-large wp-image-5086\" src=\"http:\/\/dg3of.de\/wp-content\/uploads\/2017\/10\/1743_001610-Glash\u00fctte-Nienburg-Abzw.-nach-Liebenau-1024x576.jpg\" alt=\"\" width=\"640\" height=\"360\" srcset=\"http:\/\/dg3of.de\/wp-content\/uploads\/2017\/10\/1743_001610-Glash\u00fctte-Nienburg-Abzw.-nach-Liebenau-1024x576.jpg 1024w, http:\/\/dg3of.de\/wp-content\/uploads\/2017\/10\/1743_001610-Glash\u00fctte-Nienburg-Abzw.-nach-Liebenau-300x169.jpg 300w, http:\/\/dg3of.de\/wp-content\/uploads\/2017\/10\/1743_001610-Glash\u00fctte-Nienburg-Abzw.-nach-Liebenau-768x432.jpg 768w, http:\/\/dg3of.de\/wp-content\/uploads\/2017\/10\/1743_001610-Glash\u00fctte-Nienburg-Abzw.-nach-Liebenau.jpg 1280w\" sizes=\"auto, (max-width: 640px) 100vw, 640px\" \/><\/a><\/td>\n<\/tr>\n<\/tbody>\n<\/table>\n<p>01,600 &#8211; STBR F\u00fc\u00dfg\u00e4ngerbr\u00fccke Carlotastra\u00dfe<\/p>\n<table>\n<tbody>\n<tr>\n<td><a href=\"http:\/\/dg3of.de\/wp-content\/uploads\/2017\/10\/1743_002160-B\u00dc-Drakenburger-Stra\u00dfe-N-S.jpg\"><img loading=\"lazy\" decoding=\"async\" class=\"alignleft size-large wp-image-5073\" src=\"http:\/\/dg3of.de\/wp-content\/uploads\/2017\/10\/1743_002160-B\u00dc-Drakenburger-Stra\u00dfe-N-S-1024x576.jpg\" alt=\"\" width=\"640\" height=\"360\" srcset=\"http:\/\/dg3of.de\/wp-content\/uploads\/2017\/10\/1743_002160-B\u00dc-Drakenburger-Stra\u00dfe-N-S-1024x576.jpg 1024w, http:\/\/dg3of.de\/wp-content\/uploads\/2017\/10\/1743_002160-B\u00dc-Drakenburger-Stra\u00dfe-N-S-300x169.jpg 300w, http:\/\/dg3of.de\/wp-content\/uploads\/2017\/10\/1743_002160-B\u00dc-Drakenburger-Stra\u00dfe-N-S-768x432.jpg 768w, http:\/\/dg3of.de\/wp-content\/uploads\/2017\/10\/1743_002160-B\u00dc-Drakenburger-Stra\u00dfe-N-S.jpg 1280w\" sizes=\"auto, (max-width: 640px) 100vw, 640px\" \/><\/a><\/td>\n<td><a href=\"http:\/\/dg3of.de\/wp-content\/uploads\/2017\/10\/1743_002161-B\u00dc-Drakenburger-Stra\u00dfe.jpg\"><img loading=\"lazy\" decoding=\"async\" class=\"alignleft size-large wp-image-5075\" src=\"http:\/\/dg3of.de\/wp-content\/uploads\/2017\/10\/1743_002161-B\u00dc-Drakenburger-Stra\u00dfe-1024x576.jpg\" alt=\"\" width=\"640\" height=\"360\" srcset=\"http:\/\/dg3of.de\/wp-content\/uploads\/2017\/10\/1743_002161-B\u00dc-Drakenburger-Stra\u00dfe-1024x576.jpg 1024w, http:\/\/dg3of.de\/wp-content\/uploads\/2017\/10\/1743_002161-B\u00dc-Drakenburger-Stra\u00dfe-300x169.jpg 300w, http:\/\/dg3of.de\/wp-content\/uploads\/2017\/10\/1743_002161-B\u00dc-Drakenburger-Stra\u00dfe-768x432.jpg 768w, http:\/\/dg3of.de\/wp-content\/uploads\/2017\/10\/1743_002161-B\u00dc-Drakenburger-Stra\u00dfe.jpg 1280w\" sizes=\"auto, (max-width: 640px) 100vw, 640px\" \/><\/a><\/td>\n<\/tr>\n<\/tbody>\n<\/table>\n<p>02,160 &#8211; B\u00dc Drakenburger Stra\u00dfe N-S \/ S-N<\/p>\n<table>\n<tbody>\n<tr>\n<td><a href=\"http:\/\/dg3of.de\/wp-content\/uploads\/2017\/10\/1743_002201-Richtung-Nienburg.jpg\"><img loading=\"lazy\" decoding=\"async\" class=\"alignleft size-large wp-image-5130\" src=\"http:\/\/dg3of.de\/wp-content\/uploads\/2017\/10\/1743_002201-Richtung-Nienburg-1024x576.jpg\" alt=\"\" width=\"640\" height=\"360\" srcset=\"http:\/\/dg3of.de\/wp-content\/uploads\/2017\/10\/1743_002201-Richtung-Nienburg-1024x576.jpg 1024w, http:\/\/dg3of.de\/wp-content\/uploads\/2017\/10\/1743_002201-Richtung-Nienburg-300x169.jpg 300w, http:\/\/dg3of.de\/wp-content\/uploads\/2017\/10\/1743_002201-Richtung-Nienburg-768x432.jpg 768w, http:\/\/dg3of.de\/wp-content\/uploads\/2017\/10\/1743_002201-Richtung-Nienburg.jpg 1280w\" sizes=\"auto, (max-width: 640px) 100vw, 640px\" \/><\/a><\/td>\n<td><a href=\"http:\/\/dg3of.de\/wp-content\/uploads\/2017\/10\/1743_002200-Kilometerstein.jpg\"><img loading=\"lazy\" decoding=\"async\" class=\"alignleft size-large wp-image-5131\" src=\"http:\/\/dg3of.de\/wp-content\/uploads\/2017\/10\/1743_002200-Kilometerstein-1024x576.jpg\" alt=\"\" width=\"640\" height=\"360\" srcset=\"http:\/\/dg3of.de\/wp-content\/uploads\/2017\/10\/1743_002200-Kilometerstein-1024x576.jpg 1024w, http:\/\/dg3of.de\/wp-content\/uploads\/2017\/10\/1743_002200-Kilometerstein-300x169.jpg 300w, http:\/\/dg3of.de\/wp-content\/uploads\/2017\/10\/1743_002200-Kilometerstein-768x432.jpg 768w, http:\/\/dg3of.de\/wp-content\/uploads\/2017\/10\/1743_002200-Kilometerstein.jpg 1280w\" sizes=\"auto, (max-width: 640px) 100vw, 640px\" \/><\/a><\/td>\n<\/tr>\n<\/tbody>\n<\/table>\n<p>02,200 &#8211; Gleis Richtung Nienburg<\/p>\n<table>\n<tbody>\n<tr>\n<td><a href=\"http:\/\/dg3of.de\/wp-content\/uploads\/2017\/10\/1743_002564-EBR-Feldweg-N-S.jpg\"><img loading=\"lazy\" decoding=\"async\" class=\"alignleft size-large wp-image-5077\" src=\"http:\/\/dg3of.de\/wp-content\/uploads\/2017\/10\/1743_002564-EBR-Feldweg-N-S-1024x576.jpg\" alt=\"\" width=\"640\" height=\"360\" srcset=\"http:\/\/dg3of.de\/wp-content\/uploads\/2017\/10\/1743_002564-EBR-Feldweg-N-S-1024x576.jpg 1024w, http:\/\/dg3of.de\/wp-content\/uploads\/2017\/10\/1743_002564-EBR-Feldweg-N-S-300x169.jpg 300w, http:\/\/dg3of.de\/wp-content\/uploads\/2017\/10\/1743_002564-EBR-Feldweg-N-S-768x432.jpg 768w, http:\/\/dg3of.de\/wp-content\/uploads\/2017\/10\/1743_002564-EBR-Feldweg-N-S.jpg 1280w\" sizes=\"auto, (max-width: 640px) 100vw, 640px\" \/><\/a><\/td>\n<td><a href=\"http:\/\/dg3of.de\/wp-content\/uploads\/2017\/10\/1743_002564-EBR-Feldweg-S-N.jpg\"><img loading=\"lazy\" decoding=\"async\" class=\"alignleft size-large wp-image-5078\" src=\"http:\/\/dg3of.de\/wp-content\/uploads\/2017\/10\/1743_002564-EBR-Feldweg-S-N-1024x576.jpg\" alt=\"\" width=\"640\" height=\"360\" srcset=\"http:\/\/dg3of.de\/wp-content\/uploads\/2017\/10\/1743_002564-EBR-Feldweg-S-N-1024x576.jpg 1024w, http:\/\/dg3of.de\/wp-content\/uploads\/2017\/10\/1743_002564-EBR-Feldweg-S-N-300x169.jpg 300w, http:\/\/dg3of.de\/wp-content\/uploads\/2017\/10\/1743_002564-EBR-Feldweg-S-N-768x432.jpg 768w, http:\/\/dg3of.de\/wp-content\/uploads\/2017\/10\/1743_002564-EBR-Feldweg-S-N.jpg 1280w\" sizes=\"auto, (max-width: 640px) 100vw, 640px\" \/><\/a><\/td>\n<\/tr>\n<\/tbody>\n<\/table>\n<p>02,564 &#8211; EBR Feldweg N-S \/ S-N<\/p>\n<table>\n<tbody>\n<tr>\n<td><a href=\"http:\/\/dg3of.de\/wp-content\/uploads\/2017\/10\/02793.jpg\"><img loading=\"lazy\" decoding=\"async\" class=\"alignleft size-large wp-image-5260\" src=\"http:\/\/dg3of.de\/wp-content\/uploads\/2017\/10\/02793-1024x576.jpg\" alt=\"\" width=\"640\" height=\"360\" srcset=\"http:\/\/dg3of.de\/wp-content\/uploads\/2017\/10\/02793-1024x576.jpg 1024w, http:\/\/dg3of.de\/wp-content\/uploads\/2017\/10\/02793-300x169.jpg 300w, http:\/\/dg3of.de\/wp-content\/uploads\/2017\/10\/02793-768x432.jpg 768w, http:\/\/dg3of.de\/wp-content\/uploads\/2017\/10\/02793.jpg 1280w\" sizes=\"auto, (max-width: 640px) 100vw, 640px\" \/><\/a><\/td>\n<td><a href=\"http:\/\/dg3of.de\/wp-content\/uploads\/2017\/10\/03161-EBR-Feldweg-N-S-2.jpg\"><img loading=\"lazy\" decoding=\"async\" class=\"alignleft size-large wp-image-5261\" src=\"http:\/\/dg3of.de\/wp-content\/uploads\/2017\/10\/03161-EBR-Feldweg-N-S-2-1024x576.jpg\" alt=\"\" width=\"640\" height=\"360\" srcset=\"http:\/\/dg3of.de\/wp-content\/uploads\/2017\/10\/03161-EBR-Feldweg-N-S-2-1024x576.jpg 1024w, http:\/\/dg3of.de\/wp-content\/uploads\/2017\/10\/03161-EBR-Feldweg-N-S-2-300x169.jpg 300w, http:\/\/dg3of.de\/wp-content\/uploads\/2017\/10\/03161-EBR-Feldweg-N-S-2-768x432.jpg 768w, http:\/\/dg3of.de\/wp-content\/uploads\/2017\/10\/03161-EBR-Feldweg-N-S-2.jpg 1280w\" sizes=\"auto, (max-width: 640px) 100vw, 640px\" \/><\/a><\/td>\n<\/tr>\n<\/tbody>\n<\/table>\n<p>02,800 &#8211; 03,200<\/p>\n<table>\n<tbody>\n<tr>\n<td><a href=\"http:\/\/dg3of.de\/wp-content\/uploads\/2017\/10\/03670-S\u00fcd-Nord.jpg\"><img loading=\"lazy\" decoding=\"async\" class=\"alignleft wp-image-5262 size-large\" src=\"http:\/\/dg3of.de\/wp-content\/uploads\/2017\/10\/03670-S\u00fcd-Nord-1024x576.jpg\" alt=\"\" width=\"640\" height=\"360\" srcset=\"http:\/\/dg3of.de\/wp-content\/uploads\/2017\/10\/03670-S\u00fcd-Nord-1024x576.jpg 1024w, http:\/\/dg3of.de\/wp-content\/uploads\/2017\/10\/03670-S\u00fcd-Nord-300x169.jpg 300w, http:\/\/dg3of.de\/wp-content\/uploads\/2017\/10\/03670-S\u00fcd-Nord-768x432.jpg 768w, http:\/\/dg3of.de\/wp-content\/uploads\/2017\/10\/03670-S\u00fcd-Nord.jpg 1280w\" sizes=\"auto, (max-width: 640px) 100vw, 640px\" \/><\/a><\/td>\n<td><a href=\"http:\/\/dg3of.de\/wp-content\/uploads\/2017\/10\/03678.jpg\"><img loading=\"lazy\" decoding=\"async\" class=\"alignleft size-large wp-image-5263\" src=\"http:\/\/dg3of.de\/wp-content\/uploads\/2017\/10\/03678-1024x576.jpg\" alt=\"\" width=\"640\" height=\"360\" srcset=\"http:\/\/dg3of.de\/wp-content\/uploads\/2017\/10\/03678-1024x576.jpg 1024w, http:\/\/dg3of.de\/wp-content\/uploads\/2017\/10\/03678-300x169.jpg 300w, http:\/\/dg3of.de\/wp-content\/uploads\/2017\/10\/03678-768x432.jpg 768w, http:\/\/dg3of.de\/wp-content\/uploads\/2017\/10\/03678.jpg 1280w\" sizes=\"auto, (max-width: 640px) 100vw, 640px\" \/><\/a><\/td>\n<\/tr>\n<\/tbody>\n<\/table>\n<p>03,700<\/p>\n<table>\n<tbody>\n<tr>\n<td><a href=\"http:\/\/dg3of.de\/wp-content\/uploads\/2017\/10\/03671-Nord-S\u00fcd.jpg\"><img loading=\"lazy\" decoding=\"async\" class=\"alignleft size-large wp-image-5265\" src=\"http:\/\/dg3of.de\/wp-content\/uploads\/2017\/10\/03671-Nord-S\u00fcd-1024x576.jpg\" alt=\"\" width=\"640\" height=\"360\" srcset=\"http:\/\/dg3of.de\/wp-content\/uploads\/2017\/10\/03671-Nord-S\u00fcd-1024x576.jpg 1024w, http:\/\/dg3of.de\/wp-content\/uploads\/2017\/10\/03671-Nord-S\u00fcd-300x169.jpg 300w, http:\/\/dg3of.de\/wp-content\/uploads\/2017\/10\/03671-Nord-S\u00fcd-768x432.jpg 768w, http:\/\/dg3of.de\/wp-content\/uploads\/2017\/10\/03671-Nord-S\u00fcd.jpg 1280w\" sizes=\"auto, (max-width: 640px) 100vw, 640px\" \/><\/a><\/td>\n<td><a href=\"http:\/\/dg3of.de\/wp-content\/uploads\/2017\/10\/04506-Weserbr\u00fccke.jpg\"><img loading=\"lazy\" decoding=\"async\" class=\"alignleft size-large wp-image-5266\" src=\"http:\/\/dg3of.de\/wp-content\/uploads\/2017\/10\/04506-Weserbr\u00fccke-1024x576.jpg\" alt=\"\" width=\"640\" height=\"360\" srcset=\"http:\/\/dg3of.de\/wp-content\/uploads\/2017\/10\/04506-Weserbr\u00fccke-1024x576.jpg 1024w, http:\/\/dg3of.de\/wp-content\/uploads\/2017\/10\/04506-Weserbr\u00fccke-300x169.jpg 300w, http:\/\/dg3of.de\/wp-content\/uploads\/2017\/10\/04506-Weserbr\u00fccke-768x432.jpg 768w, http:\/\/dg3of.de\/wp-content\/uploads\/2017\/10\/04506-Weserbr\u00fccke.jpg 1280w\" sizes=\"auto, (max-width: 640px) 100vw, 640px\" \/><\/a><\/td>\n<\/tr>\n<\/tbody>\n<\/table>\n<p>04,000<\/p>\n<ul>\n<li>&lt;&lt;&lt; <a href=\"http:\/\/dg3of.de\/?page_id=641\">00,000 &#8211; Bf Nienburg Weser<\/a><\/li>\n<li>&gt;&gt;&gt; <a href=\"http:\/\/dg3of.de\/?page_id=2362\">04,500 &#8211; EBR Weser<\/a><\/li>\n<\/ul>\n<p><a href=\"#\">Nach oben<\/a><\/p>\n","protected":false},"excerpt":{"rendered":"<p>Kartenauszug\u00a0OpenRailwayMap\u00a0\u2013\u00a0\u00dcbersicht Strecke 1743 Kartenauszug TK 1:25000 (Reichsamt f\u00fcr Landesvermessung 1945) Streckenband Nienburg (Weser) &#8211; Abzw Lohe Industriegebiet Nienburg 00,200 &#8211; EBR Verdener Landstra\u00dfe N-S \/ S-N 00,300 &#8211; Stellwerk Nf, Bahnhof Nienburg (Weser) 00,300 &#8211; EBR K\u00f6nigsstra\u00dfe O-W \/ W-O &hellip; <a href=\"http:\/\/dg3of.de\/?page_id=5071\">Weiterlesen <span class=\"meta-nav\">&rarr;<\/span><\/a><\/p>\n","protected":false},"author":1,"featured_media":0,"parent":375,"menu_order":0,"comment_status":"closed","ping_status":"closed","template":"","meta":{"footnotes":""},"class_list":["post-5071","page","type-page","status-publish","hentry"],"_links":{"self":[{"href":"http:\/\/dg3of.de\/index.php?rest_route=\/wp\/v2\/pages\/5071","targetHints":{"allow":["GET"]}}],"collection":[{"href":"http:\/\/dg3of.de\/index.php?rest_route=\/wp\/v2\/pages"}],"about":[{"href":"http:\/\/dg3of.de\/index.php?rest_route=\/wp\/v2\/types\/page"}],"author":[{"embeddable":true,"href":"http:\/\/dg3of.de\/index.php?rest_route=\/wp\/v2\/users\/1"}],"replies":[{"embeddable":true,"href":"http:\/\/dg3of.de\/index.php?rest_route=%2Fwp%2Fv2%2Fcomments&post=5071"}],"version-history":[{"count":17,"href":"http:\/\/dg3of.de\/index.php?rest_route=\/wp\/v2\/pages\/5071\/revisions"}],"predecessor-version":[{"id":5278,"href":"http:\/\/dg3of.de\/index.php?rest_route=\/wp\/v2\/pages\/5071\/revisions\/5278"}],"up":[{"embeddable":true,"href":"http:\/\/dg3of.de\/index.php?rest_route=\/wp\/v2\/pages\/375"}],"wp:attachment":[{"href":"http:\/\/dg3of.de\/index.php?rest_route=%2Fwp%2Fv2%2Fmedia&parent=5071"}],"curies":[{"name":"wp","href":"https:\/\/api.w.org\/{rel}","templated":true}]}}