{"id":484,"date":"2017-03-28T17:00:49","date_gmt":"2017-03-28T15:00:49","guid":{"rendered":"http:\/\/dg3of.de\/?page_id=484"},"modified":"2017-04-17T08:33:30","modified_gmt":"2017-04-17T06:33:30","slug":"18500-bf-luebbecke-westf","status":"publish","type":"page","link":"http:\/\/dg3of.de\/?page_id=484","title":{"rendered":"18,500 &#8211; Bf L\u00fcbbecke (Westf)"},"content":{"rendered":"\n<p>Kartenauszug\u00a0<a href=\"http:\/\/www.openrailwaymap.org\/mobile.php?searchquery=&amp;lang=de\" target=\"_blank\">OpenRailwayMap<\/a><\/p>\n<p>Kartenauszug TK 1:25000 (Reichsamt f\u00fcr Landesvermessung 1945)<\/p>\n<p>Lageplan, Zustand 1954<\/p>\n<p><a href=\"http:\/\/dg3of.de\/wp-content\/uploads\/2017\/03\/18530-Bf-L\u00fcbbecke03.jpg\"><img loading=\"lazy\" decoding=\"async\" class=\"alignnone size-full wp-image-1595\" src=\"http:\/\/dg3of.de\/wp-content\/uploads\/2017\/03\/18530-Bf-L\u00fcbbecke03.jpg\" alt=\"\" width=\"1920\" height=\"1080\" srcset=\"http:\/\/dg3of.de\/wp-content\/uploads\/2017\/03\/18530-Bf-L\u00fcbbecke03.jpg 1920w, http:\/\/dg3of.de\/wp-content\/uploads\/2017\/03\/18530-Bf-L\u00fcbbecke03-300x169.jpg 300w, http:\/\/dg3of.de\/wp-content\/uploads\/2017\/03\/18530-Bf-L\u00fcbbecke03-768x432.jpg 768w, http:\/\/dg3of.de\/wp-content\/uploads\/2017\/03\/18530-Bf-L\u00fcbbecke03-1024x576.jpg 1024w\" sizes=\"auto, (max-width: 1920px) 100vw, 1920px\" \/><\/a><\/p>\n<p>18,500 &#8211; Bf L\u00fcbbecke (Westf), Gleisseite<\/p>\n<p><a href=\"http:\/\/dg3of.de\/wp-content\/uploads\/2017\/03\/18530-Bf-L\u00fcbbecke06.jpg\"><img loading=\"lazy\" decoding=\"async\" class=\"alignnone size-full wp-image-1596\" src=\"http:\/\/dg3of.de\/wp-content\/uploads\/2017\/03\/18530-Bf-L\u00fcbbecke06.jpg\" alt=\"\" width=\"1920\" height=\"1080\" srcset=\"http:\/\/dg3of.de\/wp-content\/uploads\/2017\/03\/18530-Bf-L\u00fcbbecke06.jpg 1920w, http:\/\/dg3of.de\/wp-content\/uploads\/2017\/03\/18530-Bf-L\u00fcbbecke06-300x169.jpg 300w, http:\/\/dg3of.de\/wp-content\/uploads\/2017\/03\/18530-Bf-L\u00fcbbecke06-768x432.jpg 768w, http:\/\/dg3of.de\/wp-content\/uploads\/2017\/03\/18530-Bf-L\u00fcbbecke06-1024x576.jpg 1024w\" sizes=\"auto, (max-width: 1920px) 100vw, 1920px\" \/><\/a><\/p>\n<p>18,500 &#8211; Bf L\u00fcbbecke (Westf), Gleisseite<\/p>\n<p><a href=\"http:\/\/dg3of.de\/wp-content\/uploads\/2017\/03\/18530-Bf-L\u00fcbbecke15.jpg\"><img loading=\"lazy\" decoding=\"async\" class=\"alignnone size-full wp-image-1597\" src=\"http:\/\/dg3of.de\/wp-content\/uploads\/2017\/03\/18530-Bf-L\u00fcbbecke15.jpg\" alt=\"\" width=\"1920\" height=\"1080\" srcset=\"http:\/\/dg3of.de\/wp-content\/uploads\/2017\/03\/18530-Bf-L\u00fcbbecke15.jpg 1920w, http:\/\/dg3of.de\/wp-content\/uploads\/2017\/03\/18530-Bf-L\u00fcbbecke15-300x169.jpg 300w, http:\/\/dg3of.de\/wp-content\/uploads\/2017\/03\/18530-Bf-L\u00fcbbecke15-768x432.jpg 768w, http:\/\/dg3of.de\/wp-content\/uploads\/2017\/03\/18530-Bf-L\u00fcbbecke15-1024x576.jpg 1024w\" sizes=\"auto, (max-width: 1920px) 100vw, 1920px\" \/><\/a><\/p>\n<p>18,500 &#8211; Bf L\u00fcbbecke (Westf), Stra\u00dfenseite<\/p>\n<p><a href=\"#\">Nach oben<\/a><\/p>\n","protected":false},"excerpt":{"rendered":"<p>Kartenauszug\u00a0OpenRailwayMap Kartenauszug TK 1:25000 (Reichsamt f\u00fcr Landesvermessung 1945) Lageplan, Zustand 1954 18,500 &#8211; Bf L\u00fcbbecke (Westf), Gleisseite 18,500 &#8211; Bf L\u00fcbbecke (Westf), Gleisseite 18,500 &#8211; Bf L\u00fcbbecke (Westf), Stra\u00dfenseite Nach oben<\/p>\n","protected":false},"author":1,"featured_media":0,"parent":377,"menu_order":0,"comment_status":"closed","ping_status":"closed","template":"","meta":{"footnotes":""},"class_list":["post-484","page","type-page","status-publish","hentry"],"_links":{"self":[{"href":"http:\/\/dg3of.de\/index.php?rest_route=\/wp\/v2\/pages\/484","targetHints":{"allow":["GET"]}}],"collection":[{"href":"http:\/\/dg3of.de\/index.php?rest_route=\/wp\/v2\/pages"}],"about":[{"href":"http:\/\/dg3of.de\/index.php?rest_route=\/wp\/v2\/types\/page"}],"author":[{"embeddable":true,"href":"http:\/\/dg3of.de\/index.php?rest_route=\/wp\/v2\/users\/1"}],"replies":[{"embeddable":true,"href":"http:\/\/dg3of.de\/index.php?rest_route=%2Fwp%2Fv2%2Fcomments&post=484"}],"version-history":[{"count":7,"href":"http:\/\/dg3of.de\/index.php?rest_route=\/wp\/v2\/pages\/484\/revisions"}],"predecessor-version":[{"id":3247,"href":"http:\/\/dg3of.de\/index.php?rest_route=\/wp\/v2\/pages\/484\/revisions\/3247"}],"up":[{"embeddable":true,"href":"http:\/\/dg3of.de\/index.php?rest_route=\/wp\/v2\/pages\/377"}],"wp:attachment":[{"href":"http:\/\/dg3of.de\/index.php?rest_route=%2Fwp%2Fv2%2Fmedia&parent=484"}],"curies":[{"name":"wp","href":"https:\/\/api.w.org\/{rel}","templated":true}]}}