{"id":480,"date":"2017-03-28T16:59:57","date_gmt":"2017-03-28T14:59:57","guid":{"rendered":"http:\/\/dg3of.de\/?page_id=480"},"modified":"2025-03-03T06:02:34","modified_gmt":"2025-03-03T04:02:34","slug":"13900-bf-holzhausen-heddinghausen","status":"publish","type":"page","link":"http:\/\/dg3of.de\/?page_id=480","title":{"rendered":"13,900 &#8211; Bf Holzhausen-Heddinghausen"},"content":{"rendered":"\n<p>Kartenauszug Google Maps &#8211; \u00dcbersicht <a href=\"http:\/\/dg3of.de\/?page_id=377\">Strecke 2982<\/a><\/p>\n<p>Kartenauszug TK 1:25000 (Reichsamt f\u00fcr Landesvermessung 1945)<\/p>\n<p><a href=\"http:\/\/dg3of.de\/wp-content\/uploads\/2025\/03\/Holzhausen-Heddinghausen.jpg\"><img loading=\"lazy\" decoding=\"async\" class=\"alignnone size-full wp-image-22843\" src=\"http:\/\/dg3of.de\/wp-content\/uploads\/2025\/03\/Holzhausen-Heddinghausen.jpg\" alt=\"\" width=\"1280\" height=\"748\" srcset=\"http:\/\/dg3of.de\/wp-content\/uploads\/2025\/03\/Holzhausen-Heddinghausen.jpg 1280w, http:\/\/dg3of.de\/wp-content\/uploads\/2025\/03\/Holzhausen-Heddinghausen-300x175.jpg 300w, http:\/\/dg3of.de\/wp-content\/uploads\/2025\/03\/Holzhausen-Heddinghausen-1024x598.jpg 1024w, http:\/\/dg3of.de\/wp-content\/uploads\/2025\/03\/Holzhausen-Heddinghausen-768x449.jpg 768w\" sizes=\"auto, (max-width: 1280px) 100vw, 1280px\" \/><\/a><\/p>\n<p>Empfangsgeb\u00e4ude, Gleisseite<\/p>\n<p><a href=\"http:\/\/dg3of.de\/wp-content\/uploads\/2025\/03\/Holzhausen-Stellwerk.jpeg\"><img loading=\"lazy\" decoding=\"async\" class=\"alignnone size-full wp-image-22844\" src=\"http:\/\/dg3of.de\/wp-content\/uploads\/2025\/03\/Holzhausen-Stellwerk.jpeg\" alt=\"\" width=\"1280\" height=\"946\" srcset=\"http:\/\/dg3of.de\/wp-content\/uploads\/2025\/03\/Holzhausen-Stellwerk.jpeg 1280w, http:\/\/dg3of.de\/wp-content\/uploads\/2025\/03\/Holzhausen-Stellwerk-300x222.jpeg 300w, http:\/\/dg3of.de\/wp-content\/uploads\/2025\/03\/Holzhausen-Stellwerk-1024x757.jpeg 1024w, http:\/\/dg3of.de\/wp-content\/uploads\/2025\/03\/Holzhausen-Stellwerk-768x568.jpeg 768w\" sizes=\"auto, (max-width: 1280px) 100vw, 1280px\" \/><\/a><\/p>\n<p>Stellwerk Hf<\/p>\n<p><a href=\"#\">Nach oben<\/a><\/p>\n","protected":false},"excerpt":{"rendered":"<p>Kartenauszug Google Maps &#8211; \u00dcbersicht Strecke 2982 Kartenauszug TK 1:25000 (Reichsamt f\u00fcr Landesvermessung 1945) Empfangsgeb\u00e4ude, Gleisseite Stellwerk Hf Nach oben<\/p>\n","protected":false},"author":1,"featured_media":0,"parent":377,"menu_order":0,"comment_status":"closed","ping_status":"closed","template":"","meta":{"footnotes":""},"class_list":["post-480","page","type-page","status-publish","hentry"],"_links":{"self":[{"href":"http:\/\/dg3of.de\/index.php?rest_route=\/wp\/v2\/pages\/480","targetHints":{"allow":["GET"]}}],"collection":[{"href":"http:\/\/dg3of.de\/index.php?rest_route=\/wp\/v2\/pages"}],"about":[{"href":"http:\/\/dg3of.de\/index.php?rest_route=\/wp\/v2\/types\/page"}],"author":[{"embeddable":true,"href":"http:\/\/dg3of.de\/index.php?rest_route=\/wp\/v2\/users\/1"}],"replies":[{"embeddable":true,"href":"http:\/\/dg3of.de\/index.php?rest_route=%2Fwp%2Fv2%2Fcomments&post=480"}],"version-history":[{"count":8,"href":"http:\/\/dg3of.de\/index.php?rest_route=\/wp\/v2\/pages\/480\/revisions"}],"predecessor-version":[{"id":22845,"href":"http:\/\/dg3of.de\/index.php?rest_route=\/wp\/v2\/pages\/480\/revisions\/22845"}],"up":[{"embeddable":true,"href":"http:\/\/dg3of.de\/index.php?rest_route=\/wp\/v2\/pages\/377"}],"wp:attachment":[{"href":"http:\/\/dg3of.de\/index.php?rest_route=%2Fwp%2Fv2%2Fmedia&parent=480"}],"curies":[{"name":"wp","href":"https:\/\/api.w.org\/{rel}","templated":true}]}}