

{"id":453,"date":"2017-03-28T16:03:29","date_gmt":"2017-03-28T14:03:29","guid":{"rendered":"http:\/\/dg3of.de\/?page_id=453"},"modified":"2018-03-09T11:25:07","modified_gmt":"2018-03-09T09:25:07","slug":"34800-bf-gross-lessen","status":"publish","type":"page","link":"http:\/\/dg3of.de\/?page_id=453","title":{"rendered":"34,800 &#8211; Bf Gro\u00df Lessen"},"content":{"rendered":"\n\n\t\t\t\t<div id=\"map_ol3js_1\" class=\"map undefined\" data-map_name=\"undefined\" data-map=\"map_ol3js_1\" style=\"width:100%; max-width:100%; height:450px; display:block; overflow:hidden;border:2px solid grey;\" >\n\t\t\t\t  <div id=\"map_ol3js_1_popup\" class=\"ol-popup\" >\n\t\t\t\t\t<a href=\"#\" id=\"map_ol3js_1_popup-closer\" class=\"ol-popup-closer\"><\/a>\n\t\t\t\t\t<div id=\"map_ol3js_1_popup-content\" ><\/div>\n\t\t\t\t  <\/div>\n\t\t\t\t<\/div>\n\t\t\t\n\n\t\t\t\t<script type=\"text\/javascript\">\n\t\t\t\t\ttranslations['openlayer'] = \"open layer\";\n\t\t\t\t\ttranslations['openlayerAtStartup'] = \"open layer at startup\";\n\t\t\t\t\ttranslations['generateLink'] = \"Der Link zur Karte mit ausgew\u00e4hlten Overlays und angezeigtem Ausschnitt\";\n\t\t\t\t\ttranslations['shortDescription'] = \"Kurzbeschreibung\";\n\t\t\t\t\ttranslations['generatedShortCode'] = \"to get a text control link paste this code in your wordpress editor\";\n\t\t\t\t\ttranslations['closeLayer'] = \"close layer\";\n\t\t\t\t\ttranslations['cantGenerateLink'] = \"put this string in the existing map short code to control this map\";\n\t\t\t  <\/script>\n\n\n\t\t\t  <script type=\"text\/javascript\">\n\t\t\t  vectorM['map_ol3js_1'] = [];\n\t        \n        var raster = getTileLayer(\"osm\",\"NoKey\");\t\t\t\n\n\t\t\t  var map_ol3js_1 = new ol.Map({\n\t\t\t\tinteractions: ol.interaction.defaults.defaults({mouseWheelZoom:false}),\n\t\t\t\tlayers: [raster],\n\t\t\t\ttarget: \"map_ol3js_1\",\n\t\t\t\tview: new ol.View({\n\t\t\t\t  center: ol.proj.transform([8.7497,52.6533], \"EPSG:4326\", \"EPSG:3857\"),\n\t\t\t\t  zoom: 14\n\t\t\t\t})\n\t\t\t  });\n\t\t\t  addControls2Map(map_ol3js_1,0,0,3,0,5,6,7,0,1);\nosm_addPopupClickhandler(map_ol3js_1,  \"map_ol3js_1\"); \nosm_addMouseHover(map_ol3js_1); <\/script>\n<p>Auszug OSM<\/p>\n<p><a href=\"http:\/\/dg3of.de\/wp-content\/uploads\/2018\/03\/Bildschirmfoto-2018-03-09-um-10.21.02.png\"><img loading=\"lazy\" decoding=\"async\" class=\"aligncenter size-full wp-image-6807\" src=\"http:\/\/dg3of.de\/wp-content\/uploads\/2018\/03\/Bildschirmfoto-2018-03-09-um-10.21.02.png\" alt=\"\" width=\"836\" height=\"568\" srcset=\"http:\/\/dg3of.de\/wp-content\/uploads\/2018\/03\/Bildschirmfoto-2018-03-09-um-10.21.02.png 836w, http:\/\/dg3of.de\/wp-content\/uploads\/2018\/03\/Bildschirmfoto-2018-03-09-um-10.21.02-300x204.png 300w, http:\/\/dg3of.de\/wp-content\/uploads\/2018\/03\/Bildschirmfoto-2018-03-09-um-10.21.02-768x522.png 768w\" sizes=\"auto, (max-width: 836px) 100vw, 836px\" \/><\/a><\/p>\n<p>Kartenauszug\u00a0<a href=\"http:\/\/www.openrailwaymap.org\/mobile.php?searchquery=&amp;lang=de\" target=\"_blank\" rel=\"noopener\">OpenRailwayMap<\/a><\/p>\n<p>Kartenauszug TK 1:25000 (Reichsamt f\u00fcr Landesvermessung 1945)<\/p>\n<p>Lageplan, Zustand 1954<\/p>\n<p><a href=\"http:\/\/dg3of.de\/wp-content\/uploads\/2017\/03\/34800-Bf-Gro\u00df-Lessen.jpg\"><img loading=\"lazy\" decoding=\"async\" class=\"alignnone size-full wp-image-1568\" src=\"http:\/\/dg3of.de\/wp-content\/uploads\/2017\/03\/34800-Bf-Gro\u00df-Lessen.jpg\" alt=\"\" width=\"2048\" height=\"1454\" srcset=\"http:\/\/dg3of.de\/wp-content\/uploads\/2017\/03\/34800-Bf-Gro\u00df-Lessen.jpg 2048w, http:\/\/dg3of.de\/wp-content\/uploads\/2017\/03\/34800-Bf-Gro\u00df-Lessen-300x213.jpg 300w, http:\/\/dg3of.de\/wp-content\/uploads\/2017\/03\/34800-Bf-Gro\u00df-Lessen-768x545.jpg 768w, http:\/\/dg3of.de\/wp-content\/uploads\/2017\/03\/34800-Bf-Gro\u00df-Lessen-1024x727.jpg 1024w\" sizes=\"auto, (max-width: 2048px) 100vw, 2048px\" \/><\/a><\/p>\n<p>34,800 &#8211; Bf Gro\u00df Lessen<\/p>\n<p><a href=\"http:\/\/dg3of.de\/wp-content\/uploads\/2017\/03\/34800-EG-Gro\u00df-Lessen-Gleisseite.jpg\"><img loading=\"lazy\" decoding=\"async\" class=\"alignnone size-full wp-image-1570\" src=\"http:\/\/dg3of.de\/wp-content\/uploads\/2017\/03\/34800-EG-Gro\u00df-Lessen-Gleisseite.jpg\" alt=\"\" width=\"1280\" height=\"960\" srcset=\"http:\/\/dg3of.de\/wp-content\/uploads\/2017\/03\/34800-EG-Gro\u00df-Lessen-Gleisseite.jpg 1280w, http:\/\/dg3of.de\/wp-content\/uploads\/2017\/03\/34800-EG-Gro\u00df-Lessen-Gleisseite-300x225.jpg 300w, http:\/\/dg3of.de\/wp-content\/uploads\/2017\/03\/34800-EG-Gro\u00df-Lessen-Gleisseite-768x576.jpg 768w, http:\/\/dg3of.de\/wp-content\/uploads\/2017\/03\/34800-EG-Gro\u00df-Lessen-Gleisseite-1024x768.jpg 1024w\" sizes=\"auto, (max-width: 1280px) 100vw, 1280px\" \/><\/a><\/p>\n<p>Bahnhof Gro\u00df Lessen &#8211; Gleisseite<\/p>\n<p><a href=\"http:\/\/dg3of.de\/wp-content\/uploads\/2017\/03\/34800-EG-Gro\u00df-Lessen-Stra\u00dfenseite.jpg\"><img loading=\"lazy\" decoding=\"async\" class=\"alignnone size-full wp-image-1571\" src=\"http:\/\/dg3of.de\/wp-content\/uploads\/2017\/03\/34800-EG-Gro\u00df-Lessen-Stra\u00dfenseite.jpg\" alt=\"\" width=\"1280\" height=\"960\" srcset=\"http:\/\/dg3of.de\/wp-content\/uploads\/2017\/03\/34800-EG-Gro\u00df-Lessen-Stra\u00dfenseite.jpg 1280w, http:\/\/dg3of.de\/wp-content\/uploads\/2017\/03\/34800-EG-Gro\u00df-Lessen-Stra\u00dfenseite-300x225.jpg 300w, http:\/\/dg3of.de\/wp-content\/uploads\/2017\/03\/34800-EG-Gro\u00df-Lessen-Stra\u00dfenseite-768x576.jpg 768w, http:\/\/dg3of.de\/wp-content\/uploads\/2017\/03\/34800-EG-Gro\u00df-Lessen-Stra\u00dfenseite-1024x768.jpg 1024w\" sizes=\"auto, (max-width: 1280px) 100vw, 1280px\" \/><\/a><\/p>\n<p>Bahnhof Gro\u00df Lessen &#8211; Stra\u00dfenseite<\/p>\n<p><a href=\"http:\/\/dg3of.de\/wp-content\/uploads\/2017\/03\/35210-STBR-Gleis-Richtung-Osten.jpg\"><img loading=\"lazy\" decoding=\"async\" class=\"aligncenter size-large wp-image-1573\" src=\"http:\/\/dg3of.de\/wp-content\/uploads\/2017\/03\/35210-STBR-Gleis-Richtung-Osten-1024x768.jpg\" alt=\"\" width=\"640\" height=\"480\" srcset=\"http:\/\/dg3of.de\/wp-content\/uploads\/2017\/03\/35210-STBR-Gleis-Richtung-Osten-1024x768.jpg 1024w, http:\/\/dg3of.de\/wp-content\/uploads\/2017\/03\/35210-STBR-Gleis-Richtung-Osten-300x225.jpg 300w, http:\/\/dg3of.de\/wp-content\/uploads\/2017\/03\/35210-STBR-Gleis-Richtung-Osten-768x576.jpg 768w, http:\/\/dg3of.de\/wp-content\/uploads\/2017\/03\/35210-STBR-Gleis-Richtung-Osten.jpg 1280w\" sizes=\"auto, (max-width: 640px) 100vw, 640px\" \/><\/a><\/p>\n<p>Gleis aus Richtung Diepholz<\/p>\n<ul>\n<li>&gt;&gt;&gt; <a href=\"http:\/\/dg3of.de\/?page_id=451\">Sulingen (Han)<\/a><\/li>\n<li>&lt;&lt;&lt; <a href=\"http:\/\/dg3of.de\/?page_id=455\">Wehrbleck<\/a><\/li>\n<\/ul>\n<p><a href=\"#\">Nach oben<\/a><\/p>\n<p><a href=\"http:\/\/dg3of.de\/wp-content\/uploads\/2017\/12\/sh2schluss.gif\"><img loading=\"lazy\" decoding=\"async\" class=\"aligncenter size-full wp-image-5931\" src=\"http:\/\/dg3of.de\/wp-content\/uploads\/2017\/12\/sh2schluss.gif\" alt=\"\" width=\"45\" height=\"66\" \/><\/a><\/p>\n","protected":false},"excerpt":{"rendered":"<p>Auszug OSM Kartenauszug\u00a0OpenRailwayMap Kartenauszug TK 1:25000 (Reichsamt f\u00fcr Landesvermessung 1945) Lageplan, Zustand 1954 34,800 &#8211; Bf Gro\u00df Lessen Bahnhof Gro\u00df Lessen &#8211; Gleisseite Bahnhof Gro\u00df Lessen &#8211; Stra\u00dfenseite Gleis aus Richtung Diepholz &gt;&gt;&gt; Sulingen (Han) &lt;&lt;&lt; Wehrbleck Nach oben<\/p>\n","protected":false},"author":1,"featured_media":0,"parent":369,"menu_order":0,"comment_status":"closed","ping_status":"closed","template":"","meta":{"footnotes":""},"class_list":["post-453","page","type-page","status-publish","hentry"],"_links":{"self":[{"href":"http:\/\/dg3of.de\/index.php?rest_route=\/wp\/v2\/pages\/453","targetHints":{"allow":["GET"]}}],"collection":[{"href":"http:\/\/dg3of.de\/index.php?rest_route=\/wp\/v2\/pages"}],"about":[{"href":"http:\/\/dg3of.de\/index.php?rest_route=\/wp\/v2\/types\/page"}],"author":[{"embeddable":true,"href":"http:\/\/dg3of.de\/index.php?rest_route=\/wp\/v2\/users\/1"}],"replies":[{"embeddable":true,"href":"http:\/\/dg3of.de\/index.php?rest_route=%2Fwp%2Fv2%2Fcomments&post=453"}],"version-history":[{"count":10,"href":"http:\/\/dg3of.de\/index.php?rest_route=\/wp\/v2\/pages\/453\/revisions"}],"predecessor-version":[{"id":6809,"href":"http:\/\/dg3of.de\/index.php?rest_route=\/wp\/v2\/pages\/453\/revisions\/6809"}],"up":[{"embeddable":true,"href":"http:\/\/dg3of.de\/index.php?rest_route=\/wp\/v2\/pages\/369"}],"wp:attachment":[{"href":"http:\/\/dg3of.de\/index.php?rest_route=%2Fwp%2Fv2%2Fmedia&parent=453"}],"curies":[{"name":"wp","href":"https:\/\/api.w.org\/{rel}","templated":true}]}}