

{"id":424,"date":"2017-03-28T15:31:48","date_gmt":"2017-03-28T13:31:48","guid":{"rendered":"http:\/\/dg3of.de\/?page_id=424"},"modified":"2018-03-09T09:53:32","modified_gmt":"2018-03-09T07:53:32","slug":"00000-abzw-lohe","status":"publish","type":"page","link":"http:\/\/dg3of.de\/?page_id=424","title":{"rendered":"00,000 &#8211; Abzw Lohe"},"content":{"rendered":"\n\n\t\t\t\t<div id=\"map_ol3js_1\" class=\"map undefined\" data-map_name=\"undefined\" data-map=\"map_ol3js_1\" style=\"width:100%; max-width:100%; height:450px; display:block; overflow:hidden;border:2px solid grey;\" >\n\t\t\t\t  <div id=\"map_ol3js_1_popup\" class=\"ol-popup\" >\n\t\t\t\t\t<a href=\"#\" id=\"map_ol3js_1_popup-closer\" class=\"ol-popup-closer\"><\/a>\n\t\t\t\t\t<div id=\"map_ol3js_1_popup-content\" ><\/div>\n\t\t\t\t  <\/div>\n\t\t\t\t<\/div>\n\t\t\t\n\n\t\t\t\t<script type=\"text\/javascript\">\n\t\t\t\t\ttranslations['openlayer'] = \"open layer\";\n\t\t\t\t\ttranslations['openlayerAtStartup'] = \"open layer at startup\";\n\t\t\t\t\ttranslations['generateLink'] = \"Der Link zur Karte mit ausgew\u00e4hlten Overlays und angezeigtem Ausschnitt\";\n\t\t\t\t\ttranslations['shortDescription'] = \"Kurzbeschreibung\";\n\t\t\t\t\ttranslations['generatedShortCode'] = \"to get a text control link paste this code in your wordpress editor\";\n\t\t\t\t\ttranslations['closeLayer'] = \"close layer\";\n\t\t\t\t\ttranslations['cantGenerateLink'] = \"put this string in the existing map short code to control this map\";\n\t\t\t  <\/script>\n\n\n\t\t\t  <script type=\"text\/javascript\">\n\t\t\t  vectorM['map_ol3js_1'] = [];\n\t        \n        var raster = getTileLayer(\"osm\",\"NoKey\");\t\t\t\n\n\t\t\t  var map_ol3js_1 = new ol.Map({\n\t\t\t\tinteractions: ol.interaction.defaults.defaults({mouseWheelZoom:false}),\n\t\t\t\tlayers: [raster],\n\t\t\t\ttarget: \"map_ol3js_1\",\n\t\t\t\tview: new ol.View({\n\t\t\t\t  center: ol.proj.transform([9.1693,52.6669], \"EPSG:4326\", \"EPSG:3857\"),\n\t\t\t\t  zoom: 15\n\t\t\t\t})\n\t\t\t  });\n\t\t\t  addControls2Map(map_ol3js_1,0,0,3,0,5,6,7,0,1);\nosm_addPopupClickhandler(map_ol3js_1,  \"map_ol3js_1\"); \nosm_addMouseHover(map_ol3js_1); <\/script>\n<p>Auszug OSM<\/p>\n<p><a href=\"http:\/\/dg3of.de\/wp-content\/uploads\/2018\/03\/Bildschirmfoto-2018-03-09-um-08.39.57.png\"><img loading=\"lazy\" decoding=\"async\" class=\"aligncenter size-full wp-image-6774\" src=\"http:\/\/dg3of.de\/wp-content\/uploads\/2018\/03\/Bildschirmfoto-2018-03-09-um-08.39.57.png\" alt=\"\" width=\"901\" height=\"631\" srcset=\"http:\/\/dg3of.de\/wp-content\/uploads\/2018\/03\/Bildschirmfoto-2018-03-09-um-08.39.57.png 901w, http:\/\/dg3of.de\/wp-content\/uploads\/2018\/03\/Bildschirmfoto-2018-03-09-um-08.39.57-300x210.png 300w, http:\/\/dg3of.de\/wp-content\/uploads\/2018\/03\/Bildschirmfoto-2018-03-09-um-08.39.57-768x538.png 768w\" sizes=\"auto, (max-width: 901px) 100vw, 901px\" \/><\/a><\/p>\n<p>Kartenauszug\u00a0<a href=\"http:\/\/www.openrailwaymap.org\/mobile.php?searchquery=&amp;lang=de\" target=\"_blank\" rel=\"noopener\">OpenRailwayMap<\/a>\u00a0&#8211;\u00a0\u00dcbersicht\u00a0<a href=\"http:\/\/dg3of.de\/?page_id=369\">Strecke 1744<\/a><\/p>\n<p><a href=\"http:\/\/dg3of.de\/wp-content\/uploads\/2017\/03\/01-Lohe-Lemke.jpg\"><img loading=\"lazy\" decoding=\"async\" class=\"alignleft size-full wp-image-1190\" src=\"http:\/\/dg3of.de\/wp-content\/uploads\/2017\/03\/01-Lohe-Lemke.jpg\" alt=\"\" width=\"816\" height=\"569\" srcset=\"http:\/\/dg3of.de\/wp-content\/uploads\/2017\/03\/01-Lohe-Lemke.jpg 816w, http:\/\/dg3of.de\/wp-content\/uploads\/2017\/03\/01-Lohe-Lemke-300x209.jpg 300w, http:\/\/dg3of.de\/wp-content\/uploads\/2017\/03\/01-Lohe-Lemke-768x536.jpg 768w\" sizes=\"auto, (max-width: 816px) 100vw, 816px\" \/><\/a><\/p>\n<p>Kartenauszug TK 1:25000 (Reichsamt f\u00fcr Landesvermessung 1945)<br \/>\n<a href=\"http:\/\/dg3of.de\/wp-content\/uploads\/2017\/03\/Lohe-Abzw-Lageplan-Bahn.jpg\"><img loading=\"lazy\" decoding=\"async\" class=\"alignleft size-large wp-image-906\" src=\"http:\/\/dg3of.de\/wp-content\/uploads\/2017\/03\/Lohe-Abzw-Lageplan-Bahn-1024x576.jpg\" alt=\"\" width=\"640\" height=\"360\" srcset=\"http:\/\/dg3of.de\/wp-content\/uploads\/2017\/03\/Lohe-Abzw-Lageplan-Bahn-1024x576.jpg 1024w, http:\/\/dg3of.de\/wp-content\/uploads\/2017\/03\/Lohe-Abzw-Lageplan-Bahn-300x169.jpg 300w, http:\/\/dg3of.de\/wp-content\/uploads\/2017\/03\/Lohe-Abzw-Lageplan-Bahn-768x432.jpg 768w, http:\/\/dg3of.de\/wp-content\/uploads\/2017\/03\/Lohe-Abzw-Lageplan-Bahn.jpg 1280w\" sizes=\"auto, (max-width: 640px) 100vw, 640px\" \/><\/a><\/p>\n<p>Lageplan, Zustand 1954<\/p>\n<table>\n<tbody>\n<tr>\n<td><a href=\"http:\/\/dg3of.de\/wp-content\/uploads\/2017\/03\/05252.jpg\"><img loading=\"lazy\" decoding=\"async\" class=\"alignleft wp-image-5244 size-large\" src=\"http:\/\/dg3of.de\/wp-content\/uploads\/2017\/03\/05252-1024x576.jpg\" alt=\"\" width=\"640\" height=\"360\" srcset=\"http:\/\/dg3of.de\/wp-content\/uploads\/2017\/03\/05252-1024x576.jpg 1024w, http:\/\/dg3of.de\/wp-content\/uploads\/2017\/03\/05252-300x169.jpg 300w, http:\/\/dg3of.de\/wp-content\/uploads\/2017\/03\/05252-768x432.jpg 768w, http:\/\/dg3of.de\/wp-content\/uploads\/2017\/03\/05252.jpg 1279w\" sizes=\"auto, (max-width: 640px) 100vw, 640px\" \/><\/a><\/td>\n<td><a href=\"http:\/\/dg3of.de\/wp-content\/uploads\/2017\/03\/04921.jpg\"><img loading=\"lazy\" decoding=\"async\" class=\"alignleft size-large wp-image-5245\" src=\"http:\/\/dg3of.de\/wp-content\/uploads\/2017\/03\/04921-1024x576.jpg\" alt=\"\" width=\"640\" height=\"360\" srcset=\"http:\/\/dg3of.de\/wp-content\/uploads\/2017\/03\/04921-1024x576.jpg 1024w, http:\/\/dg3of.de\/wp-content\/uploads\/2017\/03\/04921-300x169.jpg 300w, http:\/\/dg3of.de\/wp-content\/uploads\/2017\/03\/04921-768x432.jpg 768w, http:\/\/dg3of.de\/wp-content\/uploads\/2017\/03\/04921.jpg 1280w\" sizes=\"auto, (max-width: 640px) 100vw, 640px\" \/><\/a><\/td>\n<\/tr>\n<\/tbody>\n<\/table>\n<p>00,000 &#8211; EBR Vorflutbr\u00fccken<\/p>\n<p><a href=\"http:\/\/dg3of.de\/wp-content\/uploads\/2017\/03\/05300-Br\u00fccken-Richtung-Nienburg.jpg\"><img loading=\"lazy\" decoding=\"async\" class=\"alignleft wp-image-5238 size-large\" src=\"http:\/\/dg3of.de\/wp-content\/uploads\/2017\/03\/05300-Br\u00fccken-Richtung-Nienburg-1024x576.jpg\" alt=\"\" width=\"640\" height=\"360\" srcset=\"http:\/\/dg3of.de\/wp-content\/uploads\/2017\/03\/05300-Br\u00fccken-Richtung-Nienburg-1024x576.jpg 1024w, http:\/\/dg3of.de\/wp-content\/uploads\/2017\/03\/05300-Br\u00fccken-Richtung-Nienburg-300x169.jpg 300w, http:\/\/dg3of.de\/wp-content\/uploads\/2017\/03\/05300-Br\u00fccken-Richtung-Nienburg-768x432.jpg 768w, http:\/\/dg3of.de\/wp-content\/uploads\/2017\/03\/05300-Br\u00fccken-Richtung-Nienburg.jpg 1280w\" sizes=\"auto, (max-width: 640px) 100vw, 640px\" \/><\/a><\/p>\n<p>00,000 &#8211; Br\u00fccken Richtung Nienburg<\/p>\n<p><a href=\"http:\/\/dg3of.de\/wp-content\/uploads\/2017\/03\/1744_000160-Abzw-Lohel-1.jpg\"><img loading=\"lazy\" decoding=\"async\" class=\"alignnone size-full wp-image-1405\" src=\"http:\/\/dg3of.de\/wp-content\/uploads\/2017\/03\/1744_000160-Abzw-Lohel-1.jpg\" alt=\"\" width=\"1280\" height=\"858\" srcset=\"http:\/\/dg3of.de\/wp-content\/uploads\/2017\/03\/1744_000160-Abzw-Lohel-1.jpg 1280w, http:\/\/dg3of.de\/wp-content\/uploads\/2017\/03\/1744_000160-Abzw-Lohel-1-300x201.jpg 300w, http:\/\/dg3of.de\/wp-content\/uploads\/2017\/03\/1744_000160-Abzw-Lohel-1-768x515.jpg 768w, http:\/\/dg3of.de\/wp-content\/uploads\/2017\/03\/1744_000160-Abzw-Lohel-1-1024x686.jpg 1024w\" sizes=\"auto, (max-width: 1280px) 100vw, 1280px\" \/><\/a><\/p>\n<p>00,000 &#8211; Weiche 200, 2015 ausgebaut<\/p>\n<p><a href=\"http:\/\/dg3of.de\/wp-content\/uploads\/2017\/03\/05480-Streckenteilung.jpg\"><img loading=\"lazy\" decoding=\"async\" class=\"alignleft size-large wp-image-5122\" src=\"http:\/\/dg3of.de\/wp-content\/uploads\/2017\/03\/05480-Streckenteilung-1024x576.jpg\" alt=\"\" width=\"640\" height=\"360\" srcset=\"http:\/\/dg3of.de\/wp-content\/uploads\/2017\/03\/05480-Streckenteilung-1024x576.jpg 1024w, http:\/\/dg3of.de\/wp-content\/uploads\/2017\/03\/05480-Streckenteilung-300x169.jpg 300w, http:\/\/dg3of.de\/wp-content\/uploads\/2017\/03\/05480-Streckenteilung-768x432.jpg 768w, http:\/\/dg3of.de\/wp-content\/uploads\/2017\/03\/05480-Streckenteilung.jpg 1280w\" sizes=\"auto, (max-width: 640px) 100vw, 640px\" \/><\/a><\/p>\n<p>&nbsp;<\/p>\n<p>00,200 &#8211; Streckenteilung<\/p>\n<table>\n<tbody>\n<tr>\n<td><a href=\"http:\/\/dg3of.de\/wp-content\/uploads\/2017\/03\/1744_000500-EBR-Im-Eschfeld-N-S.jpg\"><img loading=\"lazy\" decoding=\"async\" class=\"alignleft size-large wp-image-5143\" src=\"http:\/\/dg3of.de\/wp-content\/uploads\/2017\/03\/1744_000500-EBR-Im-Eschfeld-N-S-1024x576.jpg\" alt=\"\" width=\"640\" height=\"360\" srcset=\"http:\/\/dg3of.de\/wp-content\/uploads\/2017\/03\/1744_000500-EBR-Im-Eschfeld-N-S-1024x576.jpg 1024w, http:\/\/dg3of.de\/wp-content\/uploads\/2017\/03\/1744_000500-EBR-Im-Eschfeld-N-S-300x169.jpg 300w, http:\/\/dg3of.de\/wp-content\/uploads\/2017\/03\/1744_000500-EBR-Im-Eschfeld-N-S-768x432.jpg 768w, http:\/\/dg3of.de\/wp-content\/uploads\/2017\/03\/1744_000500-EBR-Im-Eschfeld-N-S.jpg 1280w\" sizes=\"auto, (max-width: 640px) 100vw, 640px\" \/><\/a><\/td>\n<td><a href=\"http:\/\/dg3of.de\/wp-content\/uploads\/2017\/03\/1744_000500-EBR-Im-Eschfeld-S-N-1.jpg\"><img loading=\"lazy\" decoding=\"async\" class=\"alignleft size-large wp-image-5144\" src=\"http:\/\/dg3of.de\/wp-content\/uploads\/2017\/03\/1744_000500-EBR-Im-Eschfeld-S-N-1-1024x576.jpg\" alt=\"\" width=\"640\" height=\"360\" srcset=\"http:\/\/dg3of.de\/wp-content\/uploads\/2017\/03\/1744_000500-EBR-Im-Eschfeld-S-N-1-1024x576.jpg 1024w, http:\/\/dg3of.de\/wp-content\/uploads\/2017\/03\/1744_000500-EBR-Im-Eschfeld-S-N-1-300x169.jpg 300w, http:\/\/dg3of.de\/wp-content\/uploads\/2017\/03\/1744_000500-EBR-Im-Eschfeld-S-N-1-768x432.jpg 768w, http:\/\/dg3of.de\/wp-content\/uploads\/2017\/03\/1744_000500-EBR-Im-Eschfeld-S-N-1.jpg 1280w\" sizes=\"auto, (max-width: 640px) 100vw, 640px\" \/><\/a><\/td>\n<\/tr>\n<\/tbody>\n<\/table>\n<p>00,300 &#8211; EBR &#8222;Im Eschfeld&#8220; N-S \/ S-N<\/p>\n<p><a href=\"http:\/\/dg3of.de\/wp-content\/uploads\/2017\/03\/1744_000501-EBR-Im-Eschfeld-oberhalb-1.jpg\"><img loading=\"lazy\" decoding=\"async\" class=\"alignnone wp-image-1400 size-full\" src=\"http:\/\/dg3of.de\/wp-content\/uploads\/2017\/03\/1744_000501-EBR-Im-Eschfeld-oberhalb-1.jpg\" alt=\"\" width=\"1280\" height=\"960\" srcset=\"http:\/\/dg3of.de\/wp-content\/uploads\/2017\/03\/1744_000501-EBR-Im-Eschfeld-oberhalb-1.jpg 1280w, http:\/\/dg3of.de\/wp-content\/uploads\/2017\/03\/1744_000501-EBR-Im-Eschfeld-oberhalb-1-300x225.jpg 300w, http:\/\/dg3of.de\/wp-content\/uploads\/2017\/03\/1744_000501-EBR-Im-Eschfeld-oberhalb-1-768x576.jpg 768w, http:\/\/dg3of.de\/wp-content\/uploads\/2017\/03\/1744_000501-EBR-Im-Eschfeld-oberhalb-1-1024x768.jpg 1024w\" sizes=\"auto, (max-width: 1280px) 100vw, 1280px\" \/><\/a><\/p>\n<p>00,300 &#8211; Gleisanlagen oberhalb der Br\u00fccke<\/p>\n<table>\n<tbody>\n<tr>\n<td><a href=\"http:\/\/dg3of.de\/wp-content\/uploads\/2017\/03\/1744_000500-EBR-Im-Eschfeld-unterhalb.jpg\"><img loading=\"lazy\" decoding=\"async\" class=\"alignleft size-large wp-image-5164\" src=\"http:\/\/dg3of.de\/wp-content\/uploads\/2017\/03\/1744_000500-EBR-Im-Eschfeld-unterhalb-1024x576.jpg\" alt=\"\" width=\"640\" height=\"360\" srcset=\"http:\/\/dg3of.de\/wp-content\/uploads\/2017\/03\/1744_000500-EBR-Im-Eschfeld-unterhalb-1024x576.jpg 1024w, http:\/\/dg3of.de\/wp-content\/uploads\/2017\/03\/1744_000500-EBR-Im-Eschfeld-unterhalb-300x169.jpg 300w, http:\/\/dg3of.de\/wp-content\/uploads\/2017\/03\/1744_000500-EBR-Im-Eschfeld-unterhalb-768x432.jpg 768w, http:\/\/dg3of.de\/wp-content\/uploads\/2017\/03\/1744_000500-EBR-Im-Eschfeld-unterhalb.jpg 1280w\" sizes=\"auto, (max-width: 640px) 100vw, 640px\" \/><\/a><\/td>\n<td><a href=\"http:\/\/dg3of.de\/wp-content\/uploads\/2017\/03\/1744_000800-EBR-W.jpg\"><img loading=\"lazy\" decoding=\"async\" class=\"alignleft size-large wp-image-5165\" src=\"http:\/\/dg3of.de\/wp-content\/uploads\/2017\/03\/1744_000800-EBR-W-1024x576.jpg\" alt=\"\" width=\"640\" height=\"360\" srcset=\"http:\/\/dg3of.de\/wp-content\/uploads\/2017\/03\/1744_000800-EBR-W-1024x576.jpg 1024w, http:\/\/dg3of.de\/wp-content\/uploads\/2017\/03\/1744_000800-EBR-W-300x169.jpg 300w, http:\/\/dg3of.de\/wp-content\/uploads\/2017\/03\/1744_000800-EBR-W-768x432.jpg 768w, http:\/\/dg3of.de\/wp-content\/uploads\/2017\/03\/1744_000800-EBR-W.jpg 1280w\" sizes=\"auto, (max-width: 640px) 100vw, 640px\" \/><\/a><\/td>\n<\/tr>\n<\/tbody>\n<\/table>\n<p>00,300 &#8211; Unterhalb der Br\u00fccke 00,800 EBR Wasserdurchlass<\/p>\n<table>\n<tbody>\n<tr>\n<td><a href=\"http:\/\/dg3of.de\/wp-content\/uploads\/2017\/03\/1047613329d42060b10cd29196a72187-2.jpg\"><img loading=\"lazy\" decoding=\"async\" class=\"alignleft size-large wp-image-5146\" src=\"http:\/\/dg3of.de\/wp-content\/uploads\/2017\/03\/1047613329d42060b10cd29196a72187-2-1024x576.jpg\" alt=\"\" width=\"640\" height=\"360\" srcset=\"http:\/\/dg3of.de\/wp-content\/uploads\/2017\/03\/1047613329d42060b10cd29196a72187-2-1024x576.jpg 1024w, http:\/\/dg3of.de\/wp-content\/uploads\/2017\/03\/1047613329d42060b10cd29196a72187-2-300x169.jpg 300w, http:\/\/dg3of.de\/wp-content\/uploads\/2017\/03\/1047613329d42060b10cd29196a72187-2-768x432.jpg 768w, http:\/\/dg3of.de\/wp-content\/uploads\/2017\/03\/1047613329d42060b10cd29196a72187-2.jpg 1280w\" sizes=\"auto, (max-width: 640px) 100vw, 640px\" \/><\/a><\/td>\n<td><a href=\"http:\/\/dg3of.de\/wp-content\/uploads\/2017\/03\/1744_001000-EBR-Schulstra\u00dfe-O-W.jpg\"><img loading=\"lazy\" decoding=\"async\" class=\"alignleft size-large wp-image-5147\" src=\"http:\/\/dg3of.de\/wp-content\/uploads\/2017\/03\/1744_001000-EBR-Schulstra\u00dfe-O-W-1024x576.jpg\" alt=\"\" width=\"640\" height=\"360\" srcset=\"http:\/\/dg3of.de\/wp-content\/uploads\/2017\/03\/1744_001000-EBR-Schulstra\u00dfe-O-W-1024x576.jpg 1024w, http:\/\/dg3of.de\/wp-content\/uploads\/2017\/03\/1744_001000-EBR-Schulstra\u00dfe-O-W-300x169.jpg 300w, http:\/\/dg3of.de\/wp-content\/uploads\/2017\/03\/1744_001000-EBR-Schulstra\u00dfe-O-W-768x432.jpg 768w, http:\/\/dg3of.de\/wp-content\/uploads\/2017\/03\/1744_001000-EBR-Schulstra\u00dfe-O-W.jpg 1280w\" sizes=\"auto, (max-width: 640px) 100vw, 640px\" \/><\/a><\/td>\n<\/tr>\n<\/tbody>\n<\/table>\n<p>01,000 &#8211; EBR Schulstra\u00dfe W-O \/ O-W<\/p>\n<table>\n<tbody>\n<tr>\n<td><a href=\"http:\/\/dg3of.de\/wp-content\/uploads\/2017\/03\/1744_001500-EBR-Steeriede-W-O-1.jpg\"><img loading=\"lazy\" decoding=\"async\" class=\"alignleft size-large wp-image-5150\" src=\"http:\/\/dg3of.de\/wp-content\/uploads\/2017\/03\/1744_001500-EBR-Steeriede-W-O-1-1024x576.jpg\" alt=\"\" width=\"640\" height=\"360\" srcset=\"http:\/\/dg3of.de\/wp-content\/uploads\/2017\/03\/1744_001500-EBR-Steeriede-W-O-1-1024x576.jpg 1024w, http:\/\/dg3of.de\/wp-content\/uploads\/2017\/03\/1744_001500-EBR-Steeriede-W-O-1-300x169.jpg 300w, http:\/\/dg3of.de\/wp-content\/uploads\/2017\/03\/1744_001500-EBR-Steeriede-W-O-1-768x432.jpg 768w, http:\/\/dg3of.de\/wp-content\/uploads\/2017\/03\/1744_001500-EBR-Steeriede-W-O-1.jpg 1280w\" sizes=\"auto, (max-width: 640px) 100vw, 640px\" \/><\/a><\/td>\n<td><a href=\"http:\/\/dg3of.de\/wp-content\/uploads\/2017\/03\/1744_001500-EBR-Steeriede-O-W.jpg\"><img loading=\"lazy\" decoding=\"async\" class=\"alignleft size-large wp-image-5151\" src=\"http:\/\/dg3of.de\/wp-content\/uploads\/2017\/03\/1744_001500-EBR-Steeriede-O-W-1024x576.jpg\" alt=\"\" width=\"640\" height=\"360\" srcset=\"http:\/\/dg3of.de\/wp-content\/uploads\/2017\/03\/1744_001500-EBR-Steeriede-O-W-1024x576.jpg 1024w, http:\/\/dg3of.de\/wp-content\/uploads\/2017\/03\/1744_001500-EBR-Steeriede-O-W-300x169.jpg 300w, http:\/\/dg3of.de\/wp-content\/uploads\/2017\/03\/1744_001500-EBR-Steeriede-O-W-768x432.jpg 768w, http:\/\/dg3of.de\/wp-content\/uploads\/2017\/03\/1744_001500-EBR-Steeriede-O-W.jpg 1280w\" sizes=\"auto, (max-width: 640px) 100vw, 640px\" \/><\/a><\/td>\n<\/tr>\n<\/tbody>\n<\/table>\n<p>01,500 &#8211; EBR Steeriede W-O \/ O-W<\/p>\n<ul>\n<li>&gt;&gt;&gt; <a href=\"http:\/\/dg3of.de\/?page_id=439\">Mehlbergen<\/a><\/li>\n<\/ul>\n<p><a href=\"#\">Nach oben<\/a><\/p>\n","protected":false},"excerpt":{"rendered":"<p>Auszug OSM Kartenauszug\u00a0OpenRailwayMap\u00a0&#8211;\u00a0\u00dcbersicht\u00a0Strecke 1744 Kartenauszug TK 1:25000 (Reichsamt f\u00fcr Landesvermessung 1945) Lageplan, Zustand 1954 00,000 &#8211; EBR Vorflutbr\u00fccken 00,000 &#8211; Br\u00fccken Richtung Nienburg 00,000 &#8211; Weiche 200, 2015 ausgebaut &nbsp; 00,200 &#8211; Streckenteilung 00,300 &#8211; EBR &#8222;Im Eschfeld&#8220; N-S \/ &hellip; <a href=\"http:\/\/dg3of.de\/?page_id=424\">Weiterlesen <span class=\"meta-nav\">&rarr;<\/span><\/a><\/p>\n","protected":false},"author":1,"featured_media":0,"parent":369,"menu_order":0,"comment_status":"closed","ping_status":"closed","template":"","meta":{"footnotes":""},"class_list":["post-424","page","type-page","status-publish","hentry"],"_links":{"self":[{"href":"http:\/\/dg3of.de\/index.php?rest_route=\/wp\/v2\/pages\/424","targetHints":{"allow":["GET"]}}],"collection":[{"href":"http:\/\/dg3of.de\/index.php?rest_route=\/wp\/v2\/pages"}],"about":[{"href":"http:\/\/dg3of.de\/index.php?rest_route=\/wp\/v2\/types\/page"}],"author":[{"embeddable":true,"href":"http:\/\/dg3of.de\/index.php?rest_route=\/wp\/v2\/users\/1"}],"replies":[{"embeddable":true,"href":"http:\/\/dg3of.de\/index.php?rest_route=%2Fwp%2Fv2%2Fcomments&post=424"}],"version-history":[{"count":35,"href":"http:\/\/dg3of.de\/index.php?rest_route=\/wp\/v2\/pages\/424\/revisions"}],"predecessor-version":[{"id":6776,"href":"http:\/\/dg3of.de\/index.php?rest_route=\/wp\/v2\/pages\/424\/revisions\/6776"}],"up":[{"embeddable":true,"href":"http:\/\/dg3of.de\/index.php?rest_route=\/wp\/v2\/pages\/369"}],"wp:attachment":[{"href":"http:\/\/dg3of.de\/index.php?rest_route=%2Fwp%2Fv2%2Fmedia&parent=424"}],"curies":[{"name":"wp","href":"https:\/\/api.w.org\/{rel}","templated":true}]}}