

{"id":21039,"date":"2023-02-16T06:59:19","date_gmt":"2023-02-16T04:59:19","guid":{"rendered":"http:\/\/dg3of.de\/?page_id=21039"},"modified":"2023-02-16T06:59:19","modified_gmt":"2023-02-16T04:59:19","slug":"38100-bf-walsrode","status":"publish","type":"page","link":"http:\/\/dg3of.de\/?page_id=21039","title":{"rendered":"38,100 &#8211; Bf Walsrode"},"content":{"rendered":"\n\n\t\t\t\t<div id=\"map_ol3js_1\" class=\"map undefined\" data-map_name=\"undefined\" data-map=\"map_ol3js_1\" style=\"width:100%; max-width:100%; height:450px; display:block; overflow:hidden;border:thin solid;\" >\n\t\t\t\t  <div id=\"map_ol3js_1_popup\" class=\"ol-popup\" >\n\t\t\t\t\t<a href=\"#\" id=\"map_ol3js_1_popup-closer\" class=\"ol-popup-closer\"><\/a>\n\t\t\t\t\t<div id=\"map_ol3js_1_popup-content\" ><\/div>\n\t\t\t\t  <\/div>\n\t\t\t\t<\/div>\n\t\t\t\n\n\t\t\t\t<script type=\"text\/javascript\">\n\t\t\t\t\ttranslations['openlayer'] = \"open layer\";\n\t\t\t\t\ttranslations['openlayerAtStartup'] = \"open layer at startup\";\n\t\t\t\t\ttranslations['generateLink'] = \"Der Link zur Karte mit ausgew\u00e4hlten Overlays und angezeigtem Ausschnitt\";\n\t\t\t\t\ttranslations['shortDescription'] = \"Kurzbeschreibung\";\n\t\t\t\t\ttranslations['generatedShortCode'] = \"to get a text control link paste this code in your wordpress editor\";\n\t\t\t\t\ttranslations['closeLayer'] = \"close layer\";\n\t\t\t\t\ttranslations['cantGenerateLink'] = \"put this string in the existing map short code to control this map\";\n\t\t\t  <\/script>\n\n\n\t\t\t  <script type=\"text\/javascript\">\n\t\t\t  vectorM['map_ol3js_1'] = [];\n\t        \n        var raster = getTileLayer(\"\",\"NoKey\");\t\t\t\n\n\t\t\t  var map_ol3js_1 = new ol.Map({\n\t\t\t\tinteractions: ol.interaction.defaults.defaults({mouseWheelZoom:false}),\n\t\t\t\tlayers: [raster],\n\t\t\t\ttarget: \"map_ol3js_1\",\n\t\t\t\tview: new ol.View({\n\t\t\t\t  center: ol.proj.transform([9.6006,52.8655], \"EPSG:4326\", \"EPSG:3857\"),\n\t\t\t\t  zoom: 13\n\t\t\t\t})\n\t\t\t  });\n\t\t\t  addControls2Map(map_ol3js_1,0,0,3,0,5,6,7,0,1);\nosm_addPopupClickhandler(map_ol3js_1,  \"map_ol3js_1\"); \nosm_addMouseHover(map_ol3js_1); <\/script>\n<p>Auszug OSM<\/p>\n<p><a href=\"http:\/\/nordwind.info\/wp-content\/uploads\/2019\/10\/Walsrode-3123.jpg\"><img loading=\"lazy\" decoding=\"async\" class=\"alignleft size-large wp-image-6644\" src=\"http:\/\/nordwind.info\/wp-content\/uploads\/2019\/10\/Walsrode-3123-1024x1018.jpg\" alt=\"\" width=\"640\" height=\"636\" \/><\/a><\/p>\n<p>Kartenauszug TK 1:25000 (Reichsamt f\u00fcr Landesvermessung 1945)<\/p>\n<p><a href=\"http:\/\/nordwind.info\/wp-content\/uploads\/2019\/10\/62000-Walsrode-Ws.jpg\"><img loading=\"lazy\" decoding=\"async\" class=\"alignleft size-large wp-image-6651\" src=\"http:\/\/nordwind.info\/wp-content\/uploads\/2019\/10\/62000-Walsrode-Ws-1024x576.jpg\" alt=\"\" width=\"640\" height=\"360\" \/><\/a><\/p>\n<p>Stellwerk Ws<\/p>\n<p><a href=\"http:\/\/nordwind.info\/wp-content\/uploads\/2019\/10\/62000-Walsrode-Gleise-Richtung-Suden2.jpg\"><img loading=\"lazy\" decoding=\"async\" class=\"alignleft size-large wp-image-6664\" src=\"http:\/\/nordwind.info\/wp-content\/uploads\/2019\/10\/62000-Walsrode-Gleise-Richtung-Suden2-1024x576.jpg\" alt=\"\" width=\"640\" height=\"360\" \/><\/a><\/p>\n<p>Richtung S\u00fcden<\/p>\n<p><a href=\"http:\/\/nordwind.info\/wp-content\/uploads\/2019\/10\/62000-Walsrode-Gebaude-Nebenbahn.jpg\"><img loading=\"lazy\" decoding=\"async\" class=\"alignleft size-large wp-image-6661\" src=\"http:\/\/nordwind.info\/wp-content\/uploads\/2019\/10\/62000-Walsrode-Gebaude-Nebenbahn-1024x576.jpg\" alt=\"\" width=\"640\" height=\"360\" \/><\/a><\/p>\n<p>Geb\u00e4ude Nebenbahn<\/p>\n<p><a href=\"http:\/\/nordwind.info\/wp-content\/uploads\/2019\/10\/62000-Walsrode-Gleisseite.jpg\"><img loading=\"lazy\" decoding=\"async\" class=\"alignleft size-large wp-image-6647\" src=\"http:\/\/nordwind.info\/wp-content\/uploads\/2019\/10\/62000-Walsrode-Gleisseite-1024x576.jpg\" alt=\"\" width=\"640\" height=\"360\" \/><\/a><\/p>\n<p>Gleisseite<\/p>\n<p><a href=\"http:\/\/nordwind.info\/wp-content\/uploads\/2019\/10\/62000-Walsrode-Bf-Strassenseite.jpg\"><img loading=\"lazy\" decoding=\"async\" class=\"alignleft size-large wp-image-6649\" src=\"http:\/\/nordwind.info\/wp-content\/uploads\/2019\/10\/62000-Walsrode-Bf-Strassenseite-1024x576.jpg\" alt=\"\" width=\"640\" height=\"360\" \/><\/a><\/p>\n<p>Stra\u00dfenseite<\/p>\n<p><a href=\"http:\/\/nordwind.info\/wp-content\/uploads\/2019\/10\/62000-Walsrode-Stw-Wmf.jpg\"><img loading=\"lazy\" decoding=\"async\" class=\"alignleft size-large wp-image-6653\" src=\"http:\/\/nordwind.info\/wp-content\/uploads\/2019\/10\/62000-Walsrode-Stw-Wmf-1024x576.jpg\" alt=\"\" width=\"640\" height=\"360\" \/><\/a><\/p>\n<p>Stellwerk<\/p>\n<p><a href=\"http:\/\/nordwind.info\/wp-content\/uploads\/2019\/10\/62000-Walsrode-Abzweigung.jpg\"><img loading=\"lazy\" decoding=\"async\" class=\"alignleft size-large wp-image-6654\" src=\"http:\/\/nordwind.info\/wp-content\/uploads\/2019\/10\/62000-Walsrode-Abzweigung-1024x576.jpg\" alt=\"\" width=\"640\" height=\"360\" \/><\/a><\/p>\n<p>Richtung Norden<\/p>\n<ul>\n<li>&lt;&lt;&lt; <a href=\"http:\/\/nordwind.info\/?page_id=7651\">Vorwalsrode<\/a><\/li>\n<\/ul>\n<p><a href=\"#\">Seitenanfang<\/a><\/p>\n<p><a href=\"http:\/\/nordwind.info\/wp-content\/uploads\/2018\/03\/sh2schluss.gif\"><img loading=\"lazy\" decoding=\"async\" class=\"aligncenter size-full wp-image-2750\" src=\"http:\/\/nordwind.info\/wp-content\/uploads\/2018\/03\/sh2schluss.gif\" alt=\"\" width=\"45\" height=\"66\" \/><\/a><\/p>\n","protected":false},"excerpt":{"rendered":"<p>Auszug OSM Kartenauszug TK 1:25000 (Reichsamt f\u00fcr Landesvermessung 1945) Stellwerk Ws Richtung S\u00fcden Geb\u00e4ude Nebenbahn Gleisseite Stra\u00dfenseite Stellwerk Richtung Norden &lt;&lt;&lt; Vorwalsrode Seitenanfang<\/p>\n","protected":false},"author":1,"featured_media":0,"parent":15164,"menu_order":0,"comment_status":"closed","ping_status":"closed","template":"","meta":{"footnotes":""},"class_list":["post-21039","page","type-page","status-publish","hentry"],"_links":{"self":[{"href":"http:\/\/dg3of.de\/index.php?rest_route=\/wp\/v2\/pages\/21039","targetHints":{"allow":["GET"]}}],"collection":[{"href":"http:\/\/dg3of.de\/index.php?rest_route=\/wp\/v2\/pages"}],"about":[{"href":"http:\/\/dg3of.de\/index.php?rest_route=\/wp\/v2\/types\/page"}],"author":[{"embeddable":true,"href":"http:\/\/dg3of.de\/index.php?rest_route=\/wp\/v2\/users\/1"}],"replies":[{"embeddable":true,"href":"http:\/\/dg3of.de\/index.php?rest_route=%2Fwp%2Fv2%2Fcomments&post=21039"}],"version-history":[{"count":1,"href":"http:\/\/dg3of.de\/index.php?rest_route=\/wp\/v2\/pages\/21039\/revisions"}],"predecessor-version":[{"id":21040,"href":"http:\/\/dg3of.de\/index.php?rest_route=\/wp\/v2\/pages\/21039\/revisions\/21040"}],"up":[{"embeddable":true,"href":"http:\/\/dg3of.de\/index.php?rest_route=\/wp\/v2\/pages\/15164"}],"wp:attachment":[{"href":"http:\/\/dg3of.de\/index.php?rest_route=%2Fwp%2Fv2%2Fmedia&parent=21039"}],"curies":[{"name":"wp","href":"https:\/\/api.w.org\/{rel}","templated":true}]}}