

{"id":21024,"date":"2023-02-16T06:45:03","date_gmt":"2023-02-16T04:45:03","guid":{"rendered":"http:\/\/dg3of.de\/?page_id=21024"},"modified":"2023-02-26T08:01:56","modified_gmt":"2023-02-26T06:01:56","slug":"21600-bf-altenwahlingen","status":"publish","type":"page","link":"http:\/\/dg3of.de\/?page_id=21024","title":{"rendered":"21,600 &#8211; Bf Altenwahlingen"},"content":{"rendered":"\n\n\t\t\t\t<div id=\"map_ol3js_1\" class=\"map undefined\" data-map_name=\"undefined\" data-map=\"map_ol3js_1\" style=\"width:100%; max-width:100%; height:450px; display:block; overflow:hidden;border:2px solid grey;\" >\n\t\t\t\t  <div id=\"map_ol3js_1_popup\" class=\"ol-popup\" >\n\t\t\t\t\t<a href=\"#\" id=\"map_ol3js_1_popup-closer\" class=\"ol-popup-closer\"><\/a>\n\t\t\t\t\t<div id=\"map_ol3js_1_popup-content\" ><\/div>\n\t\t\t\t  <\/div>\n\t\t\t\t<\/div>\n\t\t\t\n\n\t\t\t\t<script type=\"text\/javascript\">\n\t\t\t\t\ttranslations['openlayer'] = \"open layer\";\n\t\t\t\t\ttranslations['openlayerAtStartup'] = \"open layer at startup\";\n\t\t\t\t\ttranslations['generateLink'] = \"Der Link zur Karte mit ausgew\u00e4hlten Overlays und angezeigtem Ausschnitt\";\n\t\t\t\t\ttranslations['shortDescription'] = \"Kurzbeschreibung\";\n\t\t\t\t\ttranslations['generatedShortCode'] = \"to get a text control link paste this code in your wordpress editor\";\n\t\t\t\t\ttranslations['closeLayer'] = \"close layer\";\n\t\t\t\t\ttranslations['cantGenerateLink'] = \"put this string in the existing map short code to control this map\";\n\t\t\t  <\/script>\n\n\n\t\t\t  <script type=\"text\/javascript\">\n\t\t\t  vectorM['map_ol3js_1'] = [];\n\t        \n        var raster = getTileLayer(\"opentopomap\",\"NoKey\");\t\t\t\n\n\t\t\t  var map_ol3js_1 = new ol.Map({\n\t\t\t\tinteractions: ol.interaction.defaults.defaults({mouseWheelZoom:false}),\n\t\t\t\tlayers: [raster],\n\t\t\t\ttarget: \"map_ol3js_1\",\n\t\t\t\tview: new ol.View({\n\t\t\t\t  center: ol.proj.transform([9.4261,52.8014], \"EPSG:4326\", \"EPSG:3857\"),\n\t\t\t\t  zoom: 15.0\n\t\t\t\t})\n\t\t\t  });\n\t\t\t  addControls2Map(map_ol3js_1,0,0,3,0,5,6,7,0,1);\nosm_addPopupClickhandler(map_ol3js_1,  \"map_ol3js_1\"); \nosm_addMouseHover(map_ol3js_1); <\/script>\n<p>Aktuell<\/p>\n<p><a href=\"http:\/\/nordwind.info\/wp-content\/uploads\/2019\/11\/Bildschirmfoto-2019-11-21-um-07.20.31.png\"><img loading=\"lazy\" decoding=\"async\" class=\"aligncenter size-large wp-image-7774\" src=\"http:\/\/nordwind.info\/wp-content\/uploads\/2019\/11\/Bildschirmfoto-2019-11-21-um-07.20.31-1024x587.png\" alt=\"\" width=\"640\" height=\"367\" \/><\/a><\/p>\n<p>Auszug OSM<\/p>\n<p><a href=\"http:\/\/nordwind.info\/wp-content\/uploads\/2019\/11\/Kirchboitzen-3122-scaled.jpg\"><img loading=\"lazy\" decoding=\"async\" class=\"aligncenter size-large wp-image-7696\" src=\"http:\/\/nordwind.info\/wp-content\/uploads\/2019\/11\/Kirchboitzen-3122-987x1024.jpg\" alt=\"\" width=\"640\" height=\"664\" \/><\/a><\/p>\n<p>Kartenauszug TK 1:25000 (Reichsamt f\u00fcr Landesvermessung 1945)<\/p>\n<p><a href=\"http:\/\/dg3of.de\/wp-content\/uploads\/2021\/12\/Altenwahlingen.jpg\"><img loading=\"lazy\" decoding=\"async\" class=\"alignnone size-full wp-image-21343\" src=\"http:\/\/dg3of.de\/wp-content\/uploads\/2021\/12\/Altenwahlingen.jpg\" alt=\"\" width=\"1280\" height=\"871\" srcset=\"http:\/\/dg3of.de\/wp-content\/uploads\/2021\/12\/Altenwahlingen.jpg 1280w, http:\/\/dg3of.de\/wp-content\/uploads\/2021\/12\/Altenwahlingen-300x204.jpg 300w, http:\/\/dg3of.de\/wp-content\/uploads\/2021\/12\/Altenwahlingen-1024x697.jpg 1024w, http:\/\/dg3of.de\/wp-content\/uploads\/2021\/12\/Altenwahlingen-768x523.jpg 768w\" sizes=\"auto, (max-width: 1280px) 100vw, 1280px\" \/><\/a><\/p>\n<p>Bahnhof heute<\/p>\n<ul>\n<li>&lt;&lt;&lt; <a href=\"http:\/\/nordwind.info\/?page_id=7663\">Gro\u00df H\u00e4u\u00dflingen<\/a><\/li>\n<li>&gt;&gt;&gt; <a href=\"http:\/\/nordwind.info\/?page_id=7659\">B\u00f6hme<\/a><\/li>\n<\/ul>\n<p><a href=\"#\">Seitenanfang<\/a><\/p>\n<p><a href=\"http:\/\/nordwind.info\/wp-content\/uploads\/2018\/03\/sh2schluss.gif\"><img loading=\"lazy\" decoding=\"async\" class=\"aligncenter size-full wp-image-2750\" src=\"http:\/\/nordwind.info\/wp-content\/uploads\/2018\/03\/sh2schluss.gif\" alt=\"\" width=\"45\" height=\"66\" \/><\/a><\/p>\n","protected":false},"excerpt":{"rendered":"<p>Aktuell Auszug OSM Kartenauszug TK 1:25000 (Reichsamt f\u00fcr Landesvermessung 1945) Bahnhof heute &lt;&lt;&lt; Gro\u00df H\u00e4u\u00dflingen &gt;&gt;&gt; B\u00f6hme Seitenanfang<\/p>\n","protected":false},"author":1,"featured_media":0,"parent":15164,"menu_order":0,"comment_status":"closed","ping_status":"closed","template":"","meta":{"footnotes":""},"class_list":["post-21024","page","type-page","status-publish","hentry"],"_links":{"self":[{"href":"http:\/\/dg3of.de\/index.php?rest_route=\/wp\/v2\/pages\/21024","targetHints":{"allow":["GET"]}}],"collection":[{"href":"http:\/\/dg3of.de\/index.php?rest_route=\/wp\/v2\/pages"}],"about":[{"href":"http:\/\/dg3of.de\/index.php?rest_route=\/wp\/v2\/types\/page"}],"author":[{"embeddable":true,"href":"http:\/\/dg3of.de\/index.php?rest_route=\/wp\/v2\/users\/1"}],"replies":[{"embeddable":true,"href":"http:\/\/dg3of.de\/index.php?rest_route=%2Fwp%2Fv2%2Fcomments&post=21024"}],"version-history":[{"count":2,"href":"http:\/\/dg3of.de\/index.php?rest_route=\/wp\/v2\/pages\/21024\/revisions"}],"predecessor-version":[{"id":21346,"href":"http:\/\/dg3of.de\/index.php?rest_route=\/wp\/v2\/pages\/21024\/revisions\/21346"}],"up":[{"embeddable":true,"href":"http:\/\/dg3of.de\/index.php?rest_route=\/wp\/v2\/pages\/15164"}],"wp:attachment":[{"href":"http:\/\/dg3of.de\/index.php?rest_route=%2Fwp%2Fv2%2Fmedia&parent=21024"}],"curies":[{"name":"wp","href":"https:\/\/api.w.org\/{rel}","templated":true}]}}