

{"id":20838,"date":"2023-02-14T16:52:21","date_gmt":"2023-02-14T14:52:21","guid":{"rendered":"http:\/\/dg3of.de\/?page_id=20838"},"modified":"2023-02-14T16:54:52","modified_gmt":"2023-02-14T14:54:52","slug":"150280-bf-oldenbuettel","status":"publish","type":"page","link":"http:\/\/dg3of.de\/?page_id=20838","title":{"rendered":"150,280 &#8211; Bf Oldenb\u00fcttel"},"content":{"rendered":"<div id=\"ShortCode_Div\">\n\n\t\t\t\t<div id=\"map_ol3js_1\" class=\"map undefined\" data-map_name=\"undefined\" data-map=\"map_ol3js_1\" style=\"width:100%; max-width:100%; height:450px; display:block; overflow:hidden;border:2px solid grey;\" >\n\t\t\t\t  <div id=\"map_ol3js_1_popup\" class=\"ol-popup\" >\n\t\t\t\t\t<a href=\"#\" id=\"map_ol3js_1_popup-closer\" class=\"ol-popup-closer\"><\/a>\n\t\t\t\t\t<div id=\"map_ol3js_1_popup-content\" ><\/div>\n\t\t\t\t  <\/div>\n\t\t\t\t<\/div>\n\t\t\t\n\n\t\t\t\t<script type=\"text\/javascript\">\n\t\t\t\t\ttranslations['openlayer'] = \"open layer\";\n\t\t\t\t\ttranslations['openlayerAtStartup'] = \"open layer at startup\";\n\t\t\t\t\ttranslations['generateLink'] = \"Der Link zur Karte mit ausgew\u00e4hlten Overlays und angezeigtem Ausschnitt\";\n\t\t\t\t\ttranslations['shortDescription'] = \"Kurzbeschreibung\";\n\t\t\t\t\ttranslations['generatedShortCode'] = \"to get a text control link paste this code in your wordpress editor\";\n\t\t\t\t\ttranslations['closeLayer'] = \"close layer\";\n\t\t\t\t\ttranslations['cantGenerateLink'] = \"put this string in the existing map short code to control this map\";\n\t\t\t  <\/script>\n\n\n\t\t\t  <script type=\"text\/javascript\">\n\t\t\t  vectorM['map_ol3js_1'] = [];\n\t        \n        var raster = getTileLayer(\"osm\",\"NoKey\");\t\t\t\n\n\t\t\t  var map_ol3js_1 = new ol.Map({\n\t\t\t\tinteractions: ol.interaction.defaults.defaults({mouseWheelZoom:false}),\n\t\t\t\tlayers: [raster],\n\t\t\t\ttarget: \"map_ol3js_1\",\n\t\t\t\tview: new ol.View({\n\t\t\t\t  center: ol.proj.transform([8.8108,53.2840], \"EPSG:4326\", \"EPSG:3857\"),\n\t\t\t\t  zoom: 13.0\n\t\t\t\t})\n\t\t\t  });\n\t\t\t  osm_addMarkerLayer(map_ol3js_1,8.8107,53.2839,\"http:\/\/dg3of.de\/wp-content\/plugins\/osm\/icons\/mic_red_pinother_02.png\",-16,-41,\"<p><\/p>\") ; \naddControls2Map(map_ol3js_1,0,0,3,0,5,6,7,1,1);\nosm_addPopupClickhandler(map_ol3js_1,  \"map_ol3js_1\"); \nosm_addMouseHover(map_ol3js_1); <\/script><\/div>\n<p>Auszug OSM<\/p>\n<p><a href=\"http:\/\/nordwind.info\/wp-content\/uploads\/2019\/11\/Osterholz-Scharmbeck-2718-scaled.jpg\"><img loading=\"lazy\" decoding=\"async\" class=\"aligncenter size-large wp-image-8396\" src=\"http:\/\/nordwind.info\/wp-content\/uploads\/2019\/11\/Osterholz-Scharmbeck-2718-1006x1024.jpg\" alt=\"\" width=\"640\" height=\"651\" \/><\/a><\/p>\n<p>Kartenauszug TK 1:25000 (Reichsamt f\u00fcr Landesvermessung 1945)<\/p>\n<p><a href=\"http:\/\/dg3of.de\/wp-content\/uploads\/2018\/03\/Oldenb\u00fcttel-OHZ.jpg\"><img loading=\"lazy\" decoding=\"async\" class=\"alignnone size-full wp-image-6901\" src=\"http:\/\/dg3of.de\/wp-content\/uploads\/2018\/03\/Oldenb\u00fcttel-OHZ.jpg\" alt=\"\" width=\"1148\" height=\"726\" srcset=\"http:\/\/dg3of.de\/wp-content\/uploads\/2018\/03\/Oldenb\u00fcttel-OHZ.jpg 1148w, http:\/\/dg3of.de\/wp-content\/uploads\/2018\/03\/Oldenb\u00fcttel-OHZ-300x190.jpg 300w, http:\/\/dg3of.de\/wp-content\/uploads\/2018\/03\/Oldenb\u00fcttel-OHZ-768x486.jpg 768w, http:\/\/dg3of.de\/wp-content\/uploads\/2018\/03\/Oldenb\u00fcttel-OHZ-1024x648.jpg 1024w\" sizes=\"auto, (max-width: 1148px) 100vw, 1148px\" \/><\/a><\/p>\n<p>Lageplan<\/p>\n<p><a href=\"http:\/\/nordwind.info\/wp-content\/uploads\/2019\/11\/150275-Bf-Oldenbuettel-EG-Gleisseite.jpg\"><img loading=\"lazy\" decoding=\"async\" class=\"aligncenter size-large wp-image-8201\" src=\"http:\/\/nordwind.info\/wp-content\/uploads\/2019\/11\/150275-Bf-Oldenbuettel-EG-Gleisseite-1024x768.jpg\" alt=\"\" width=\"640\" height=\"480\" \/><\/a><\/p>\n<p>Gleisseite<\/p>\n<p><a href=\"http:\/\/nordwind.info\/wp-content\/uploads\/2019\/11\/150275-Bf-Oldenbuettel-EG-Strassenseite.jpg\"><img loading=\"lazy\" decoding=\"async\" class=\"aligncenter size-large wp-image-8204\" src=\"http:\/\/nordwind.info\/wp-content\/uploads\/2019\/11\/150275-Bf-Oldenbuettel-EG-Strassenseite-1024x768.jpg\" alt=\"\" width=\"640\" height=\"480\" \/><\/a><\/p>\n<p>Stra\u00dfenseite<\/p>\n<ul>\n<li>&lt;&lt;&lt; Osterholz-Scharmbeck<\/li>\n<li>&gt;&gt;&gt; L\u00fcbberstedt<\/li>\n<\/ul>\n<p><a href=\"#\">Seitenanfang<\/a><\/p>\n<p><a href=\"http:\/\/nordwind.info\/wp-content\/uploads\/2018\/03\/sh2schluss.gif\"><img loading=\"lazy\" decoding=\"async\" class=\"aligncenter size-full wp-image-2750\" src=\"http:\/\/nordwind.info\/wp-content\/uploads\/2018\/03\/sh2schluss.gif\" alt=\"\" width=\"45\" height=\"66\" \/><\/a><\/p>\n","protected":false},"excerpt":{"rendered":"<p>Auszug OSM Kartenauszug TK 1:25000 (Reichsamt f\u00fcr Landesvermessung 1945) Lageplan Gleisseite Stra\u00dfenseite &lt;&lt;&lt; Osterholz-Scharmbeck &gt;&gt;&gt; L\u00fcbberstedt Seitenanfang<\/p>\n","protected":false},"author":1,"featured_media":0,"parent":17148,"menu_order":0,"comment_status":"closed","ping_status":"closed","template":"","meta":{"footnotes":""},"class_list":["post-20838","page","type-page","status-publish","hentry"],"_links":{"self":[{"href":"http:\/\/dg3of.de\/index.php?rest_route=\/wp\/v2\/pages\/20838","targetHints":{"allow":["GET"]}}],"collection":[{"href":"http:\/\/dg3of.de\/index.php?rest_route=\/wp\/v2\/pages"}],"about":[{"href":"http:\/\/dg3of.de\/index.php?rest_route=\/wp\/v2\/types\/page"}],"author":[{"embeddable":true,"href":"http:\/\/dg3of.de\/index.php?rest_route=\/wp\/v2\/users\/1"}],"replies":[{"embeddable":true,"href":"http:\/\/dg3of.de\/index.php?rest_route=%2Fwp%2Fv2%2Fcomments&post=20838"}],"version-history":[{"count":3,"href":"http:\/\/dg3of.de\/index.php?rest_route=\/wp\/v2\/pages\/20838\/revisions"}],"predecessor-version":[{"id":20842,"href":"http:\/\/dg3of.de\/index.php?rest_route=\/wp\/v2\/pages\/20838\/revisions\/20842"}],"up":[{"embeddable":true,"href":"http:\/\/dg3of.de\/index.php?rest_route=\/wp\/v2\/pages\/17148"}],"wp:attachment":[{"href":"http:\/\/dg3of.de\/index.php?rest_route=%2Fwp%2Fv2%2Fmedia&parent=20838"}],"curies":[{"name":"wp","href":"https:\/\/api.w.org\/{rel}","templated":true}]}}