

{"id":20834,"date":"2023-02-14T16:42:02","date_gmt":"2023-02-14T14:42:02","guid":{"rendered":"http:\/\/dg3of.de\/?page_id=20834"},"modified":"2023-02-14T16:42:02","modified_gmt":"2023-02-14T14:42:02","slug":"036100-bf-eilvese","status":"publish","type":"page","link":"http:\/\/dg3of.de\/?page_id=20834","title":{"rendered":"036,100 &#8211; Bf Eilvese"},"content":{"rendered":"\n\n\t\t\t\t<div id=\"map_ol3js_1\" class=\"map undefined\" data-map_name=\"undefined\" data-map=\"map_ol3js_1\" style=\"width:100%; max-width:100%; height:450px; display:block; overflow:hidden;border:thin solid;\" >\n\t\t\t\t  <div id=\"map_ol3js_1_popup\" class=\"ol-popup\" >\n\t\t\t\t\t<a href=\"#\" id=\"map_ol3js_1_popup-closer\" class=\"ol-popup-closer\"><\/a>\n\t\t\t\t\t<div id=\"map_ol3js_1_popup-content\" ><\/div>\n\t\t\t\t  <\/div>\n\t\t\t\t<\/div>\n\t\t\t\n\n\t\t\t\t<script type=\"text\/javascript\">\n\t\t\t\t\ttranslations['openlayer'] = \"open layer\";\n\t\t\t\t\ttranslations['openlayerAtStartup'] = \"open layer at startup\";\n\t\t\t\t\ttranslations['generateLink'] = \"Der Link zur Karte mit ausgew\u00e4hlten Overlays und angezeigtem Ausschnitt\";\n\t\t\t\t\ttranslations['shortDescription'] = \"Kurzbeschreibung\";\n\t\t\t\t\ttranslations['generatedShortCode'] = \"to get a text control link paste this code in your wordpress editor\";\n\t\t\t\t\ttranslations['closeLayer'] = \"close layer\";\n\t\t\t\t\ttranslations['cantGenerateLink'] = \"put this string in the existing map short code to control this map\";\n\t\t\t  <\/script>\n\n\n\t\t\t  <script type=\"text\/javascript\">\n\t\t\t  vectorM['map_ol3js_1'] = [];\n\t        \n        var raster = getTileLayer(\"\",\"NoKey\");\t\t\t\n\n\t\t\t  var map_ol3js_1 = new ol.Map({\n\t\t\t\tinteractions: ol.interaction.defaults.defaults({mouseWheelZoom:false}),\n\t\t\t\tlayers: [raster],\n\t\t\t\ttarget: \"map_ol3js_1\",\n\t\t\t\tview: new ol.View({\n\t\t\t\t  center: ol.proj.transform([9.4285,52.5451], \"EPSG:4326\", \"EPSG:3857\"),\n\t\t\t\t  zoom: 13\n\t\t\t\t})\n\t\t\t  });\n\t\t\t  addControls2Map(map_ol3js_1,0,0,3,0,5,6,7,0,1);\nosm_addPopupClickhandler(map_ol3js_1,  \"map_ol3js_1\"); \nosm_addMouseHover(map_ol3js_1); <\/script>\n<p>Auszug OSM<\/p>\n<p><a href=\"http:\/\/nordwind.info\/wp-content\/uploads\/2019\/10\/Neustadt_a_Rbge.jpg\"><img loading=\"lazy\" decoding=\"async\" class=\"alignleft size-large wp-image-6505\" src=\"http:\/\/nordwind.info\/wp-content\/uploads\/2019\/10\/Neustadt_a_Rbge-1010x1024.jpg\" alt=\"\" width=\"640\" height=\"649\" \/><\/a><\/p>\n<p>Kartenauszug TK 1:25000 (Reichsamt f\u00fcr Landesvermessung 1945)<\/p>\n<p>Lageplan<\/p>\n<p><a href=\"http:\/\/nordwind.info\/wp-content\/uploads\/2019\/11\/036190-Bf-Eilvese-7.jpg\"><img loading=\"lazy\" decoding=\"async\" class=\"aligncenter size-large wp-image-8163\" src=\"http:\/\/nordwind.info\/wp-content\/uploads\/2019\/11\/036190-Bf-Eilvese-7-1024x576.jpg\" alt=\"\" width=\"640\" height=\"360\" \/><\/a><\/p>\n<p>Gleisseite<\/p>\n<p><a href=\"http:\/\/nordwind.info\/wp-content\/uploads\/2019\/11\/036190-Bf-Eilvese-9.jpg\"><img loading=\"lazy\" decoding=\"async\" class=\"aligncenter size-large wp-image-8165\" src=\"http:\/\/nordwind.info\/wp-content\/uploads\/2019\/11\/036190-Bf-Eilvese-9-1024x576.jpg\" alt=\"\" width=\"640\" height=\"360\" \/><\/a><\/p>\n<p>Stra\u00dfenseite<\/p>\n<p><a href=\"http:\/\/nordwind.info\/wp-content\/uploads\/2019\/11\/036190-Bf-Eilvese-2.jpg\"><img loading=\"lazy\" decoding=\"async\" class=\"aligncenter size-large wp-image-8158\" src=\"http:\/\/nordwind.info\/wp-content\/uploads\/2019\/11\/036190-Bf-Eilvese-2-1024x576.jpg\" alt=\"\" width=\"640\" height=\"360\" \/><\/a><\/p>\n<p>ehem. Stellwerk<\/p>\n<ul>\n<li>&lt;&lt;&lt; Neustadt am R\u00fcbenberge<\/li>\n<li>&gt;&gt;&gt; Hagen (Han)<\/li>\n<\/ul>\n<p><a href=\"#\">Seitenanfang<\/a><\/p>\n<p><a href=\"http:\/\/nordwind.info\/wp-content\/uploads\/2018\/03\/sh2schluss.gif\"><img loading=\"lazy\" decoding=\"async\" class=\"aligncenter size-full wp-image-2750\" src=\"http:\/\/nordwind.info\/wp-content\/uploads\/2018\/03\/sh2schluss.gif\" alt=\"\" width=\"45\" height=\"66\" \/><\/a><\/p>\n","protected":false},"excerpt":{"rendered":"<p>Auszug OSM Kartenauszug TK 1:25000 (Reichsamt f\u00fcr Landesvermessung 1945) Lageplan Gleisseite Stra\u00dfenseite ehem. Stellwerk &lt;&lt;&lt; Neustadt am R\u00fcbenberge &gt;&gt;&gt; Hagen (Han) Seitenanfang<\/p>\n","protected":false},"author":1,"featured_media":0,"parent":17148,"menu_order":0,"comment_status":"closed","ping_status":"closed","template":"","meta":{"footnotes":""},"class_list":["post-20834","page","type-page","status-publish","hentry"],"_links":{"self":[{"href":"http:\/\/dg3of.de\/index.php?rest_route=\/wp\/v2\/pages\/20834","targetHints":{"allow":["GET"]}}],"collection":[{"href":"http:\/\/dg3of.de\/index.php?rest_route=\/wp\/v2\/pages"}],"about":[{"href":"http:\/\/dg3of.de\/index.php?rest_route=\/wp\/v2\/types\/page"}],"author":[{"embeddable":true,"href":"http:\/\/dg3of.de\/index.php?rest_route=\/wp\/v2\/users\/1"}],"replies":[{"embeddable":true,"href":"http:\/\/dg3of.de\/index.php?rest_route=%2Fwp%2Fv2%2Fcomments&post=20834"}],"version-history":[{"count":1,"href":"http:\/\/dg3of.de\/index.php?rest_route=\/wp\/v2\/pages\/20834\/revisions"}],"predecessor-version":[{"id":20835,"href":"http:\/\/dg3of.de\/index.php?rest_route=\/wp\/v2\/pages\/20834\/revisions\/20835"}],"up":[{"embeddable":true,"href":"http:\/\/dg3of.de\/index.php?rest_route=\/wp\/v2\/pages\/17148"}],"wp:attachment":[{"href":"http:\/\/dg3of.de\/index.php?rest_route=%2Fwp%2Fv2%2Fmedia&parent=20834"}],"curies":[{"name":"wp","href":"https:\/\/api.w.org\/{rel}","templated":true}]}}