

{"id":20706,"date":"2023-02-13T10:24:05","date_gmt":"2023-02-13T08:24:05","guid":{"rendered":"http:\/\/dg3of.de\/?page_id=20706"},"modified":"2023-02-13T10:28:10","modified_gmt":"2023-02-13T08:28:10","slug":"106800-bf-waffensen","status":"publish","type":"page","link":"http:\/\/dg3of.de\/?page_id=20706","title":{"rendered":"106,800 &#8211; Bf Waffensen"},"content":{"rendered":"<div id=\"ShortCode_Div\">\n\n\t\t\t\t<div id=\"map_ol3js_1\" class=\"map undefined\" data-map_name=\"undefined\" data-map=\"map_ol3js_1\" style=\"width:100%; max-width:100%; height:450px; display:block; overflow:hidden;border:2px solid grey;\" >\n\t\t\t\t  <div id=\"map_ol3js_1_popup\" class=\"ol-popup\" >\n\t\t\t\t\t<a href=\"#\" id=\"map_ol3js_1_popup-closer\" class=\"ol-popup-closer\"><\/a>\n\t\t\t\t\t<div id=\"map_ol3js_1_popup-content\" ><\/div>\n\t\t\t\t  <\/div>\n\t\t\t\t<\/div>\n\t\t\t\n\n\t\t\t\t<script type=\"text\/javascript\">\n\t\t\t\t\ttranslations['openlayer'] = \"open layer\";\n\t\t\t\t\ttranslations['openlayerAtStartup'] = \"open layer at startup\";\n\t\t\t\t\ttranslations['generateLink'] = \"Der Link zur Karte mit ausgew\u00e4hlten Overlays und angezeigtem Ausschnitt\";\n\t\t\t\t\ttranslations['shortDescription'] = \"Kurzbeschreibung\";\n\t\t\t\t\ttranslations['generatedShortCode'] = \"to get a text control link paste this code in your wordpress editor\";\n\t\t\t\t\ttranslations['closeLayer'] = \"close layer\";\n\t\t\t\t\ttranslations['cantGenerateLink'] = \"put this string in the existing map short code to control this map\";\n\t\t\t  <\/script>\n\n\n\t\t\t  <script type=\"text\/javascript\">\n\t\t\t  vectorM['map_ol3js_1'] = [];\n\t        \n        var raster = getTileLayer(\"osm\",\"NoKey\");\t\t\t\n\n\t\t\t  var map_ol3js_1 = new ol.Map({\n\t\t\t\tinteractions: ol.interaction.defaults.defaults({mouseWheelZoom:false}),\n\t\t\t\tlayers: [raster],\n\t\t\t\ttarget: \"map_ol3js_1\",\n\t\t\t\tview: new ol.View({\n\t\t\t\t  center: ol.proj.transform([9.3265,53.1238], \"EPSG:4326\", \"EPSG:3857\"),\n\t\t\t\t  zoom: 14.0\n\t\t\t\t})\n\t\t\t  });\n\t\t\t  osm_addMarkerLayer(map_ol3js_1,9.3245,53.1243,\"http:\/\/dg3of.de\/wp-content\/plugins\/osm\/icons\/mic_red_pinother_02.png\",-16,-41,\"<p><\/p>\") ; \naddControls2Map(map_ol3js_1,0,0,3,0,5,6,7,1,1);\nosm_addPopupClickhandler(map_ol3js_1,  \"map_ol3js_1\"); \nosm_addMouseHover(map_ol3js_1); <\/script><\/div>\n<p>Auszug OSM<\/p>\n<p>&nbsp;<\/p>\n<p>Kartenauszug TK 1:25000 (Reichsamt f\u00fcr Landesvermessung 1945)<\/p>\n<p>Lageplan<\/p>\n<p><a href=\"http:\/\/dg3of.de\/wp-content\/uploads\/2023\/02\/106840-Bf-Waffensen-01.jpg\"><img loading=\"lazy\" decoding=\"async\" class=\"alignnone size-full wp-image-20707\" src=\"http:\/\/dg3of.de\/wp-content\/uploads\/2023\/02\/106840-Bf-Waffensen-01.jpg\" alt=\"\" width=\"1280\" height=\"960\" srcset=\"http:\/\/dg3of.de\/wp-content\/uploads\/2023\/02\/106840-Bf-Waffensen-01.jpg 1280w, http:\/\/dg3of.de\/wp-content\/uploads\/2023\/02\/106840-Bf-Waffensen-01-300x225.jpg 300w, http:\/\/dg3of.de\/wp-content\/uploads\/2023\/02\/106840-Bf-Waffensen-01-1024x768.jpg 1024w, http:\/\/dg3of.de\/wp-content\/uploads\/2023\/02\/106840-Bf-Waffensen-01-768x576.jpg 768w\" sizes=\"auto, (max-width: 1280px) 100vw, 1280px\" \/><\/a><\/p>\n<p><a href=\"http:\/\/dg3of.de\/wp-content\/uploads\/2023\/02\/106840-Bf-Waffensen-02.jpg\"><img loading=\"lazy\" decoding=\"async\" class=\"alignnone size-full wp-image-20710\" src=\"http:\/\/dg3of.de\/wp-content\/uploads\/2023\/02\/106840-Bf-Waffensen-02.jpg\" alt=\"\" width=\"1280\" height=\"960\" srcset=\"http:\/\/dg3of.de\/wp-content\/uploads\/2023\/02\/106840-Bf-Waffensen-02.jpg 1280w, http:\/\/dg3of.de\/wp-content\/uploads\/2023\/02\/106840-Bf-Waffensen-02-300x225.jpg 300w, http:\/\/dg3of.de\/wp-content\/uploads\/2023\/02\/106840-Bf-Waffensen-02-1024x768.jpg 1024w, http:\/\/dg3of.de\/wp-content\/uploads\/2023\/02\/106840-Bf-Waffensen-02-768x576.jpg 768w\" sizes=\"auto, (max-width: 1280px) 100vw, 1280px\" \/><\/a><\/p>\n<p>Gleisseite<\/p>\n<p><a href=\"http:\/\/dg3of.de\/wp-content\/uploads\/2023\/02\/106840-Bf-Waffensen-05.jpg\"><img loading=\"lazy\" decoding=\"async\" class=\"alignnone size-full wp-image-20708\" src=\"http:\/\/dg3of.de\/wp-content\/uploads\/2023\/02\/106840-Bf-Waffensen-05.jpg\" alt=\"\" width=\"1280\" height=\"960\" srcset=\"http:\/\/dg3of.de\/wp-content\/uploads\/2023\/02\/106840-Bf-Waffensen-05.jpg 1280w, http:\/\/dg3of.de\/wp-content\/uploads\/2023\/02\/106840-Bf-Waffensen-05-300x225.jpg 300w, http:\/\/dg3of.de\/wp-content\/uploads\/2023\/02\/106840-Bf-Waffensen-05-1024x768.jpg 1024w, http:\/\/dg3of.de\/wp-content\/uploads\/2023\/02\/106840-Bf-Waffensen-05-768x576.jpg 768w\" sizes=\"auto, (max-width: 1280px) 100vw, 1280px\" \/><\/a><\/p>\n<p>Stra\u00dfenseite<\/p>\n<p><a href=\"http:\/\/dg3of.de\/wp-content\/uploads\/2023\/02\/106840-Bf-Waffensen-04.jpg\"><img loading=\"lazy\" decoding=\"async\" class=\"alignnone size-full wp-image-20709\" src=\"http:\/\/dg3of.de\/wp-content\/uploads\/2023\/02\/106840-Bf-Waffensen-04.jpg\" alt=\"\" width=\"1280\" height=\"960\" srcset=\"http:\/\/dg3of.de\/wp-content\/uploads\/2023\/02\/106840-Bf-Waffensen-04.jpg 1280w, http:\/\/dg3of.de\/wp-content\/uploads\/2023\/02\/106840-Bf-Waffensen-04-300x225.jpg 300w, http:\/\/dg3of.de\/wp-content\/uploads\/2023\/02\/106840-Bf-Waffensen-04-1024x768.jpg 1024w, http:\/\/dg3of.de\/wp-content\/uploads\/2023\/02\/106840-Bf-Waffensen-04-768x576.jpg 768w\" sizes=\"auto, (max-width: 1280px) 100vw, 1280px\" \/><\/a><\/p>\n<p>Nebengeb\u00e4ude<\/p>\n<p>&nbsp;<\/p>\n<ul>\n<li>&lt;&lt;&lt; <a href=\"http:\/\/dg3of.de\/?page_id=20588\">Rotenburg (W\u00fcmme)<\/a><\/li>\n<li>&gt;&gt;&gt; B\u00f6tersen<\/li>\n<\/ul>\n<p><a href=\"#\">Seitenanfang<\/a><\/p>\n<p><a href=\"http:\/\/nordwind.info\/wp-content\/uploads\/2018\/03\/sh2schluss.gif\"><img loading=\"lazy\" decoding=\"async\" class=\"aligncenter size-full wp-image-2750\" src=\"http:\/\/nordwind.info\/wp-content\/uploads\/2018\/03\/sh2schluss.gif\" alt=\"\" width=\"45\" height=\"66\" \/><\/a><\/p>\n","protected":false},"excerpt":{"rendered":"<p>Auszug OSM &nbsp; Kartenauszug TK 1:25000 (Reichsamt f\u00fcr Landesvermessung 1945) Lageplan Gleisseite Stra\u00dfenseite Nebengeb\u00e4ude &nbsp; &lt;&lt;&lt; Rotenburg (W\u00fcmme) &gt;&gt;&gt; B\u00f6tersen Seitenanfang<\/p>\n","protected":false},"author":1,"featured_media":0,"parent":17144,"menu_order":0,"comment_status":"closed","ping_status":"closed","template":"","meta":{"footnotes":""},"class_list":["post-20706","page","type-page","status-publish","hentry"],"_links":{"self":[{"href":"http:\/\/dg3of.de\/index.php?rest_route=\/wp\/v2\/pages\/20706","targetHints":{"allow":["GET"]}}],"collection":[{"href":"http:\/\/dg3of.de\/index.php?rest_route=\/wp\/v2\/pages"}],"about":[{"href":"http:\/\/dg3of.de\/index.php?rest_route=\/wp\/v2\/types\/page"}],"author":[{"embeddable":true,"href":"http:\/\/dg3of.de\/index.php?rest_route=\/wp\/v2\/users\/1"}],"replies":[{"embeddable":true,"href":"http:\/\/dg3of.de\/index.php?rest_route=%2Fwp%2Fv2%2Fcomments&post=20706"}],"version-history":[{"count":2,"href":"http:\/\/dg3of.de\/index.php?rest_route=\/wp\/v2\/pages\/20706\/revisions"}],"predecessor-version":[{"id":20712,"href":"http:\/\/dg3of.de\/index.php?rest_route=\/wp\/v2\/pages\/20706\/revisions\/20712"}],"up":[{"embeddable":true,"href":"http:\/\/dg3of.de\/index.php?rest_route=\/wp\/v2\/pages\/17144"}],"wp:attachment":[{"href":"http:\/\/dg3of.de\/index.php?rest_route=%2Fwp%2Fv2%2Fmedia&parent=20706"}],"curies":[{"name":"wp","href":"https:\/\/api.w.org\/{rel}","templated":true}]}}